{"id":2572,"date":"2020-07-06T13:46:33","date_gmt":"2020-07-06T13:46:33","guid":{"rendered":"https:\/\/mca-software.fr\/politica-di-confidenzialita\/"},"modified":"2026-03-30T08:34:08","modified_gmt":"2026-03-30T06:34:08","slug":"politica-di-confidenzialita","status":"publish","type":"page","link":"https:\/\/mca-software.fr\/it\/politica-di-confidenzialita\/","title":{"rendered":"Politica di confidenzialit\u00e0"},"content":{"rendered":"\n<div class=\"et_pb_section_0 et_pb_section et_section_regular et_block_section\"><div class=\"et_pb_row_0 et_pb_row et_block_row\"><div class=\"et_pb_column_0 et_pb_column et_pb_column_4_4 et-last-child et_block_column et_pb_css_mix_blend_mode_passthrough\"><div class=\"et_pb_text_0 et_pb_text et_pb_bg_layout_light et_pb_module et_block_module preset--module--divi-text--75a373b3-a752-4305-81e8-535fbf8079d6\"><div class=\"et_pb_text_inner\"><h1>Nostra politica di confidenzialit\u00e0<\/h1>\n<p>&nbsp;<\/p>\n<h2>Raccolta di informazioni<\/h2>\n<h3>Informazioni personali<\/h3>\n<p>Raccogliamo informazioni quando ti iscrivi al nostro sito, quando accedi al tuo account, o quando fai un acquisto. Le informazioni raccolte includono nome e cognome, indirizzo, indirizzo e-mail, numero di telefono (se fornito).<\/p>\n<h3>Informazioni di navigazione<\/h3>\n<p>Inoltre, riceviamo e memorizziamo automaticamente le informazioni dal tuo computer e browser. Come l'indirizzo IP, il software, l'hardware e la pagina che si richiede.<\/p>\n<h3>Google Analytics et Search Console<\/h3>\n<p>Utilizziamo Google Analytics et Search Console, dei servizi d'analisi del trafic web sul nostro sico ci sono dei componenti di Google Inc, per ottimizzare la nostra pagina web. questi servizzi utilizzano la tecnologia dei cookies.<\/p>\n<p>Ci servono per raccogliere e analizzare i dati sul comportamento dei visitatori, come i dati sul sito da cui proviene il visitatore, la durata della visita e le pagine visitate e in che modo.<\/p>\n<p>Per ulteriori informazioni sui servizi di Google vi proponiamo di seguire questi link:<br \/><a href=\"https:\/\/marketingplatform.google.com\/about\/analytics\/terms\/fr\" style=\"color: dodgerblue;\">Termini di Google Analytics<\/a><br \/><a href=\"https:\/\/marketingplatform.google.com\/about\/analytics\" style=\"color: dodgerblue;\">Informazioni su Google Analytics<\/a><br \/><a href=\"https:\/\/policies.google.com\/privacy?hl=fr\" style=\"color: dodgerblue;\">Informativa sulla privacy di Google<\/a><\/p>\n<h2>Utilizzo delle informazioni<\/h2>\n<p>Tutte le informazioni che raccogliamo da voi possono essere utilizzate per:<br \/>- Personalizzare la vostra esperienza e soddisfare le vostre esigenze individuali<br \/>- Fornire contenuti pubblicitari personalizzati<br \/>- Migliorare il nostro sito<br \/>- Migliorare il servizio clienti e le vostre esigenze di assistenza<br \/>- Contattarvi via e-mail<br \/>- Gestione di un concorso, di una promozione o di un sondaggio<\/p>\n<h2>Confidenzialit\u00e0 del commercio in linea<\/h2>\n<p>Noi siamo i soli proprietari delle informazioni raccolte sul sito I tuoi dati personali non saranno venduti, scambiati, trasferiti o dati ad un'altra societ\u00e0 per qualsiasi motivo, senza il tuo consenso, a parte quanto \u00e8 necessario per soddisfare una richiesta e\/ o transazione, come ad esempio per spedire un ordine.<\/p>\n<h2>Divulgazione a dei terzi<\/h2>\n<p>Non vendiamo, scambiamo o trasferiamo le tue informazioni personali a terzi. Ci\u00f2 non include terze parti di fiducia che ci aiutano a gestire il nostro sito web o a condurre i nostri affari, a condizione che tali parti convengano di mantenere tali informazioni riservate.<\/p>\n<p>Riteniamo che sia necessario condividere le informazioni al fine di indagare, prevenire o adottare misure relative ad attivit\u00e0 illegali, frodi presunte, situazioni che comportano potenziali minacce alla sicurezza fisica di qualsiasi persona, violazioni dei nostri termini di utilizzo, o quando la legge ci obbliga.<\/p>\n<p>Le informazioni non private, tuttavia, possono essere fornite ad altre parti per il marketing, la pubblicit\u00e0, o altri usi.<\/p>\n<h2>Protezione delle informazioni<\/h2>\n<h3>Sicurezza<\/h3>\n<p>Applichiamo una variet\u00e0 di misure di sicurezza per preservare la sicurezza delle tue informazioni personali. Utilizziamo una crittografia all'avanguardia per proteggere le informazioni sensibili trasmesse online. Proteggiamo anche le tue informazioni offline. Solo i dipendenti che hanno bisogno di svolgere un lavoro specifico (ad esempio, la fatturazione o il servizio clienti) hanno accesso alle informazioni personali identificabili. I computer e i server utilizzati per memorizzare informazioni personali identificabili sono conservati in un ambiente sicuro.<\/p>\n<h3>Cookies<\/h3>\n<p>I nostri cookie migliorano l'accesso al nostro sito e identificano i visitatori abituali. Inoltre, i nostri cookie migliorano l'esperienza dell'utente grazie al monitoraggio e alla focalizzazione dei suoi interessi. En outre, nos cookies am\u00e9liorent l 'exp\u00e9rience utilisateur gr\u00e2ce au suivi et \u00e0 la focalisation de ses int\u00e9r\u00eats.<\/p>\n<h2>Disdire abbonamento<\/h2>\n<p>Utilizziamo l'indirizzo e-mail che fornisci per inviarti informazioni e aggiornamenti relativi al tuo ordine, notizie aziendali occasionali, informazioni su prodotti correlati, ecc. Se in qualsiasi momento desideri annullare l'iscrizione e non ricevere pi\u00f9 e-mail, nella parte inferiore di ogni e-mail sono incluse istruzioni dettagliate di annullamento dell'iscrizione.<\/p>\n<h2>Acconsento<\/h2>\n<p><b>Utilizzando il nostro sito, acconsenti tacitamente alla nostra politica sulla privacy.<\/b><\/p>\n<h2>Contatti<\/h2>\n<p>Se desiderate un'informazione o inviarci un'osservazione potete semplicemente utilizzare il modulo di contatto del sito (o quello del sito di <a href=\"https:\/\/mca-software.fr\/#contact\" style=\"color: dodgerblue;\">mca-software.fr<\/a>, sito dell'impresa), contattarci via mail all'indirizzo <a href=\"mailto:info@mca-concept.com\" style=\"color: dodgerblue;\">info@mca-concept.com<\/a> oppure per posta al seguente indirizzo:<\/p>\n<p>MCA-Concept, Rue Basse 33, Case postale 175, 2013 Colombier\/NE<\/p>\n<\/div><\/div><\/div><\/div><\/div>\n","protected":false},"excerpt":{"rendered":"","protected":false},"author":3,"featured_media":0,"parent":0,"menu_order":0,"comment_status":"closed","ping_status":"closed","template":"","meta":{"content-type":"","inline_featured_image":false,"_price":"","_stock":"","_tribe_ticket_header":"","_tribe_default_ticket_provider":"","_tribe_ticket_capacity":"0","_ticket_start_date":"","_ticket_end_date":"","_tribe_ticket_show_description":"","_tribe_ticket_show_not_going":false,"_tribe_ticket_use_global_stock":"","_tribe_ticket_global_stock_level":"","_global_stock_mode":"","_global_stock_cap":"","_tribe_rsvp_for_event":"","_tribe_ticket_going_count":"","_tribe_ticket_not_going_count":"","_tribe_tickets_list":"[]","_tribe_ticket_has_attendee_info_fields":false,"_EventAllDay":false,"_EventTimezone":"","_EventStartDate":"","_EventEndDate":"","_EventStartDateUTC":"","_EventEndDateUTC":"","_EventShowMap":false,"_EventShowMapLink":false,"_EventURL":"","_EventCost":"","_EventCostDescription":"","_EventCurrencySymbol":"","_EventCurrencyCode":"","_EventCurrencyPosition":"","_EventDateTimeSeparator":"","_EventTimeRangeSeparator":"","_EventOrganizerID":[],"_EventVenueID":[],"_OrganizerEmail":"","_OrganizerPhone":"","_OrganizerWebsite":"","_VenueAddress":"","_VenueCity":"","_VenueCountry":"","_VenueProvince":"","_VenueState":"","_VenueZip":"","_VenuePhone":"","_VenueURL":"","_VenueStateProvince":"","_VenueLat":"","_VenueLng":"","_VenueShowMap":false,"_VenueShowMapLink":false,"footnotes":"","_tec_slr_enabled":"","_tec_slr_layout":""},"class_list":["post-2572","page","type-page","status-publish","hentry"],"yoast_head":"<!-- This site is optimized with the Yoast SEO Premium plugin v26.1 (Yoast SEO v27.2) - https:\/\/yoast.com\/product\/yoast-seo-premium-wordpress\/ -->\n<title>La nostra politica sulla privacy | MCA Concept | Svizzera<\/title>\n<meta name=\"description\" content=\"Se vuoi saperne di pi\u00f9 sulla nostra politica sulla privacy, questa pagina \u00e8 per te!\" \/>\n<meta name=\"robots\" content=\"index, nofollow, max-snippet:-1, max-image-preview:large, max-video-preview:-1\" \/>\n<link rel=\"canonical\" href=\"https:\/\/mca-software.fr\/it\/politica-di-confidenzialita\/\" \/>\n<meta property=\"og:locale\" content=\"it_IT\" \/>\n<meta property=\"og:type\" content=\"article\" \/>\n<meta property=\"og:title\" content=\"Politica di confidenzialit\u00e0\" \/>\n<meta property=\"og:description\" content=\"Se vuoi saperne di pi\u00f9 sulla nostra politica sulla privacy, questa pagina \u00e8 per te!\" \/>\n<meta property=\"og:url\" content=\"https:\/\/mca-software.fr\/it\/politica-di-confidenzialita\/\" \/>\n<meta property=\"og:site_name\" content=\"MCA Concept\" \/>\n<meta property=\"article:publisher\" content=\"https:\/\/www.facebook.com\/mcaconcept\/\" \/>\n<meta property=\"article:modified_time\" content=\"2026-03-30T06:34:08+00:00\" \/>\n<meta name=\"twitter:card\" content=\"summary_large_image\" \/>\n<meta name=\"twitter:site\" content=\"@McaConcept\" \/>\n<script type=\"application\/ld+json\" class=\"yoast-schema-graph\">{\"@context\":\"https:\/\/schema.org\",\"@graph\":[{\"@type\":\"WebPage\",\"@id\":\"https:\/\/mca-software.fr\/it\/politica-di-confidenzialita\/\",\"url\":\"https:\/\/mca-software.fr\/it\/politica-di-confidenzialita\/\",\"name\":\"La nostra politica sulla privacy | MCA Concept | Svizzera\",\"isPartOf\":{\"@id\":\"https:\/\/mca-software.fr\/it\/#website\"},\"datePublished\":\"2020-07-06T13:46:33+00:00\",\"dateModified\":\"2026-03-30T06:34:08+00:00\",\"description\":\"Se vuoi saperne di pi\u00f9 sulla nostra politica sulla privacy, questa pagina \u00e8 per te!\",\"breadcrumb\":{\"@id\":\"https:\/\/mca-software.fr\/it\/politica-di-confidenzialita\/#breadcrumb\"},\"inLanguage\":\"it-IT\",\"potentialAction\":[{\"@type\":\"ReadAction\",\"target\":[\"https:\/\/mca-software.fr\/it\/politica-di-confidenzialita\/\"]}]},{\"@type\":\"BreadcrumbList\",\"@id\":\"https:\/\/mca-software.fr\/it\/politica-di-confidenzialita\/#breadcrumb\",\"itemListElement\":[{\"@type\":\"ListItem\",\"position\":1,\"name\":\"Home\",\"item\":\"https:\/\/mca-software.fr\/it\/nuova-casa\/\"},{\"@type\":\"ListItem\",\"position\":2,\"name\":\"Politica di confidenzialit\u00e0\"}]},{\"@type\":\"WebSite\",\"@id\":\"https:\/\/mca-software.fr\/it\/#website\",\"url\":\"https:\/\/mca-software.fr\/it\/\",\"name\":\"MCA Concept\",\"description\":\"Solutions de gestion d&#039;entreprise ERP-CRM-CMS\",\"potentialAction\":[{\"@type\":\"SearchAction\",\"target\":{\"@type\":\"EntryPoint\",\"urlTemplate\":\"https:\/\/mca-software.fr\/it\/?s={search_term_string}\"},\"query-input\":{\"@type\":\"PropertyValueSpecification\",\"valueRequired\":true,\"valueName\":\"search_term_string\"}}],\"inLanguage\":\"it-IT\"}]}<\/script>\n<!-- \/ Yoast SEO Premium plugin. -->","yoast_head_json":{"title":"La nostra politica sulla privacy | MCA Concept | Svizzera","description":"Se vuoi saperne di pi\u00f9 sulla nostra politica sulla privacy, questa pagina \u00e8 per te!","robots":{"index":"index","follow":"nofollow","max-snippet":"max-snippet:-1","max-image-preview":"max-image-preview:large","max-video-preview":"max-video-preview:-1"},"canonical":"https:\/\/mca-software.fr\/it\/politica-di-confidenzialita\/","og_locale":"it_IT","og_type":"article","og_title":"Politica di confidenzialit\u00e0","og_description":"Se vuoi saperne di pi\u00f9 sulla nostra politica sulla privacy, questa pagina \u00e8 per te!","og_url":"https:\/\/mca-software.fr\/it\/politica-di-confidenzialita\/","og_site_name":"MCA Concept","article_publisher":"https:\/\/www.facebook.com\/mcaconcept\/","article_modified_time":"2026-03-30T06:34:08+00:00","twitter_card":"summary_large_image","twitter_site":"@McaConcept","schema":{"@context":"https:\/\/schema.org","@graph":[{"@type":"WebPage","@id":"https:\/\/mca-software.fr\/it\/politica-di-confidenzialita\/","url":"https:\/\/mca-software.fr\/it\/politica-di-confidenzialita\/","name":"La nostra politica sulla privacy | MCA Concept | Svizzera","isPartOf":{"@id":"https:\/\/mca-software.fr\/it\/#website"},"datePublished":"2020-07-06T13:46:33+00:00","dateModified":"2026-03-30T06:34:08+00:00","description":"Se vuoi saperne di pi\u00f9 sulla nostra politica sulla privacy, questa pagina \u00e8 per te!","breadcrumb":{"@id":"https:\/\/mca-software.fr\/it\/politica-di-confidenzialita\/#breadcrumb"},"inLanguage":"it-IT","potentialAction":[{"@type":"ReadAction","target":["https:\/\/mca-software.fr\/it\/politica-di-confidenzialita\/"]}]},{"@type":"BreadcrumbList","@id":"https:\/\/mca-software.fr\/it\/politica-di-confidenzialita\/#breadcrumb","itemListElement":[{"@type":"ListItem","position":1,"name":"Home","item":"https:\/\/mca-software.fr\/it\/nuova-casa\/"},{"@type":"ListItem","position":2,"name":"Politica di confidenzialit\u00e0"}]},{"@type":"WebSite","@id":"https:\/\/mca-software.fr\/it\/#website","url":"https:\/\/mca-software.fr\/it\/","name":"MCA Concept","description":"Solutions de gestion d&#039;entreprise ERP-CRM-CMS","potentialAction":[{"@type":"SearchAction","target":{"@type":"EntryPoint","urlTemplate":"https:\/\/mca-software.fr\/it\/?s={search_term_string}"},"query-input":{"@type":"PropertyValueSpecification","valueRequired":true,"valueName":"search_term_string"}}],"inLanguage":"it-IT"}]}},"ticketed":false,"_links":{"self":[{"href":"https:\/\/mca-software.fr\/it\/wp-json\/wp\/v2\/pages\/2572","targetHints":{"allow":["GET"]}}],"collection":[{"href":"https:\/\/mca-software.fr\/it\/wp-json\/wp\/v2\/pages"}],"about":[{"href":"https:\/\/mca-software.fr\/it\/wp-json\/wp\/v2\/types\/page"}],"author":[{"embeddable":true,"href":"https:\/\/mca-software.fr\/it\/wp-json\/wp\/v2\/users\/3"}],"replies":[{"embeddable":true,"href":"https:\/\/mca-software.fr\/it\/wp-json\/wp\/v2\/comments?post=2572"}],"version-history":[{"count":18,"href":"https:\/\/mca-software.fr\/it\/wp-json\/wp\/v2\/pages\/2572\/revisions"}],"predecessor-version":[{"id":83686,"href":"https:\/\/mca-software.fr\/it\/wp-json\/wp\/v2\/pages\/2572\/revisions\/83686"}],"wp:attachment":[{"href":"https:\/\/mca-software.fr\/it\/wp-json\/wp\/v2\/media?parent=2572"}],"curies":[{"name":"wp","href":"https:\/\/api.w.org\/{rel}","templated":true}]}}