{"id":18255,"date":"2021-10-14T13:54:47","date_gmt":"2021-10-14T12:54:47","guid":{"rendered":"https:\/\/mca-software.fr\/le-funzionalita\/qr-fattura\/"},"modified":"2026-03-30T10:52:58","modified_gmt":"2026-03-30T08:52:58","slug":"qr-fattura","status":"publish","type":"page","link":"https:\/\/mca-software.fr\/it\/le-funzionalita\/qr-fattura\/","title":{"rendered":"QR-Fattura"},"content":{"rendered":"<div class=\"et_pb_section_0 et_pb_section et_section_regular et_block_section\">\n<div class=\"et_pb_row_0 et_pb_row et_block_row\">\n<div class=\"et_pb_column_0 et_pb_column et_pb_column_4_4 et-last-child et_block_column et_pb_css_mix_blend_mode_passthrough\">\n<div class=\"et_pb_text_0 et_pb_text et_pb_bg_layout_light et_pb_module et_block_module preset--module--divi-text--75a373b3-a752-4305-81e8-535fbf8079d6\"><div class=\"et_pb_text_inner\"><h1>Fattura QR all'interno di MCA Kale<\/h1>\n<\/div><\/div>\n\n<div class=\"et_pb_image_0 et_pb_image et_pb_module et_block_module\"><span class=\"et_pb_image_wrap\"><img decoding=\"async\" src=\"https:\/\/mca-software.fr\/wordpress\/wp-content\/uploads\/2021\/12\/illustration-entete-qr-facture-mca-kale.png\" width=\"1079\" height=\"348\" srcset=\"https:\/\/mca-software.fr\/wordpress\/wp-content\/uploads\/2021\/12\/illustration-entete-qr-facture-mca-kale.png 1079w, https:\/\/mca-software.fr\/wordpress\/wp-content\/uploads\/2021\/12\/illustration-entete-qr-facture-mca-kale-980x316.png 980w, https:\/\/mca-software.fr\/wordpress\/wp-content\/uploads\/2021\/12\/illustration-entete-qr-facture-mca-kale-480x155.png 480w\" sizes=\"(min-width: 0px) and (max-width: 480px) 480px, (min-width: 481px) and (max-width: 980px) 980px, (min-width: 981px) 1079px, 100vw\" class=\"wp-image-26309\" title=\"Illustrazione dell&#039;intestazione fattura QR\" alt=\"Illustrazione dell&#039;intestazione della funzionalit\u00e0 di fattura QR di MCA-Kale\" \/><\/span><\/div>\n<\/div>\n<\/div>\n<\/div>\n\n<div class=\"et_pb_section_1 et_pb_section et_section_regular et_block_section\">\n<div class=\"et_pb_row_1 et_pb_row et_block_row\">\n<div class=\"et_pb_column_1 et_pb_column et_pb_column_1_2 et_block_column et_pb_css_mix_blend_mode_passthrough\">\n<div class=\"et_pb_text_1 et_pb_text et_pb_bg_layout_light et_pb_module et_block_module preset--module--divi-text--75a373b3-a752-4305-81e8-535fbf8079d6\"><div class=\"et_pb_text_inner\"><h2>Niente pi\u00f9 polizze di pagamento rosse e arancioni dal 30 settembre 2022?<\/h2>\n<\/div><\/div>\n\n<div class=\"et_pb_text_2 et_pb_text et_pb_bg_layout_light et_pb_module et_block_module preset--module--divi-text--75a373b3-a752-4305-81e8-535fbf8079d6\"><div class=\"et_pb_text_inner\"><p>I pagamenti vengono ora effettuati tramite codice QR. Il QR-bill \u00e8 stato introdotto il 30 giugno 2020 per armonizzare e digitalizzare il traffico dei pagamenti. Segue l'implementazione dello standard <a href=\"https:\/\/mca-software.fr\/les-fonctionnalites\/webservice\/#ISO20022\" target=\"\u201d_blank\u201d\" rel=\"noopener\">ISO 20022<\/a> nel 2018 e sostituisce gli attuali bollettini di pagamento rossi (BV) e arancioni (BVR). La fattura QR ha un codice QR svizzero che contiene tutte le informazioni necessarie per il pagamento. I dati importanti sono anche inclusi in forma scritta.<br \/>Basta scansionare il codice QR sulla fattura, una sorta di codice a barre bidimensionale, e cliccare per attivare un pagamento. Non c'\u00e8 bisogno di inserire informazioni e riferimenti, quindi il pagamento \u00e8 pi\u00f9 veloce e senza errori. Il QR-fattura facilita cos\u00ec la gestione delle fatture e dei trasferimenti.<br \/>Se durante il periodo transitorio era ancora possibile utilizzare i bollettini di pagamento rossi e arancioni insieme alla QR-bill, questi scompariranno definitivamente il 30 settembre 2022. Ci\u00f2 rende la fatturazione QR un requisito federale per tutti i rapporti commerciali.<br \/>La migrazione alla fatturazione QR garantisce alle aziende di essere in linea con i cambiamenti economici.<\/p>\n<\/div><\/div>\n<\/div>\n\n<div class=\"et_pb_column_2 et_pb_column et_pb_column_1_2 et-last-child et_block_column et_pb_css_mix_blend_mode_passthrough\">\n<div class=\"et_pb_text_3 et_pb_text et_pb_bg_layout_light et_pb_module et_block_module preset--module--divi-text--75a373b3-a752-4305-81e8-535fbf8079d6\"><div class=\"et_pb_text_inner\"><h2>Sfida: evolvere nell'amministrazione<\/h2>\n<\/div><\/div>\n\n<div class=\"et_pb_text_4 et_pb_text et_pb_bg_layout_light et_pb_module et_block_module preset--module--divi-text--75a373b3-a752-4305-81e8-535fbf8079d6\"><div class=\"et_pb_text_inner\"><ul>\n<li>Stima del volume di lavoro<\/li>\n<li>Come riorganizzare l'amministrazione in modo da evitare di cadere in soluzioni di gesso<\/li>\n<li>Valutazione del prezzo<\/li>\n<\/ul>\n<\/div><\/div>\n\n<div class=\"et_pb_text_5 et_pb_text et_pb_bg_layout_light et_pb_module et_block_module preset--module--divi-text--75a373b3-a752-4305-81e8-535fbf8079d6\"><div class=\"et_pb_text_inner\"><h2>Le domande giuste a porsi :<\/h2>\n<\/div><\/div>\n\n<div class=\"et_pb_text_6 et_pb_text et_pb_bg_layout_light et_pb_module et_block_module preset--module--divi-text--75a373b3-a752-4305-81e8-535fbf8079d6\"><div class=\"et_pb_text_inner\"><p>Vuoi passare alla fatturazione QR ora? MCA Concept, un partner che vi aiuta a stabilire un'agenda nelle diverse fasi della trasformazione digitale.<\/p>\n<\/div><\/div>\n\n<div class=\"et_pb_text_7 et_pb_text et_pb_bg_layout_light et_pb_module et_block_module preset--module--divi-text--75a373b3-a752-4305-81e8-535fbf8079d6\"><div class=\"et_pb_text_inner\"><h2>Solution<\/h2>\n<\/div><\/div>\n\n<div class=\"et_pb_text_8 et_pb_text et_pb_bg_layout_light et_pb_module et_block_module preset--module--divi-text--75a373b3-a752-4305-81e8-535fbf8079d6\"><div class=\"et_pb_text_inner\"><p>MCA Concept ha sviluppato il software di gestione MCA Kale, un insieme di moduli che vi offrono la possibilit\u00e0 di utilizzare le ultime tecnologie come :<\/p>\n<ul>\n<li><strong><span style=\"color: #ff0000;\"><a href=\"https:\/\/mca-software.fr\/les-fonctionnalites\/e-facture\/\" target=\"\u201d_blank\u201d\" rel=\"noopener\" style=\"color: #ff0000;\">E-fattura<\/a><\/span><\/strong><\/li>\n<li>QR code<\/li>\n<li><strong><span style=\"color: #ff0000;\"><a href=\"https:\/\/mca-software.fr\/les-fonctionnalites\/erp\/\" target=\"\u201d_blank\u201d\" rel=\"noopener\" style=\"color: #ff0000;\">Integrazione diretta in contabilit\u00e0<\/a><\/span><\/strong><\/li>\n<li>Collegamento diretto al vostro sito web per <a href=\"https:\/\/mca-software.fr\/les-fonctionnalites\/booking\/\" target=\"\u201d_blank\u201d\" rel=\"noopener\"><strong><span style=\"color: #ff0000;\">la presa di appuntamenti<\/span><\/strong><\/a> e la <strong><span style=\"color: #ff0000;\"><a href=\"https:\/\/mca-software.fr\/les-fonctionnalites\/planning\/\" target=\"\u201d_blank\u201d\" rel=\"noopener\" style=\"color: #ff0000;\">gestione del calendario<\/a><\/span><\/strong><\/li>\n<\/ul>\n<\/div><\/div>\n<\/div>\n<\/div>\n\n<div class=\"et_pb_row_2 et_pb_row et_block_row\">\n<div class=\"et_pb_column_3 et_pb_column et_pb_column_4_4 et-last-child et_block_column et_pb_css_mix_blend_mode_passthrough\">\n<div class=\"et_pb_text_9 et_pb_text et_pb_bg_layout_light et_pb_module et_block_module\"><div class=\"et_pb_text_inner\"><p>Il QR-fattura presentato da SIX<\/p>\n<\/div><\/div>\n\n<div class=\"et_pb_video_0 et_pb_video et_pb_module et_block_module\"><div class=\"et_pb_video_box\"><iframe title=\"QR-facture\" width=\"1080\" height=\"608\" src=\"https:\/\/www.youtube.com\/embed\/CpGJhTfZx5E?feature=oembed\"  allow=\"accelerometer; autoplay; clipboard-write; encrypted-media; gyroscope; picture-in-picture; web-share\" referrerpolicy=\"strict-origin-when-cross-origin\" allowfullscreen><\/iframe><\/div><\/div>\n<\/div>\n<\/div>\n\n<div class=\"et_pb_row_3 et_pb_row et_block_row\">\n<div class=\"et_pb_column_4 et_pb_column et_pb_column_4_4 et-last-child et_block_column et_pb_css_mix_blend_mode_passthrough\">\n<div class=\"et_pb_module et_pb_button_module_wrapper et_pb_button_0_wrapper preset--module--divi-button--e6919fb1-d0a4-440c-891a-c76fc3d47025_wrapper\"><a class=\"et_pb_button_0 et_pb_button et_pb_bg_layout_light et_pb_module et_block_module preset--module--divi-button--e6919fb1-d0a4-440c-891a-c76fc3d47025\" href=\"https:\/\/mca-software.fr\/formulaire-qr-facture\/\">Per saperne di pi\u00f9 su QR-fattura<\/a><\/div>\n<\/div>\n<\/div>\n<\/div>\n\n<div class=\"et_pb_section_2 et_pb_section et_section_regular et_block_section\" id=\"Solutions\">\n<div class=\"et_pb_row_4 et_pb_row et_pb_equal_columns et_block_row\">\n<div class=\"et_pb_column_5 et_pb_column et_pb_column_1_2 et_block_column et_pb_css_mix_blend_mode_passthrough\">\n<div class=\"et_pb_image_1 et_pb_image et_animated et_pb_module et_block_module\"><a href=\"https:\/\/mca-software.fr\/logiciel-kale\/\"><span class=\"et_pb_image_wrap\"><img decoding=\"async\" src=\"https:\/\/mca-software.fr\/wordpress\/wp-content\/uploads\/2022\/07\/mca-kale-logo-refait-recadre-300x170.png\" width=\"300\" height=\"170\" srcset=\"https:\/\/mca-software.fr\/wordpress\/wp-content\/uploads\/2022\/07\/mca-kale-logo-refait-recadre-300x170.png 300w, https:\/\/mca-software.fr\/wordpress\/wp-content\/uploads\/2022\/07\/mca-kale-logo-refait-recadre-200x113.png 200w, https:\/\/mca-software.fr\/wordpress\/wp-content\/uploads\/2022\/07\/mca-kale-logo-refait-recadre.png 443w\" sizes=\"(max-width: 300px) 100vw, 300px\" class=\"wp-image-47903\" title=\"MCA Kale, un software completo per PMI e grandi aziende\" alt=\"Logo del software MCA Kale con un grande uccello origami\" \/><\/span><\/a><\/div>\n\n<div class=\"et_pb_text_10 et_pb_text et_pb_bg_layout_light et_pb_module et_block_module\"><div class=\"et_pb_text_inner\"><p style=\"text-align: center;\">Software per grandi aziende<\/p>\n<\/div><\/div>\n\n<div class=\"et_pb_module et_pb_button_module_wrapper et_pb_button_1_wrapper preset--module--divi-button--e6919fb1-d0a4-440c-891a-c76fc3d47025_wrapper\"><a class=\"et_pb_button_1 et_pb_button et_pb_bg_layout_light et_pb_module et_block_module preset--module--divi-button--e6919fb1-d0a4-440c-891a-c76fc3d47025\" href=\"https:\/\/mca-software.fr\/logiciel-kale\/\">Ulteriori informazioni<\/a><\/div>\n<\/div>\n\n<div class=\"et_pb_column_6 et_pb_column et_pb_column_1_2 et-last-child et_block_column et_pb_css_mix_blend_mode_passthrough\">\n<div class=\"et_pb_image_2 et_pb_image et_animated et_pb_module et_block_module\"><a href=\"https:\/\/mca-software.fr\/logiciel-colibri\/\"><span class=\"et_pb_image_wrap\"><img decoding=\"async\" src=\"https:\/\/mca-software.fr\/wordpress\/wp-content\/uploads\/2022\/07\/mca-colibri-logo-refait-recadre-300x170.png\" width=\"300\" height=\"170\" srcset=\"https:\/\/mca-software.fr\/wordpress\/wp-content\/uploads\/2022\/07\/mca-colibri-logo-refait-recadre-300x170.png 300w, https:\/\/mca-software.fr\/wordpress\/wp-content\/uploads\/2022\/07\/mca-colibri-logo-refait-recadre-200x114.png 200w, https:\/\/mca-software.fr\/wordpress\/wp-content\/uploads\/2022\/07\/mca-colibri-logo-refait-recadre.png 442w\" sizes=\"(max-width: 300px) 100vw, 300px\" class=\"wp-image-47907\" title=\"MCA Colibri, software di fatturazione e contabilit\u00e0 per le piccole imprese\" alt=\"Logo del software MCA Colibri che rappresenta un piccolo uccello origami\" \/><\/span><\/a><\/div>\n\n<div class=\"et_pb_text_11 et_pb_text et_pb_bg_layout_light et_pb_module et_block_module\"><div class=\"et_pb_text_inner\"><p style=\"text-align: center;\">Software per i lavoratori autonomi e i commercianti<\/p>\n<\/div><\/div>\n\n<div class=\"et_pb_module et_pb_button_module_wrapper et_pb_button_2_wrapper preset--module--divi-button--e6919fb1-d0a4-440c-891a-c76fc3d47025_wrapper\"><a class=\"et_pb_button_2 et_pb_button et_pb_bg_layout_light et_pb_module et_block_module preset--module--divi-button--e6919fb1-d0a4-440c-891a-c76fc3d47025\" href=\"https:\/\/mca-software.fr\/logiciel-colibri\/\">Ulteriori informazioni<\/a><\/div>\n<\/div>\n<\/div>\n<\/div>\n\n<div class=\"et_pb_section_3 et_pb_section et_section_regular et_block_section\">\n<div class=\"et_pb_row_5 et_pb_row et_block_row\">\n<div class=\"et_pb_column_7 et_pb_column et_pb_column_4_4 et-last-child et_block_column et_pb_css_mix_blend_mode_passthrough\">\n<div class=\"et_pb_text_12 et_pb_text et_pb_bg_layout_light et_pb_module et_block_module preset--module--divi-text--75a373b3-a752-4305-81e8-535fbf8079d6\"><div class=\"et_pb_text_inner\"><h2>Per riassumere<\/h2>\n<p>&nbsp;<\/p>\n<p>La <strong>fatturazione QR<\/strong> ha rivoluzionato la gestione finanziaria delle imprese in Svizzera, semplificando i pagamenti grazie alla tecnologia dei <strong>codici QR<\/strong>.<\/p>\n<p>Con l'introduzione di questo standard nel giugno 2020, esso ha rapidamente sostituito i tradizionali bollettini di pagamento, garantendo la conformit\u00e0 ai requisiti federali a partire dal 30 settembre 2022.<\/p>\n<p>La fattura QR, integrata in <strong>MCA Kale<\/strong>, il software gestionale sviluppato da <strong>MCA Concept<\/strong>, offre una soluzione all'avanguardia per facilitare la gestione di fatture e trasferimenti.<\/p>\n<p>Il passaggio alla fatturazione QR \u00e8 essenziale per le aziende svizzere che vogliono ottimizzare i processi di pagamento e stare al passo con le <strong>soluzioni tecnologiche<\/strong> pi\u00f9 avanzate.<\/p>\n<p>Questo posiziona MCA Kale come <strong>fornitore leader<\/strong> per aiutare le aziende ad affrontare la sfida del cambiamento amministrativo e a sfruttare le <strong>funzionalit\u00e0<\/strong> della fattura QR per una <strong>gestione finanziaria efficace<\/strong>.<\/p>\n<\/div><\/div>\n<\/div>\n<\/div>\n<\/div>","protected":false},"excerpt":{"rendered":"","protected":false},"author":3,"featured_media":0,"parent":18222,"menu_order":0,"comment_status":"closed","ping_status":"closed","template":"","meta":{"content-type":"","inline_featured_image":false,"_price":"","_stock":"","_tribe_ticket_header":"","_tribe_default_ticket_provider":"","_tribe_ticket_capacity":"0","_ticket_start_date":"","_ticket_end_date":"","_tribe_ticket_show_description":"","_tribe_ticket_show_not_going":false,"_tribe_ticket_use_global_stock":"","_tribe_ticket_global_stock_level":"","_global_stock_mode":"","_global_stock_cap":"","_tribe_rsvp_for_event":"","_tribe_ticket_going_count":"","_tribe_ticket_not_going_count":"","_tribe_tickets_list":"[]","_tribe_ticket_has_attendee_info_fields":false,"_EventAllDay":false,"_EventTimezone":"","_EventStartDate":"","_EventEndDate":"","_EventStartDateUTC":"","_EventEndDateUTC":"","_EventShowMap":false,"_EventShowMapLink":false,"_EventURL":"","_EventCost":"","_EventCostDescription":"","_EventCurrencySymbol":"","_EventCurrencyCode":"","_EventCurrencyPosition":"","_EventDateTimeSeparator":"","_EventTimeRangeSeparator":"","_EventOrganizerID":[],"_EventVenueID":[],"_OrganizerEmail":"","_OrganizerPhone":"","_OrganizerWebsite":"","_VenueAddress":"","_VenueCity":"","_VenueCountry":"","_VenueProvince":"","_VenueState":"","_VenueZip":"","_VenuePhone":"","_VenueURL":"","_VenueStateProvince":"","_VenueLat":"","_VenueLng":"","_VenueShowMap":false,"_VenueShowMapLink":false,"footnotes":"","_tec_slr_enabled":"","_tec_slr_layout":""},"class_list":["post-18255","page","type-page","status-publish","hentry"],"yoast_head":"<!-- This site is optimized with the Yoast SEO Premium plugin v26.1 (Yoast SEO v27.2) - https:\/\/yoast.com\/product\/yoast-seo-premium-wordpress\/ -->\n<title>Fattura QR a MCA Kale | MCA Concept<\/title>\n<meta name=\"description\" content=\"Scopriamo perch\u00e9 \u00e8 inevitabile passare al QR-fattura e perch\u00e9 lo abbiamo gi\u00e0 integrato in MCA Kale.\" \/>\n<meta name=\"robots\" content=\"index, follow, max-snippet:-1, max-image-preview:large, max-video-preview:-1\" \/>\n<link rel=\"canonical\" href=\"https:\/\/mca-software.fr\/it\/le-funzionalita\/qr-fattura\/\" \/>\n<meta property=\"og:locale\" content=\"it_IT\" \/>\n<meta property=\"og:type\" content=\"article\" \/>\n<meta property=\"og:title\" content=\"QR-Fattura\" \/>\n<meta property=\"og:description\" content=\"Scopriamo perch\u00e9 \u00e8 inevitabile passare al QR-fattura e perch\u00e9 lo abbiamo gi\u00e0 integrato in MCA Kale.\" \/>\n<meta property=\"og:url\" content=\"https:\/\/mca-software.fr\/it\/le-funzionalita\/qr-fattura\/\" \/>\n<meta property=\"og:site_name\" content=\"MCA Concept\" \/>\n<meta property=\"article:publisher\" content=\"https:\/\/www.facebook.com\/mcaconcept\/\" \/>\n<meta property=\"article:modified_time\" content=\"2026-03-30T08:52:58+00:00\" \/>\n<meta name=\"twitter:card\" content=\"summary_large_image\" \/>\n<meta name=\"twitter:site\" content=\"@McaConcept\" \/>\n<script type=\"application\/ld+json\" class=\"yoast-schema-graph\">{\"@context\":\"https:\/\/schema.org\",\"@graph\":[{\"@type\":\"WebPage\",\"@id\":\"https:\/\/mca-software.fr\/it\/le-funzionalita\/qr-fattura\/\",\"url\":\"https:\/\/mca-software.fr\/it\/le-funzionalita\/qr-fattura\/\",\"name\":\"Fattura QR a MCA Kale | MCA Concept\",\"isPartOf\":{\"@id\":\"https:\/\/mca-software.fr\/it\/#website\"},\"datePublished\":\"2021-10-14T12:54:47+00:00\",\"dateModified\":\"2026-03-30T08:52:58+00:00\",\"description\":\"Scopriamo perch\u00e9 \u00e8 inevitabile passare al QR-fattura e perch\u00e9 lo abbiamo gi\u00e0 integrato in MCA Kale.\",\"breadcrumb\":{\"@id\":\"https:\/\/mca-software.fr\/it\/le-funzionalita\/qr-fattura\/#breadcrumb\"},\"inLanguage\":\"it-IT\",\"potentialAction\":[{\"@type\":\"ReadAction\",\"target\":[\"https:\/\/mca-software.fr\/it\/le-funzionalita\/qr-fattura\/\"]}]},{\"@type\":\"BreadcrumbList\",\"@id\":\"https:\/\/mca-software.fr\/it\/le-funzionalita\/qr-fattura\/#breadcrumb\",\"itemListElement\":[{\"@type\":\"ListItem\",\"position\":1,\"name\":\"Home\",\"item\":\"https:\/\/mca-software.fr\/it\/nuova-casa\/\"},{\"@type\":\"ListItem\",\"position\":2,\"name\":\"Le funzionalit\u00e0\",\"item\":\"https:\/\/mca-software.fr\/it\/le-funzionalita\/\"},{\"@type\":\"ListItem\",\"position\":3,\"name\":\"QR-Fattura\"}]},{\"@type\":\"WebSite\",\"@id\":\"https:\/\/mca-software.fr\/it\/#website\",\"url\":\"https:\/\/mca-software.fr\/it\/\",\"name\":\"MCA Concept\",\"description\":\"Solutions de gestion d&#039;entreprise ERP-CRM-CMS\",\"potentialAction\":[{\"@type\":\"SearchAction\",\"target\":{\"@type\":\"EntryPoint\",\"urlTemplate\":\"https:\/\/mca-software.fr\/it\/?s={search_term_string}\"},\"query-input\":{\"@type\":\"PropertyValueSpecification\",\"valueRequired\":true,\"valueName\":\"search_term_string\"}}],\"inLanguage\":\"it-IT\"}]}<\/script>\n<!-- \/ Yoast SEO Premium plugin. -->","yoast_head_json":{"title":"Fattura QR a MCA Kale | MCA Concept","description":"Scopriamo perch\u00e9 \u00e8 inevitabile passare al QR-fattura e perch\u00e9 lo abbiamo gi\u00e0 integrato in MCA Kale.","robots":{"index":"index","follow":"follow","max-snippet":"max-snippet:-1","max-image-preview":"max-image-preview:large","max-video-preview":"max-video-preview:-1"},"canonical":"https:\/\/mca-software.fr\/it\/le-funzionalita\/qr-fattura\/","og_locale":"it_IT","og_type":"article","og_title":"QR-Fattura","og_description":"Scopriamo perch\u00e9 \u00e8 inevitabile passare al QR-fattura e perch\u00e9 lo abbiamo gi\u00e0 integrato in MCA Kale.","og_url":"https:\/\/mca-software.fr\/it\/le-funzionalita\/qr-fattura\/","og_site_name":"MCA Concept","article_publisher":"https:\/\/www.facebook.com\/mcaconcept\/","article_modified_time":"2026-03-30T08:52:58+00:00","twitter_card":"summary_large_image","twitter_site":"@McaConcept","schema":{"@context":"https:\/\/schema.org","@graph":[{"@type":"WebPage","@id":"https:\/\/mca-software.fr\/it\/le-funzionalita\/qr-fattura\/","url":"https:\/\/mca-software.fr\/it\/le-funzionalita\/qr-fattura\/","name":"Fattura QR a MCA Kale | MCA Concept","isPartOf":{"@id":"https:\/\/mca-software.fr\/it\/#website"},"datePublished":"2021-10-14T12:54:47+00:00","dateModified":"2026-03-30T08:52:58+00:00","description":"Scopriamo perch\u00e9 \u00e8 inevitabile passare al QR-fattura e perch\u00e9 lo abbiamo gi\u00e0 integrato in MCA Kale.","breadcrumb":{"@id":"https:\/\/mca-software.fr\/it\/le-funzionalita\/qr-fattura\/#breadcrumb"},"inLanguage":"it-IT","potentialAction":[{"@type":"ReadAction","target":["https:\/\/mca-software.fr\/it\/le-funzionalita\/qr-fattura\/"]}]},{"@type":"BreadcrumbList","@id":"https:\/\/mca-software.fr\/it\/le-funzionalita\/qr-fattura\/#breadcrumb","itemListElement":[{"@type":"ListItem","position":1,"name":"Home","item":"https:\/\/mca-software.fr\/it\/nuova-casa\/"},{"@type":"ListItem","position":2,"name":"Le funzionalit\u00e0","item":"https:\/\/mca-software.fr\/it\/le-funzionalita\/"},{"@type":"ListItem","position":3,"name":"QR-Fattura"}]},{"@type":"WebSite","@id":"https:\/\/mca-software.fr\/it\/#website","url":"https:\/\/mca-software.fr\/it\/","name":"MCA Concept","description":"Solutions de gestion d&#039;entreprise ERP-CRM-CMS","potentialAction":[{"@type":"SearchAction","target":{"@type":"EntryPoint","urlTemplate":"https:\/\/mca-software.fr\/it\/?s={search_term_string}"},"query-input":{"@type":"PropertyValueSpecification","valueRequired":true,"valueName":"search_term_string"}}],"inLanguage":"it-IT"}]}},"ticketed":false,"_links":{"self":[{"href":"https:\/\/mca-software.fr\/it\/wp-json\/wp\/v2\/pages\/18255","targetHints":{"allow":["GET"]}}],"collection":[{"href":"https:\/\/mca-software.fr\/it\/wp-json\/wp\/v2\/pages"}],"about":[{"href":"https:\/\/mca-software.fr\/it\/wp-json\/wp\/v2\/types\/page"}],"author":[{"embeddable":true,"href":"https:\/\/mca-software.fr\/it\/wp-json\/wp\/v2\/users\/3"}],"replies":[{"embeddable":true,"href":"https:\/\/mca-software.fr\/it\/wp-json\/wp\/v2\/comments?post=18255"}],"version-history":[{"count":37,"href":"https:\/\/mca-software.fr\/it\/wp-json\/wp\/v2\/pages\/18255\/revisions"}],"predecessor-version":[{"id":83880,"href":"https:\/\/mca-software.fr\/it\/wp-json\/wp\/v2\/pages\/18255\/revisions\/83880"}],"up":[{"embeddable":true,"href":"https:\/\/mca-software.fr\/it\/wp-json\/wp\/v2\/pages\/18222"}],"wp:attachment":[{"href":"https:\/\/mca-software.fr\/it\/wp-json\/wp\/v2\/media?parent=18255"}],"curies":[{"name":"wp","href":"https:\/\/api.w.org\/{rel}","templated":true}]}}