{"id":16609,"date":"2021-09-17T12:33:52","date_gmt":"2021-09-17T11:33:52","guid":{"rendered":"https:\/\/mca-software.fr\/mrp\/"},"modified":"2026-03-30T11:49:24","modified_gmt":"2026-03-30T09:49:24","slug":"mrp","status":"publish","type":"page","link":"https:\/\/mca-software.fr\/it\/i-moduli\/mrp\/","title":{"rendered":"MRP"},"content":{"rendered":"\n<div class=\"et_pb_section_0 et_pb_section et_section_regular et_block_section\"><div class=\"et_pb_row_0 et_pb_row et_block_row v-center\"><div class=\"et_pb_column_0 et_pb_column et_pb_column_4_4 et-last-child et_block_column et_pb_css_mix_blend_mode_passthrough\"><div class=\"et_pb_text_0 et_pb_text et_pb_bg_layout_light et_pb_module et_block_module preset--module--divi-text--75a373b3-a752-4305-81e8-535fbf8079d6\"><div class=\"et_pb_text_inner\"><h1>Amministrazione<\/h1>\n<\/div><\/div><\/div><\/div><div class=\"et_pb_row_1 et_pb_row et_block_row\"><div class=\"et_pb_column_1 et_pb_column et_pb_column_4_4 et-last-child et_block_column et_pb_css_mix_blend_mode_passthrough\"><div class=\"et_pb_image_0 et_pb_image et_pb_module et_block_module\"><span class=\"et_pb_image_wrap\"><img decoding=\"async\" src=\"https:\/\/mca-software.fr\/wordpress\/wp-content\/uploads\/2021\/11\/illustration-entete-mrp-mca-kale.png\" width=\"1079\" height=\"348\" srcset=\"https:\/\/mca-software.fr\/wordpress\/wp-content\/uploads\/2021\/11\/illustration-entete-mrp-mca-kale.png 1079w, https:\/\/mca-software.fr\/wordpress\/wp-content\/uploads\/2021\/11\/illustration-entete-mrp-mca-kale-980x316.png 980w, https:\/\/mca-software.fr\/wordpress\/wp-content\/uploads\/2021\/11\/illustration-entete-mrp-mca-kale-480x155.png 480w\" sizes=\"(min-width: 0px) and (max-width: 480px) 480px, (min-width: 481px) and (max-width: 980px) 980px, (min-width: 981px) 1079px, 100vw\" class=\"wp-image-20418\" title=\"Illustrazione dell&#039;intestazione MRP\" alt=\"Illustrazione dell&#039;intestazione di MRP di MCA-Kale\" \/><\/span><\/div><\/div><\/div><\/div><div class=\"et_pb_section_1 et_pb_section et_section_regular et_block_section\"><div class=\"et_pb_row_2 et_pb_row et_block_row\"><div class=\"et_pb_column_2 et_pb_column et_pb_column_4_4 et-last-child et_block_column et_pb_css_mix_blend_mode_passthrough\"><div class=\"et_pb_text_1 et_pb_text et_pb_bg_layout_light et_pb_module et_block_module preset--module--divi-text--75a373b3-a752-4305-81e8-535fbf8079d6\"><div class=\"et_pb_text_inner\"><h2>MRP: Pianificazione delle risorse di produzione<br \/>Pianificazione delle risorse di produzione<\/h2>\n<\/div><\/div><\/div><\/div><div class=\"et_pb_row_3 et_pb_row et_block_row\"><div class=\"et_pb_column_3 et_pb_column et_pb_column_1_3 et_block_column et_pb_css_mix_blend_mode_passthrough\"><div class=\"et_pb_text_2 et_pb_text et_pb_bg_layout_light et_pb_module et_block_module et_pb_text_align_center preset--module--divi-text--75a373b3-a752-4305-81e8-535fbf8079d6\"><div class=\"et_pb_text_inner\"><h3 style=\"text-align: center;\">Pianificazione precisa<\/h3>\n<p>Pianificazione efficiente delle fasi di produzione, con calcolo dei requisiti delle materie prime e dei costi di produzione.<\/p>\n<\/div><\/div><\/div><div class=\"et_pb_column_4 et_pb_column et_pb_column_1_3 et_block_column et_pb_css_mix_blend_mode_passthrough\"><div class=\"et_pb_text_3 et_pb_text et_pb_bg_layout_light et_pb_module et_block_module et_pb_text_align_center preset--module--divi-text--75a373b3-a752-4305-81e8-535fbf8079d6\"><div class=\"et_pb_text_inner\"><h3 style=\"text-align: center;\">Tracciabilit\u00e0 a tutti i livelli<\/h3>\n<p>La tracciabilit\u00e0 accurata delle scorte e della produzione assicura la tracciabilit\u00e0, sia per le materie prime che per le macchine o il controllo della qualit\u00e0.<\/p>\n<\/div><\/div><\/div><div class=\"et_pb_column_5 et_pb_column et_pb_column_1_3 et-last-child et_block_column et_pb_css_mix_blend_mode_passthrough\"><div class=\"et_pb_text_4 et_pb_text et_pb_bg_layout_light et_pb_module et_block_module et_pb_text_align_center preset--module--divi-text--75a373b3-a752-4305-81e8-535fbf8079d6\"><div class=\"et_pb_text_inner\"><h3 style=\"text-align: center;\">Gestione ottimizzata dello stock<\/h3>\n<p>Una gestione ottimale delle scorte vi permette di controllare le forniture minimizzando il rischio di stock-out e di eccesso di scorte.<\/p>\n<\/div><\/div><\/div><\/div><div class=\"et_pb_row_4 et_pb_row et_block_row\"><div class=\"et_pb_column_6 et_pb_column et_pb_column_4_4 et-last-child et_block_column et_pb_css_mix_blend_mode_passthrough\"><div class=\"et_pb_text_5 et_pb_text et_pb_bg_layout_light et_pb_module et_block_module preset--module--divi-text--75a373b3-a752-4305-81e8-535fbf8079d6\"><div class=\"et_pb_text_inner\"><p>Un software MRP \u00e8 un software che permette la pianificazione di ogni fase del processo produttivo di un'azienda.<\/p>\n<p>Gestisce con precisione le risorse di materiali, componenti, manodopera e macchinari per massimizzarne l'uso e minimizzare i costi.<\/p>\n<p>Pianifichi e ordini le diverse fasi della produzione, assicurando la gestione delle scorte, il controllo della qualit\u00e0 e la manutenzione delle tue attrezzature. Potete visualizzare la vostra produzione in tempo reale: sapete quante merci sono in produzione e a che punto del processo di fabbricazione sono arrivate.<\/p>\n<p>MRP calcola la quantit\u00e0 di materie prime e materiali necessari per produrre i prossimi ordini. <\/p>\n<p>Si seguono le operazioni associate a un prodotto cos\u00ec come le materie prime consumate secondo le distinte base e gli alberi dei prodotti aggiunti. Gestirai gli approvvigionamenti in base ai livelli di stock e ai requisiti dei materiali, monitorando gli ordini dei fornitori e le consegne. I punti d'ordine possono essere definiti per evitare gli stock-out. <\/p>\n<p>MRP calcola anche i costi di produzione effettivi in base alle vostre distinte base e alle operazioni.<\/p>\n<p>Inoltre, potete gestire il vostro inventario in modo efficiente, con una panoramica della disponibilit\u00e0 delle vostre merci e il percorso delle materie prime dai lotti ai prodotti finiti. Puoi controllare il tuo inventario e localizzare facilmente i materiali di cui hai bisogno nei tuoi vari siti.<\/p>\n<p>Con questo modulo, si guadagna pi\u00f9 visibilit\u00e0 e controllo sulle operazioni di produzione e sulla catena di approvvigionamento.<\/p>\n<\/div><\/div><\/div><\/div><\/div><div class=\"et_pb_section_2 et_pb_section et_section_regular et_block_section\" id=\"Solutions\"><div class=\"et_pb_row_5 et_pb_row et_pb_equal_columns et_block_row\"><div class=\"et_pb_column_7 et_pb_column et_pb_column_1_2 et_block_column et_pb_css_mix_blend_mode_passthrough\"><div class=\"et_pb_image_1 et_pb_image et_animated et_pb_module et_block_module\"><a href=\"https:\/\/mca-software.fr\/logiciel-kale\/\"><span class=\"et_pb_image_wrap\"><img decoding=\"async\" src=\"https:\/\/mca-software.fr\/wordpress\/wp-content\/uploads\/2022\/07\/mca-kale-logo-refait-recadre-300x170.png\" width=\"300\" height=\"170\" srcset=\"https:\/\/mca-software.fr\/wordpress\/wp-content\/uploads\/2022\/07\/mca-kale-logo-refait-recadre-300x170.png 300w, https:\/\/mca-software.fr\/wordpress\/wp-content\/uploads\/2022\/07\/mca-kale-logo-refait-recadre-200x113.png 200w, https:\/\/mca-software.fr\/wordpress\/wp-content\/uploads\/2022\/07\/mca-kale-logo-refait-recadre.png 443w\" sizes=\"(max-width: 300px) 100vw, 300px\" class=\"wp-image-47903\" title=\"MCA Kale, un software completo per PMI e grandi aziende\" alt=\"Logo del software MCA Kale con un grande uccello origami\" \/><\/span><\/a><\/div><div class=\"et_pb_text_6 et_pb_text et_pb_bg_layout_light et_pb_module et_block_module\"><div class=\"et_pb_text_inner\"><p style=\"text-align: center;\">Software per grandi aziende<\/p>\n<\/div><\/div><div class=\"et_pb_module et_pb_button_module_wrapper et_pb_button_0_wrapper preset--module--divi-button--e6919fb1-d0a4-440c-891a-c76fc3d47025_wrapper\"><a class=\"et_pb_button_0 et_pb_button et_pb_bg_layout_light et_pb_module et_block_module preset--module--divi-button--e6919fb1-d0a4-440c-891a-c76fc3d47025\" href=\"https:\/\/mca-software.fr\/logiciel-kale\/\">Ulteriori informazioni<\/a><\/div><\/div><div class=\"et_pb_column_8 et_pb_column et_pb_column_1_2 et-last-child et_block_column et_pb_css_mix_blend_mode_passthrough\"><div class=\"et_pb_image_2 et_pb_image et_animated et_pb_module et_block_module\"><a href=\"https:\/\/mca-software.fr\/logiciel-colibri\/\"><span class=\"et_pb_image_wrap\"><img decoding=\"async\" src=\"https:\/\/mca-software.fr\/wordpress\/wp-content\/uploads\/2022\/07\/mca-colibri-logo-refait-recadre-300x170.png\" width=\"300\" height=\"170\" srcset=\"https:\/\/mca-software.fr\/wordpress\/wp-content\/uploads\/2022\/07\/mca-colibri-logo-refait-recadre-300x170.png 300w, https:\/\/mca-software.fr\/wordpress\/wp-content\/uploads\/2022\/07\/mca-colibri-logo-refait-recadre-200x114.png 200w, https:\/\/mca-software.fr\/wordpress\/wp-content\/uploads\/2022\/07\/mca-colibri-logo-refait-recadre.png 442w\" sizes=\"(max-width: 300px) 100vw, 300px\" class=\"wp-image-47907\" title=\"MCA Colibri, software di fatturazione e contabilit\u00e0 per le piccole imprese\" alt=\"Logo del software MCA Colibri che rappresenta un piccolo uccello origami\" \/><\/span><\/a><\/div><div class=\"et_pb_text_7 et_pb_text et_pb_bg_layout_light et_pb_module et_block_module et_pb_text_align_center\"><div class=\"et_pb_text_inner\"><p style=\"text-align: center;\">Software per i lavoratori autonomi e i commercianti<\/p>\n<\/div><\/div><div class=\"et_pb_module et_pb_button_module_wrapper et_pb_button_1_wrapper preset--module--divi-button--e6919fb1-d0a4-440c-891a-c76fc3d47025_wrapper\"><a class=\"et_pb_button_1 et_pb_button et_pb_bg_layout_light et_pb_module et_block_module preset--module--divi-button--e6919fb1-d0a4-440c-891a-c76fc3d47025\" href=\"https:\/\/mca-software.fr\/logiciel-colibri\/\">Ulteriori informazioni<\/a><\/div><\/div><\/div><\/div><div class=\"et_pb_section_3 et_pb_section et_section_regular et_block_section\"><div class=\"et_pb_row_6 et_pb_row et_block_row\"><div class=\"et_pb_column_9 et_pb_column et_pb_column_4_4 et-last-child et_block_column et_pb_css_mix_blend_mode_passthrough\"><div class=\"et_pb_text_8 et_pb_text et_pb_bg_layout_light et_pb_module et_block_module preset--module--divi-text--75a373b3-a752-4305-81e8-535fbf8079d6\"><div class=\"et_pb_text_inner\"><h2>Per riassumere<\/h2>\n<p><span>In conclusione, il nostro <\/span><strong>software di pianificazione delle risorse di produzione<\/strong><span>o <\/span><strong>MRP<\/strong><span>\u00e8 una soluzione essenziale per <\/span><strong>una gestione efficiente<\/strong><span> della produzione in azienda <\/span><strong>azienda<\/strong><span>.<\/span><\/p>\n<p><span>Grazie alle sue funzioni avanzate, consente di pianificare con precisione ogni fase del processo produttivo, ottimizzando l'uso delle risorse. <\/span><strong>risorse<\/strong><span> materie prime, componenti, manodopera e macchinari, riducendo al minimo i costi.<\/span><\/p>\n<p><span>Beneficiate di una visibilit\u00e0 in tempo reale della vostra produzione, con una gestione precisa delle <\/span><strong>scorte<\/strong><span>del controllo qualit\u00e0 e della manutenzione delle attrezzature.<\/span><\/p>\n<p><span>L'MRP facilita anche la gestione degli <\/span><strong>ordini dei clienti<\/strong><span> calcolando le quantit\u00e0 di materie prime e attrezzature necessarie per soddisfare la domanda.<\/span><\/p>\n<p><span>\u00c8 inoltre possibile monitorare i costi di produzione effettivi e gestire le scorte. <\/span><strong>inventario<\/strong><span> per evitare le scorte.<\/span><\/p>\n<p><span>Questa soluzione offre una migliore pianificazione, ottimizzazione delle <\/span><strong>operazioni di produzione<\/strong><span>e un maggiore controllo sulla vostra catena di fornitura.<\/span><\/p>\n<p><span>Che siate una grande azienda o un artigiano indipendente, il nostro software MRP vi dar\u00e0 <\/span><strong>vantaggi<\/strong><span> per migliorare il vostro processo produttivo e aumentare la vostra competitivit\u00e0 sul mercato.<\/span><\/p>\n<\/div><\/div><\/div><\/div><div class=\"et_pb_row_7 et_pb_row et_block_row\"><div class=\"et_pb_column_10 et_pb_column et_pb_column_4_4 et-last-child et_block_column et_pb_css_mix_blend_mode_passthrough\"><div class=\"et_pb_text_9 et_pb_text et_pb_bg_layout_light et_pb_module et_block_module\"><div class=\"et_pb_text_inner\"><p>Software ERP, CRM, software gestionale, gestione commerciale, contabilit\u00e0, azioni, PMI, cloud, gestione aziendale, pianificazione, erp, saas, sistema informativo, pacchetti software, erp, pacchetto software, relazioni con i clienti, software di gestione, gestione della produzione, gestione integrata, gestione delle relazioni, e-commerce, pianificazione delle risorse aziendali, soluzione di gestione, soluzioni ERP, pianificazione delle risorse aziendali, integratore, gestione dell'inventario,  Database unico, soluzione ERP, tracciabilit\u00e0, dashboard, gestione delle relazioni con i clienti, fatturazione, implementazione, trading, gestione delle risorse, dinamiche Microsoft, pilota, software gestionale, open source, oracolo, progetto ERP, unicit\u00e0, gestione contabile, Dolibarr, software gestionale, software ERP, le nostre soluzioni, PMI, automazione, parametrizzazione, software di gestione commerciale, operazioni, soluzioni gestionali, TPE, sistema di pianificazione delle risorse aziendali,  SaaS, CEGID, Demo, Automatizzare, Funzionale, ERP e CRM, Pianificazione delle risorse, Scalabile, Pianificazione delle risorse aziendali, EBP, Business Intelligence, Flusso di lavoro, Modulare, Risorse aziendali, ERP open source, Ergonomia, CRM e ERP, BI, Software, Software, Flessibilit\u00e0, Processi aziendali, Integrato, Medie, Piccole e medie imprese, Moduli multipli, Dynamics NAV, Industria, Ambito funzionale, Agilit\u00e0, NAV,  Supply Chain, Project Management, Consulenti, Database, Analytics, Mercato ERP, Gestione Integrata, Gestione Risorse Umane, Reporting, Funzionale, Gestione Acquisti, Contabilit\u00e0, Diversi Moduli, Pacchetto ERP, Microsoft Dynamics NAV, ERP SaaS, Set di Processi, Interfacce, Software di Gestione Aziendale, Reparto IT, Centralizzare, Dynamics Ax, Strumenti di Gestione, Servizi Diversi, Processi Aziendali, Giorno in Tempo Reale,  SAP ERP, copertura funzionale, processo decisionale, openerp, integrato nel software, moduli indipendenti, processi aziendali, soluzione software, magazzini, project manager, dolibarr erp, gestione finanziaria, modulo di gestione, processi aziendali, wms, centralizzato, gestione dell'inventario, supply chain, processi operativi, software aziendale, strumento integrato, specifiche ERP, il tuo business, data entry, controllo di gestione,  Medie imprese, tesoreria, soluzioni software, software aziendale, software CRM, Sage ERP, sistemi ERP, voci, configurabile, flessibile, opensource, tutti i servizi, consulenza, integrato con software, VSE e PMI, processi di lavoro, integrato con software, moduli software, piccole e medie imprese, gestione dei progetti, mySQL, configurazione del software, sviluppatore, risparmiare tempo, implementazione del software,  Centralizzazione, soluzione CRM, EDI, software aziendale, licenze, CEGID ERP, introduzione, numero D Utenti, moduli gestionali, ciclo di vita, reattivit\u00e0, consulente ERP, software di produzione, scritture contabili, applicazioni informatiche, gestione vendite, strumento di gestione, soluzioni CRM, nuove funzionalit\u00e0, integra uno strumento, back office, consente di gestire, software gestionale integrato, che consente di gestire tutto, esigenze specifiche, soluzione completa, collaborativo, buste paga, apparecchiature informatiche, funzionale, contabilit\u00e0,  motore di workflow, sage erp, software publisher, supporto alle decisioni, integratori, automatizzato, enterprise integrato, modulo CRM, gestione dei flussi, software di gestione aziendale, software SAP, software integrato, MRP, PMI PMI, controllo dei costi, soluzione di gestione integrata, gestione dati, JD Edwards, agroalimentare, sviluppi specifici, dematerializzazione, gestione aziendale, filiali, logistica,  migliore gestione, prestashop, moduli specifici, costruzione, erp finanza, societ\u00e0 di software, applicazioni multiple, scalabile, integrato, pacchetto, software logistico, gestione del personale, risparmio di tempo, repository, microsoft dynamics ax, dizionario grande, completo e integrato, terminologia, contabilit\u00e0 e finanza, dizionario terminologico, potrebbe essere integrato, centralizzato, attivit\u00e0 commerciale, competitivo, sql server, gestione ordini<\/p>\n<\/div><\/div><\/div><\/div><\/div>\n","protected":false},"excerpt":{"rendered":"","protected":false},"author":11,"featured_media":0,"parent":37857,"menu_order":0,"comment_status":"closed","ping_status":"closed","template":"","meta":{"content-type":"","inline_featured_image":false,"_price":"","_stock":"","_tribe_ticket_header":"","_tribe_default_ticket_provider":"","_tribe_ticket_capacity":"0","_ticket_start_date":"","_ticket_end_date":"","_tribe_ticket_show_description":"","_tribe_ticket_show_not_going":false,"_tribe_ticket_use_global_stock":"","_tribe_ticket_global_stock_level":"","_global_stock_mode":"","_global_stock_cap":"","_tribe_rsvp_for_event":"","_tribe_ticket_going_count":"","_tribe_ticket_not_going_count":"","_tribe_tickets_list":"[]","_tribe_ticket_has_attendee_info_fields":false,"_EventAllDay":false,"_EventTimezone":"","_EventStartDate":"","_EventEndDate":"","_EventStartDateUTC":"","_EventEndDateUTC":"","_EventShowMap":false,"_EventShowMapLink":false,"_EventURL":"","_EventCost":"","_EventCostDescription":"","_EventCurrencySymbol":"","_EventCurrencyCode":"","_EventCurrencyPosition":"","_EventDateTimeSeparator":"","_EventTimeRangeSeparator":"","_EventOrganizerID":[],"_EventVenueID":[],"_OrganizerEmail":"","_OrganizerPhone":"","_OrganizerWebsite":"","_VenueAddress":"","_VenueCity":"","_VenueCountry":"","_VenueProvince":"","_VenueState":"","_VenueZip":"","_VenuePhone":"","_VenueURL":"","_VenueStateProvince":"","_VenueLat":"","_VenueLng":"","_VenueShowMap":false,"_VenueShowMapLink":false,"footnotes":"","_tec_slr_enabled":"","_tec_slr_layout":""},"class_list":["post-16609","page","type-page","status-publish","hentry"],"yoast_head":"<!-- This site is optimized with the Yoast SEO Premium plugin v26.1 (Yoast SEO v27.2) - https:\/\/yoast.com\/product\/yoast-seo-premium-wordpress\/ -->\n<title>Pianificazione delle risorse di produzione | MRP | MCA Concept<\/title>\n<meta name=\"description\" content=\"Controlla in modo efficiente le tue operazioni di produzione e la catena di approvvigionamento con MRP (Manufacturing Resources Planning).\" \/>\n<meta name=\"robots\" content=\"index, follow, max-snippet:-1, max-image-preview:large, max-video-preview:-1\" \/>\n<link rel=\"canonical\" href=\"https:\/\/mca-software.fr\/it\/i-moduli\/mrp\/\" \/>\n<meta property=\"og:locale\" content=\"it_IT\" \/>\n<meta property=\"og:type\" content=\"article\" \/>\n<meta property=\"og:title\" content=\"MRP\" \/>\n<meta property=\"og:description\" content=\"Controlla in modo efficiente le tue operazioni di produzione e la catena di approvvigionamento con MRP (Manufacturing Resources Planning).\" \/>\n<meta property=\"og:url\" content=\"https:\/\/mca-software.fr\/it\/i-moduli\/mrp\/\" \/>\n<meta property=\"og:site_name\" content=\"MCA Concept\" \/>\n<meta property=\"article:publisher\" content=\"https:\/\/www.facebook.com\/mcaconcept\/\" \/>\n<meta property=\"article:modified_time\" content=\"2026-03-30T09:49:24+00:00\" \/>\n<meta name=\"twitter:card\" content=\"summary_large_image\" \/>\n<meta name=\"twitter:site\" content=\"@McaConcept\" \/>\n<script type=\"application\/ld+json\" class=\"yoast-schema-graph\">{\"@context\":\"https:\/\/schema.org\",\"@graph\":[{\"@type\":\"WebPage\",\"@id\":\"https:\/\/mca-software.fr\/it\/i-moduli\/mrp\/\",\"url\":\"https:\/\/mca-software.fr\/it\/i-moduli\/mrp\/\",\"name\":\"Pianificazione delle risorse di produzione | MRP | MCA Concept\",\"isPartOf\":{\"@id\":\"https:\/\/mca-software.fr\/it\/#website\"},\"datePublished\":\"2021-09-17T11:33:52+00:00\",\"dateModified\":\"2026-03-30T09:49:24+00:00\",\"description\":\"Controlla in modo efficiente le tue operazioni di produzione e la catena di approvvigionamento con MRP (Manufacturing Resources Planning).\",\"breadcrumb\":{\"@id\":\"https:\/\/mca-software.fr\/it\/i-moduli\/mrp\/#breadcrumb\"},\"inLanguage\":\"it-IT\",\"potentialAction\":[{\"@type\":\"ReadAction\",\"target\":[\"https:\/\/mca-software.fr\/it\/i-moduli\/mrp\/\"]}]},{\"@type\":\"BreadcrumbList\",\"@id\":\"https:\/\/mca-software.fr\/it\/i-moduli\/mrp\/#breadcrumb\",\"itemListElement\":[{\"@type\":\"ListItem\",\"position\":1,\"name\":\"Home\",\"item\":\"https:\/\/mca-software.fr\/it\/nuova-casa\/\"},{\"@type\":\"ListItem\",\"position\":2,\"name\":\"I moduli\",\"item\":\"https:\/\/mca-software.fr\/it\/i-moduli\/\"},{\"@type\":\"ListItem\",\"position\":3,\"name\":\"MRP\"}]},{\"@type\":\"WebSite\",\"@id\":\"https:\/\/mca-software.fr\/it\/#website\",\"url\":\"https:\/\/mca-software.fr\/it\/\",\"name\":\"MCA Concept\",\"description\":\"Solutions de gestion d&#039;entreprise ERP-CRM-CMS\",\"potentialAction\":[{\"@type\":\"SearchAction\",\"target\":{\"@type\":\"EntryPoint\",\"urlTemplate\":\"https:\/\/mca-software.fr\/it\/?s={search_term_string}\"},\"query-input\":{\"@type\":\"PropertyValueSpecification\",\"valueRequired\":true,\"valueName\":\"search_term_string\"}}],\"inLanguage\":\"it-IT\"}]}<\/script>\n<!-- \/ Yoast SEO Premium plugin. -->","yoast_head_json":{"title":"Pianificazione delle risorse di produzione | MRP | MCA Concept","description":"Controlla in modo efficiente le tue operazioni di produzione e la catena di approvvigionamento con MRP (Manufacturing Resources Planning).","robots":{"index":"index","follow":"follow","max-snippet":"max-snippet:-1","max-image-preview":"max-image-preview:large","max-video-preview":"max-video-preview:-1"},"canonical":"https:\/\/mca-software.fr\/it\/i-moduli\/mrp\/","og_locale":"it_IT","og_type":"article","og_title":"MRP","og_description":"Controlla in modo efficiente le tue operazioni di produzione e la catena di approvvigionamento con MRP (Manufacturing Resources Planning).","og_url":"https:\/\/mca-software.fr\/it\/i-moduli\/mrp\/","og_site_name":"MCA Concept","article_publisher":"https:\/\/www.facebook.com\/mcaconcept\/","article_modified_time":"2026-03-30T09:49:24+00:00","twitter_card":"summary_large_image","twitter_site":"@McaConcept","schema":{"@context":"https:\/\/schema.org","@graph":[{"@type":"WebPage","@id":"https:\/\/mca-software.fr\/it\/i-moduli\/mrp\/","url":"https:\/\/mca-software.fr\/it\/i-moduli\/mrp\/","name":"Pianificazione delle risorse di produzione | MRP | MCA Concept","isPartOf":{"@id":"https:\/\/mca-software.fr\/it\/#website"},"datePublished":"2021-09-17T11:33:52+00:00","dateModified":"2026-03-30T09:49:24+00:00","description":"Controlla in modo efficiente le tue operazioni di produzione e la catena di approvvigionamento con MRP (Manufacturing Resources Planning).","breadcrumb":{"@id":"https:\/\/mca-software.fr\/it\/i-moduli\/mrp\/#breadcrumb"},"inLanguage":"it-IT","potentialAction":[{"@type":"ReadAction","target":["https:\/\/mca-software.fr\/it\/i-moduli\/mrp\/"]}]},{"@type":"BreadcrumbList","@id":"https:\/\/mca-software.fr\/it\/i-moduli\/mrp\/#breadcrumb","itemListElement":[{"@type":"ListItem","position":1,"name":"Home","item":"https:\/\/mca-software.fr\/it\/nuova-casa\/"},{"@type":"ListItem","position":2,"name":"I moduli","item":"https:\/\/mca-software.fr\/it\/i-moduli\/"},{"@type":"ListItem","position":3,"name":"MRP"}]},{"@type":"WebSite","@id":"https:\/\/mca-software.fr\/it\/#website","url":"https:\/\/mca-software.fr\/it\/","name":"MCA Concept","description":"Solutions de gestion d&#039;entreprise ERP-CRM-CMS","potentialAction":[{"@type":"SearchAction","target":{"@type":"EntryPoint","urlTemplate":"https:\/\/mca-software.fr\/it\/?s={search_term_string}"},"query-input":{"@type":"PropertyValueSpecification","valueRequired":true,"valueName":"search_term_string"}}],"inLanguage":"it-IT"}]}},"ticketed":false,"_links":{"self":[{"href":"https:\/\/mca-software.fr\/it\/wp-json\/wp\/v2\/pages\/16609","targetHints":{"allow":["GET"]}}],"collection":[{"href":"https:\/\/mca-software.fr\/it\/wp-json\/wp\/v2\/pages"}],"about":[{"href":"https:\/\/mca-software.fr\/it\/wp-json\/wp\/v2\/types\/page"}],"author":[{"embeddable":true,"href":"https:\/\/mca-software.fr\/it\/wp-json\/wp\/v2\/users\/11"}],"replies":[{"embeddable":true,"href":"https:\/\/mca-software.fr\/it\/wp-json\/wp\/v2\/comments?post=16609"}],"version-history":[{"count":15,"href":"https:\/\/mca-software.fr\/it\/wp-json\/wp\/v2\/pages\/16609\/revisions"}],"predecessor-version":[{"id":84211,"href":"https:\/\/mca-software.fr\/it\/wp-json\/wp\/v2\/pages\/16609\/revisions\/84211"}],"up":[{"embeddable":true,"href":"https:\/\/mca-software.fr\/it\/wp-json\/wp\/v2\/pages\/37857"}],"wp:attachment":[{"href":"https:\/\/mca-software.fr\/it\/wp-json\/wp\/v2\/media?parent=16609"}],"curies":[{"name":"wp","href":"https:\/\/api.w.org\/{rel}","templated":true}]}}