{"id":16574,"date":"2021-09-17T09:05:43","date_gmt":"2021-09-17T08:05:43","guid":{"rendered":"https:\/\/mca-software.fr\/booking\/"},"modified":"2026-03-30T11:49:05","modified_gmt":"2026-03-30T09:49:05","slug":"booking","status":"publish","type":"page","link":"https:\/\/mca-software.fr\/it\/i-moduli\/booking\/","title":{"rendered":"Booking"},"content":{"rendered":"\n<div class=\"et_pb_section_0 et_pb_section et_section_regular et_block_section\"><div class=\"et_pb_row_0 et_pb_row et_block_row v-center\"><div class=\"et_pb_column_0 et_pb_column et_pb_column_4_4 et-last-child et_block_column et_pb_css_mix_blend_mode_passthrough\"><div class=\"et_pb_text_0 et_pb_text et_pb_bg_layout_light et_pb_module et_block_module preset--module--divi-text--75a373b3-a752-4305-81e8-535fbf8079d6\"><div class=\"et_pb_text_inner\"><h1>Relazioni con i clienti<\/h1>\n<\/div><\/div><\/div><\/div><div class=\"et_pb_row_1 et_pb_row et_block_row\"><div class=\"et_pb_column_1 et_pb_column et_pb_column_4_4 et-last-child et_block_column et_pb_css_mix_blend_mode_passthrough\"><div class=\"et_pb_image_0 et_pb_image et_pb_module et_block_module\"><span class=\"et_pb_image_wrap\"><img decoding=\"async\" src=\"https:\/\/mca-software.fr\/wordpress\/wp-content\/uploads\/2021\/11\/illustration-entete-booking-mca-kale.png\" width=\"1079\" height=\"348\" srcset=\"https:\/\/mca-software.fr\/wordpress\/wp-content\/uploads\/2021\/11\/illustration-entete-booking-mca-kale.png 1079w, https:\/\/mca-software.fr\/wordpress\/wp-content\/uploads\/2021\/11\/illustration-entete-booking-mca-kale-980x316.png 980w, https:\/\/mca-software.fr\/wordpress\/wp-content\/uploads\/2021\/11\/illustration-entete-booking-mca-kale-480x155.png 480w\" sizes=\"(min-width: 0px) and (max-width: 480px) 480px, (min-width: 481px) and (max-width: 980px) 980px, (min-width: 981px) 1079px, 100vw\" class=\"wp-image-20429\" title=\"Intestazione dell&#039;illustrazione Booking\" alt=\"Illustrazione dell&#039;intestazione del modulo MCA-Kale Booking\" \/><\/span><\/div><\/div><\/div><\/div><div class=\"et_pb_section_1 et_pb_section et_section_regular et_block_section\"><div class=\"et_pb_row_2 et_pb_row et_block_row\"><div class=\"et_pb_column_2 et_pb_column et_pb_column_4_4 et-last-child et_block_column et_pb_css_mix_blend_mode_passthrough\"><div class=\"et_pb_text_1 et_pb_text et_pb_bg_layout_light et_pb_module et_block_module preset--module--divi-text--75a373b3-a752-4305-81e8-535fbf8079d6\"><div class=\"et_pb_text_inner\"><h2>Booking<br \/>Prenotazioni online<\/h2>\n<\/div><\/div><\/div><\/div><div class=\"et_pb_row_3 et_pb_row et_block_row\"><div class=\"et_pb_column_3 et_pb_column et_pb_column_1_3 et_block_column et_pb_css_mix_blend_mode_passthrough\"><div class=\"et_pb_text_2 et_pb_text et_pb_bg_layout_light et_pb_module et_block_module et_pb_text_align_center preset--module--divi-text--75a373b3-a752-4305-81e8-535fbf8079d6\"><div class=\"et_pb_text_inner\"><h3 style=\"text-align: center;\">Prenotazioni 24 ore al giorno, 7 giorni alla settimana<\/h3>\n<p>Un sistema di prenotazione online facile da usare per i vostri clienti, che non dovranno pi\u00f9 aspettare i vostri orari di apertura per prendere un appuntamento o prenotare un articolo.<\/p>\n<\/div><\/div><\/div><div class=\"et_pb_column_4 et_pb_column et_pb_column_1_3 et_block_column et_pb_css_mix_blend_mode_passthrough\"><div class=\"et_pb_text_3 et_pb_text et_pb_bg_layout_light et_pb_module et_block_module et_pb_text_align_center preset--module--divi-text--75a373b3-a752-4305-81e8-535fbf8079d6\"><div class=\"et_pb_text_inner\"><h3 style=\"text-align: center;\">Tempo risparmiato<\/h3>\n<p>Gestione migliorata delle prenotazioni con un calendario online di tutte le prenotazioni e delle relative informazioni, per liberare il vostro tempo e concentrarvi su altre attivit\u00e0.<\/p>\n<\/div><\/div><\/div><div class=\"et_pb_column_5 et_pb_column et_pb_column_1_3 et-last-child et_block_column et_pb_css_mix_blend_mode_passthrough\"><div class=\"et_pb_text_4 et_pb_text et_pb_bg_layout_light et_pb_module et_block_module et_pb_text_align_center preset--module--divi-text--75a373b3-a752-4305-81e8-535fbf8079d6\"><div class=\"et_pb_text_inner\"><h3 style=\"text-align: center;\">Appuntamenti rispettati<\/h3>\n<p>Messaggi di conferma automatici e promemoria via e-mail o SMS per evitare appuntamenti mancati e ridurre le cancellazioni dell'ultimo minuto.<\/p>\n<\/div><\/div><\/div><\/div><div class=\"et_pb_row_4 et_pb_row et_block_row\"><div class=\"et_pb_column_6 et_pb_column et_pb_column_4_4 et-last-child et_block_column et_pb_css_mix_blend_mode_passthrough\"><div class=\"et_pb_text_5 et_pb_text et_pb_bg_layout_light et_pb_module et_block_module preset--module--divi-text--75a373b3-a752-4305-81e8-535fbf8079d6\"><div class=\"et_pb_text_inner\"><p>Il modulo di prenotazione online permette ai vostri clienti di prenotare in qualsiasi momento dal vostro sito web, selezionando secondo la disponibilit\u00e0:<br \/>- il servizio o l'articolo desiderato,<br \/>- l'ora e la data desiderate.<\/p>\n<p>- La prenotazione online pu\u00f2 essere utilizzata per qualsiasi tipo di attivit\u00e0 (appuntamenti, eventi, affitti...). Tu definisci gli articoli\/servizi disponibili per la prenotazione e le fasce orarie disponibili (quarti d'ora, mezze ore, ore, giorni, ecc.).<\/p>\n<p>Se un modulo di pagamento online \u00e8 collegato al sistema di prenotazione, i vostri clienti hanno anche la possibilit\u00e0 di pagare le loro prenotazioni in anticipo in modo sicuro.<\/p>\n<p>Il sistema di prenotazione online include l'invio automatico di messaggi relativi alla prenotazione via e-mail o SMS:<br \/>- conferma della prenotazione,<br \/>- promemoria della prenotazione,<br \/>- cancellazione o modifica di una prenotazione,<br \/>- questionario di soddisfazione.<\/p>\n<p>Per esempio, i promemoria delle prenotazioni aiutano a prevenire gli appuntamenti mancati e i questionari ti permettono di valutare la soddisfazione dei clienti per migliorare continuamente il tuo servizio.<\/p>\n<p>I record dei clienti vengono aggiornati automaticamente quando vengono effettuate le prenotazioni.<\/p>\n<p>Le prenotazioni sono compilate in un calendario (sincronizzato con i calendari di Google, Outlook, ecc.) per una panoramica in tempo reale di tutte le tue prenotazioni e le informazioni su di esse. Puoi cambiare, spostare o cancellare una prenotazione in qualsiasi momento.<\/p>\n<p>Con il modulo di prenotazione online, potete semplificare il processo di prenotazione di appuntamenti e noleggi e liberare il vostro tempo e quello del vostro personale eliminando la necessit\u00e0 di gestire tutte le prenotazioni telefoniche.<\/p>\n<\/div><\/div><\/div><\/div><\/div><div class=\"et_pb_section_2 et_pb_section et_section_regular et_block_section\" id=\"Solutions\"><div class=\"et_pb_row_5 et_pb_row et_pb_equal_columns et_block_row\"><div class=\"et_pb_column_7 et_pb_column et_pb_column_1_2 et_block_column et_pb_css_mix_blend_mode_passthrough\"><div class=\"et_pb_image_1 et_pb_image et_animated et_pb_module et_block_module\"><a href=\"https:\/\/mca-software.fr\/logiciel-kale\/\"><span class=\"et_pb_image_wrap\"><img decoding=\"async\" src=\"https:\/\/mca-software.fr\/wordpress\/wp-content\/uploads\/2022\/07\/mca-kale-logo-refait-recadre-300x170.png\" width=\"300\" height=\"170\" srcset=\"https:\/\/mca-software.fr\/wordpress\/wp-content\/uploads\/2022\/07\/mca-kale-logo-refait-recadre-300x170.png 300w, https:\/\/mca-software.fr\/wordpress\/wp-content\/uploads\/2022\/07\/mca-kale-logo-refait-recadre-200x113.png 200w, https:\/\/mca-software.fr\/wordpress\/wp-content\/uploads\/2022\/07\/mca-kale-logo-refait-recadre.png 443w\" sizes=\"(max-width: 300px) 100vw, 300px\" class=\"wp-image-47903\" title=\"MCA Kale, un software completo per PMI e grandi aziende\" alt=\"Logo del software MCA Kale con un grande uccello origami\" \/><\/span><\/a><\/div><div class=\"et_pb_text_6 et_pb_text et_pb_bg_layout_light et_pb_module et_block_module\"><div class=\"et_pb_text_inner\"><p style=\"text-align: center;\">Software per grandi aziende<\/p>\n<\/div><\/div><div class=\"et_pb_module et_pb_button_module_wrapper et_pb_button_0_wrapper preset--module--divi-button--e6919fb1-d0a4-440c-891a-c76fc3d47025_wrapper\"><a class=\"et_pb_button_0 et_pb_button et_pb_bg_layout_light et_pb_module et_block_module preset--module--divi-button--e6919fb1-d0a4-440c-891a-c76fc3d47025\" href=\"https:\/\/mca-software.fr\/logiciel-kale\/\">Ulteriori informazioni<\/a><\/div><\/div><div class=\"et_pb_column_8 et_pb_column et_pb_column_1_2 et-last-child et_block_column et_pb_css_mix_blend_mode_passthrough\"><div class=\"et_pb_image_2 et_pb_image et_animated et_pb_module et_block_module\"><a href=\"https:\/\/mca-software.fr\/logiciel-colibri\/\"><span class=\"et_pb_image_wrap\"><img decoding=\"async\" src=\"https:\/\/mca-software.fr\/wordpress\/wp-content\/uploads\/2022\/07\/mca-colibri-logo-refait-recadre-300x170.png\" width=\"300\" height=\"170\" srcset=\"https:\/\/mca-software.fr\/wordpress\/wp-content\/uploads\/2022\/07\/mca-colibri-logo-refait-recadre-300x170.png 300w, https:\/\/mca-software.fr\/wordpress\/wp-content\/uploads\/2022\/07\/mca-colibri-logo-refait-recadre-200x114.png 200w, https:\/\/mca-software.fr\/wordpress\/wp-content\/uploads\/2022\/07\/mca-colibri-logo-refait-recadre.png 442w\" sizes=\"(max-width: 300px) 100vw, 300px\" class=\"wp-image-47907\" title=\"MCA Colibri, software di fatturazione e contabilit\u00e0 per le piccole imprese\" alt=\"Logo del software MCA Colibri che rappresenta un piccolo uccello origami\" \/><\/span><\/a><\/div><div class=\"et_pb_text_7 et_pb_text et_pb_bg_layout_light et_pb_module et_block_module et_pb_text_align_center\"><div class=\"et_pb_text_inner\"><p style=\"text-align: center;\">Software per i lavoratori autonomi e i commercianti<\/p>\n<\/div><\/div><div class=\"et_pb_module et_pb_button_module_wrapper et_pb_button_1_wrapper preset--module--divi-button--e6919fb1-d0a4-440c-891a-c76fc3d47025_wrapper\"><a class=\"et_pb_button_1 et_pb_button et_pb_bg_layout_light et_pb_module et_block_module preset--module--divi-button--e6919fb1-d0a4-440c-891a-c76fc3d47025\" href=\"https:\/\/mca-software.fr\/logiciel-colibri\/\">Ulteriori informazioni<\/a><\/div><\/div><\/div><\/div><div class=\"et_pb_section_3 et_pb_section et_section_regular et_block_section\"><div class=\"et_pb_row_6 et_pb_row et_block_row\"><div class=\"et_pb_column_9 et_pb_column et_pb_column_4_4 et-last-child et_block_column et_pb_css_mix_blend_mode_passthrough\"><div class=\"et_pb_text_8 et_pb_text et_pb_bg_layout_light et_pb_module et_block_module preset--module--divi-text--75a373b3-a752-4305-81e8-535fbf8079d6\"><div class=\"et_pb_text_inner\"><h2>Per riassumere<\/h2>\n<p><span>Il nostro <\/span><strong>modulo di prenotazione online<\/strong><span> rappresenta una soluzione preziosa per migliorare la gestione del rapporto con i clienti <\/span><strong>clienti<\/strong><span> all'interno della vostra <\/span><strong>azienda<\/strong><span>.<\/span><\/p>\n<p><span>Grazie a questo <\/span><strong>software<\/strong><span>i vostri <\/span><strong>clienti<\/strong><span> possono prenotare 24 ore su 24, 7 giorni su 7, direttamente dal vostro sito web, senza dover aspettare l'apertura della vostra attivit\u00e0.<\/span><\/p>\n<p><span>Questo non solo fa risparmiare tempo ai vostri <\/span><strong>clienti<\/strong><span>ma anche per voi e i vostri team. <\/span><strong>team<\/strong><span>Tutte le prenotazioni sono gestite in modo efficiente grazie a un calendario online che riunisce tutte le prenotazioni e le informazioni associate.<\/span><\/p>\n<p><span>Inoltre, i messaggi di conferma <\/span><strong>conferma<\/strong><span> e <\/span><strong>promemoria<\/strong><span> contribuiscono a garantire il rispetto degli appuntamenti e a ridurre le cancellazioni dell'ultimo minuto.<\/span><\/p>\n<p><span>Questo sistema di prenotazione online \u00e8 adatto a vari tipi di attivit\u00e0, dagli appuntamenti agli eventi o ai noleggi, e offre anche la possibilit\u00e0 di <\/span><strong>pagamento<\/strong><span> pagamento online sicuro.<\/span><\/p>\n<p><span>Semplifica inoltre la comunicazione con <\/span><strong>clienti<\/strong><span> con notifiche automatiche e questionari di <\/span><strong>questionari di soddisfazione<\/strong><span>.<\/span><\/p>\n<p><span>In definitiva, questo modulo migliora <\/span><strong>la soddisfazione del cliente<\/strong><span> ottimizzando al contempo la <\/span><strong>gestione<\/strong><span> dell'azienda.<\/span><\/p>\n<p><span>Sia che siate a capo di una grande azienda o di un artigiano indipendente, questa <\/span><strong>soluzione<\/strong><span> offre molti <\/span><strong>vantaggi<\/strong><span> per migliorare le vostre operazioni e rafforzare la vostra presenza online.<\/span><\/p>\n<\/div><\/div><\/div><\/div><div class=\"et_pb_row_7 et_pb_row et_block_row\"><div class=\"et_pb_column_10 et_pb_column et_pb_column_4_4 et-last-child et_block_column et_pb_css_mix_blend_mode_passthrough\"><div class=\"et_pb_text_9 et_pb_text et_pb_bg_layout_light et_pb_module et_block_module\"><div class=\"et_pb_text_inner\"><p>Software ERP, CRM, software gestionale, gestione commerciale, contabilit\u00e0, azioni, PMI, cloud, gestione aziendale, pianificazione, erp, saas, sistema informativo, pacchetti software, erp, pacchetto software, relazioni con i clienti, software di gestione, gestione della produzione, gestione integrata, gestione delle relazioni, e-commerce, pianificazione delle risorse aziendali, soluzione di gestione, soluzioni ERP, pianificazione delle risorse aziendali, integratore, gestione dell'inventario,  Database unico, soluzione ERP, tracciabilit\u00e0, dashboard, gestione delle relazioni con i clienti, fatturazione, implementazione, trading, gestione delle risorse, dinamiche Microsoft, pilota, software gestionale, open source, oracolo, progetto ERP, unicit\u00e0, gestione contabile, Dolibarr, software gestionale, software ERP, le nostre soluzioni, PMI, automazione, parametrizzazione, software di gestione commerciale, operazioni, soluzioni gestionali, TPE, sistema di pianificazione delle risorse aziendali,  SaaS, CEGID, Demo, Automatizzare, Funzionale, ERP e CRM, Pianificazione delle risorse, Scalabile, Pianificazione delle risorse aziendali, EBP, Business Intelligence, Flusso di lavoro, Modulare, Risorse aziendali, ERP open source, Ergonomia, CRM e ERP, BI, Software, Software, Flessibilit\u00e0, Processi aziendali, Integrato, Medie, Piccole e medie imprese, Moduli multipli, Dynamics NAV, Industria, Ambito funzionale, Agilit\u00e0, NAV,  Supply Chain, Project Management, Consulenti, Database, Analytics, Mercato ERP, Gestione Integrata, Gestione Risorse Umane, Reporting, Funzionale, Gestione Acquisti, Contabilit\u00e0, Diversi Moduli, Pacchetto ERP, Microsoft Dynamics NAV, ERP SaaS, Set di Processi, Interfacce, Software di Gestione Aziendale, Reparto IT, Centralizzare, Dynamics Ax, Strumenti di Gestione, Servizi Diversi, Processi Aziendali, Giorno in Tempo Reale,  SAP ERP, copertura funzionale, processo decisionale, openerp, integrato nel software, moduli indipendenti, processi aziendali, soluzione software, magazzini, project manager, dolibarr erp, gestione finanziaria, modulo di gestione, processi aziendali, wms, centralizzato, gestione dell'inventario, supply chain, processi operativi, software aziendale, strumento integrato, specifiche ERP, il tuo business, data entry, controllo di gestione,  Medie imprese, tesoreria, soluzioni software, software aziendale, software CRM, Sage ERP, sistemi ERP, voci, configurabile, flessibile, opensource, tutti i servizi, consulenza, integrato con software, VSE e PMI, processi di lavoro, integrato con software, moduli software, piccole e medie imprese, gestione dei progetti, mySQL, configurazione del software, sviluppatore, risparmiare tempo, implementazione del software,  Centralizzazione, soluzione CRM, EDI, software aziendale, licenze, CEGID ERP, introduzione, numero D Utenti, moduli gestionali, ciclo di vita, reattivit\u00e0, consulente ERP, software di produzione, scritture contabili, applicazioni informatiche, gestione vendite, strumento di gestione, soluzioni CRM, nuove funzionalit\u00e0, integra uno strumento, back office, consente di gestire, software gestionale integrato, che consente di gestire tutto, esigenze specifiche, soluzione completa, collaborativo, buste paga, apparecchiature informatiche, funzionale, contabilit\u00e0,  motore di workflow, sage erp, software publisher, supporto alle decisioni, integratori, automatizzato, enterprise integrato, modulo CRM, gestione dei flussi, software di gestione aziendale, software SAP, software integrato, MRP, PMI PMI, controllo dei costi, soluzione di gestione integrata, gestione dati, JD Edwards, agroalimentare, sviluppi specifici, dematerializzazione, gestione aziendale, filiali, logistica,  migliore gestione, prestashop, moduli specifici, costruzione, erp finanza, societ\u00e0 di software, applicazioni multiple, scalabile, integrato, pacchetto, software logistico, gestione del personale, risparmio di tempo, repository, microsoft dynamics ax, dizionario grande, completo e integrato, terminologia, contabilit\u00e0 e finanza, dizionario terminologico, potrebbe essere integrato, centralizzato, attivit\u00e0 commerciale, competitivo, sql server, gestione ordini<\/p>\n<\/div><\/div><\/div><\/div><\/div>\n","protected":false},"excerpt":{"rendered":"","protected":false},"author":3,"featured_media":0,"parent":37857,"menu_order":0,"comment_status":"closed","ping_status":"closed","template":"","meta":{"content-type":"","inline_featured_image":false,"_price":"","_stock":"","_tribe_ticket_header":"","_tribe_default_ticket_provider":"","_tribe_ticket_capacity":"0","_ticket_start_date":"","_ticket_end_date":"","_tribe_ticket_show_description":"","_tribe_ticket_show_not_going":false,"_tribe_ticket_use_global_stock":"","_tribe_ticket_global_stock_level":"","_global_stock_mode":"","_global_stock_cap":"","_tribe_rsvp_for_event":"","_tribe_ticket_going_count":"","_tribe_ticket_not_going_count":"","_tribe_tickets_list":"[]","_tribe_ticket_has_attendee_info_fields":false,"_EventAllDay":false,"_EventTimezone":"","_EventStartDate":"","_EventEndDate":"","_EventStartDateUTC":"","_EventEndDateUTC":"","_EventShowMap":false,"_EventShowMapLink":false,"_EventURL":"","_EventCost":"","_EventCostDescription":"","_EventCurrencySymbol":"","_EventCurrencyCode":"","_EventCurrencyPosition":"","_EventDateTimeSeparator":"","_EventTimeRangeSeparator":"","_EventOrganizerID":[],"_EventVenueID":[],"_OrganizerEmail":"","_OrganizerPhone":"","_OrganizerWebsite":"","_VenueAddress":"","_VenueCity":"","_VenueCountry":"","_VenueProvince":"","_VenueState":"","_VenueZip":"","_VenuePhone":"","_VenueURL":"","_VenueStateProvince":"","_VenueLat":"","_VenueLng":"","_VenueShowMap":false,"_VenueShowMapLink":false,"footnotes":"","_tec_slr_enabled":"","_tec_slr_layout":""},"class_list":["post-16574","page","type-page","status-publish","hentry"],"yoast_head":"<!-- This site is optimized with the Yoast SEO Premium plugin v26.1 (Yoast SEO v27.2) - https:\/\/yoast.com\/product\/yoast-seo-premium-wordpress\/ -->\n<title>Software di prenotazione online | Booking | MCA Concept<\/title>\n<meta name=\"description\" content=\"Con questo modulo, \u00e8 possibile semplificare la prenotazione di appuntamenti e noleggi. Questo libera il tuo tempo di gestione del telefono per questi compiti.\" \/>\n<meta name=\"robots\" content=\"index, follow, max-snippet:-1, max-image-preview:large, max-video-preview:-1\" \/>\n<link rel=\"canonical\" href=\"https:\/\/mca-software.fr\/it\/i-moduli\/booking\/\" \/>\n<meta property=\"og:locale\" content=\"it_IT\" \/>\n<meta property=\"og:type\" content=\"article\" \/>\n<meta property=\"og:title\" content=\"Booking\" \/>\n<meta property=\"og:description\" content=\"Con questo modulo, \u00e8 possibile semplificare la prenotazione di appuntamenti e noleggi. Questo libera il tuo tempo di gestione del telefono per questi compiti.\" \/>\n<meta property=\"og:url\" content=\"https:\/\/mca-software.fr\/it\/i-moduli\/booking\/\" \/>\n<meta property=\"og:site_name\" content=\"MCA Concept\" \/>\n<meta property=\"article:publisher\" content=\"https:\/\/www.facebook.com\/mcaconcept\/\" \/>\n<meta property=\"article:modified_time\" content=\"2026-03-30T09:49:05+00:00\" \/>\n<meta name=\"twitter:card\" content=\"summary_large_image\" \/>\n<meta name=\"twitter:site\" content=\"@McaConcept\" \/>\n<script type=\"application\/ld+json\" class=\"yoast-schema-graph\">{\"@context\":\"https:\/\/schema.org\",\"@graph\":[{\"@type\":\"WebPage\",\"@id\":\"https:\/\/mca-software.fr\/it\/i-moduli\/booking\/\",\"url\":\"https:\/\/mca-software.fr\/it\/i-moduli\/booking\/\",\"name\":\"Software di prenotazione online | Booking | MCA Concept\",\"isPartOf\":{\"@id\":\"https:\/\/mca-software.fr\/it\/#website\"},\"datePublished\":\"2021-09-17T08:05:43+00:00\",\"dateModified\":\"2026-03-30T09:49:05+00:00\",\"description\":\"Con questo modulo, \u00e8 possibile semplificare la prenotazione di appuntamenti e noleggi. Questo libera il tuo tempo di gestione del telefono per questi compiti.\",\"breadcrumb\":{\"@id\":\"https:\/\/mca-software.fr\/it\/i-moduli\/booking\/#breadcrumb\"},\"inLanguage\":\"it-IT\",\"potentialAction\":[{\"@type\":\"ReadAction\",\"target\":[\"https:\/\/mca-software.fr\/it\/i-moduli\/booking\/\"]}]},{\"@type\":\"BreadcrumbList\",\"@id\":\"https:\/\/mca-software.fr\/it\/i-moduli\/booking\/#breadcrumb\",\"itemListElement\":[{\"@type\":\"ListItem\",\"position\":1,\"name\":\"Home\",\"item\":\"https:\/\/mca-software.fr\/it\/nuova-casa\/\"},{\"@type\":\"ListItem\",\"position\":2,\"name\":\"I moduli\",\"item\":\"https:\/\/mca-software.fr\/it\/i-moduli\/\"},{\"@type\":\"ListItem\",\"position\":3,\"name\":\"Booking\"}]},{\"@type\":\"WebSite\",\"@id\":\"https:\/\/mca-software.fr\/it\/#website\",\"url\":\"https:\/\/mca-software.fr\/it\/\",\"name\":\"MCA Concept\",\"description\":\"Solutions de gestion d&#039;entreprise ERP-CRM-CMS\",\"potentialAction\":[{\"@type\":\"SearchAction\",\"target\":{\"@type\":\"EntryPoint\",\"urlTemplate\":\"https:\/\/mca-software.fr\/it\/?s={search_term_string}\"},\"query-input\":{\"@type\":\"PropertyValueSpecification\",\"valueRequired\":true,\"valueName\":\"search_term_string\"}}],\"inLanguage\":\"it-IT\"}]}<\/script>\n<!-- \/ Yoast SEO Premium plugin. -->","yoast_head_json":{"title":"Software di prenotazione online | Booking | MCA Concept","description":"Con questo modulo, \u00e8 possibile semplificare la prenotazione di appuntamenti e noleggi. Questo libera il tuo tempo di gestione del telefono per questi compiti.","robots":{"index":"index","follow":"follow","max-snippet":"max-snippet:-1","max-image-preview":"max-image-preview:large","max-video-preview":"max-video-preview:-1"},"canonical":"https:\/\/mca-software.fr\/it\/i-moduli\/booking\/","og_locale":"it_IT","og_type":"article","og_title":"Booking","og_description":"Con questo modulo, \u00e8 possibile semplificare la prenotazione di appuntamenti e noleggi. Questo libera il tuo tempo di gestione del telefono per questi compiti.","og_url":"https:\/\/mca-software.fr\/it\/i-moduli\/booking\/","og_site_name":"MCA Concept","article_publisher":"https:\/\/www.facebook.com\/mcaconcept\/","article_modified_time":"2026-03-30T09:49:05+00:00","twitter_card":"summary_large_image","twitter_site":"@McaConcept","schema":{"@context":"https:\/\/schema.org","@graph":[{"@type":"WebPage","@id":"https:\/\/mca-software.fr\/it\/i-moduli\/booking\/","url":"https:\/\/mca-software.fr\/it\/i-moduli\/booking\/","name":"Software di prenotazione online | Booking | MCA Concept","isPartOf":{"@id":"https:\/\/mca-software.fr\/it\/#website"},"datePublished":"2021-09-17T08:05:43+00:00","dateModified":"2026-03-30T09:49:05+00:00","description":"Con questo modulo, \u00e8 possibile semplificare la prenotazione di appuntamenti e noleggi. Questo libera il tuo tempo di gestione del telefono per questi compiti.","breadcrumb":{"@id":"https:\/\/mca-software.fr\/it\/i-moduli\/booking\/#breadcrumb"},"inLanguage":"it-IT","potentialAction":[{"@type":"ReadAction","target":["https:\/\/mca-software.fr\/it\/i-moduli\/booking\/"]}]},{"@type":"BreadcrumbList","@id":"https:\/\/mca-software.fr\/it\/i-moduli\/booking\/#breadcrumb","itemListElement":[{"@type":"ListItem","position":1,"name":"Home","item":"https:\/\/mca-software.fr\/it\/nuova-casa\/"},{"@type":"ListItem","position":2,"name":"I moduli","item":"https:\/\/mca-software.fr\/it\/i-moduli\/"},{"@type":"ListItem","position":3,"name":"Booking"}]},{"@type":"WebSite","@id":"https:\/\/mca-software.fr\/it\/#website","url":"https:\/\/mca-software.fr\/it\/","name":"MCA Concept","description":"Solutions de gestion d&#039;entreprise ERP-CRM-CMS","potentialAction":[{"@type":"SearchAction","target":{"@type":"EntryPoint","urlTemplate":"https:\/\/mca-software.fr\/it\/?s={search_term_string}"},"query-input":{"@type":"PropertyValueSpecification","valueRequired":true,"valueName":"search_term_string"}}],"inLanguage":"it-IT"}]}},"ticketed":false,"_links":{"self":[{"href":"https:\/\/mca-software.fr\/it\/wp-json\/wp\/v2\/pages\/16574","targetHints":{"allow":["GET"]}}],"collection":[{"href":"https:\/\/mca-software.fr\/it\/wp-json\/wp\/v2\/pages"}],"about":[{"href":"https:\/\/mca-software.fr\/it\/wp-json\/wp\/v2\/types\/page"}],"author":[{"embeddable":true,"href":"https:\/\/mca-software.fr\/it\/wp-json\/wp\/v2\/users\/3"}],"replies":[{"embeddable":true,"href":"https:\/\/mca-software.fr\/it\/wp-json\/wp\/v2\/comments?post=16574"}],"version-history":[{"count":28,"href":"https:\/\/mca-software.fr\/it\/wp-json\/wp\/v2\/pages\/16574\/revisions"}],"predecessor-version":[{"id":84203,"href":"https:\/\/mca-software.fr\/it\/wp-json\/wp\/v2\/pages\/16574\/revisions\/84203"}],"up":[{"embeddable":true,"href":"https:\/\/mca-software.fr\/it\/wp-json\/wp\/v2\/pages\/37857"}],"wp:attachment":[{"href":"https:\/\/mca-software.fr\/it\/wp-json\/wp\/v2\/media?parent=16574"}],"curies":[{"name":"wp","href":"https:\/\/api.w.org\/{rel}","templated":true}]}}