{"id":7220,"date":"2021-03-08T14:03:43","date_gmt":"2021-03-08T13:03:43","guid":{"rendered":"https:\/\/mca-software.fr\/formular-bestellung-2\/"},"modified":"2026-03-30T11:39:56","modified_gmt":"2026-03-30T09:39:56","slug":"formular-allgemein","status":"publish","type":"page","link":"https:\/\/mca-software.fr\/de\/formular-allgemein\/","title":{"rendered":"Formular: Aufruf zum Handeln: Allgemein"},"content":{"rendered":"\n<div class=\"et_pb_section_0 et_pb_section et_section_regular et_block_section\"><div class=\"et_pb_row_0 et_pb_row et_block_row\"><div class=\"et_pb_column_0 et_pb_column et_pb_column_4_4 et-last-child et_block_column et_pb_css_mix_blend_mode_passthrough\"><div class=\"et_pb_text_0 et_pb_text et_pb_bg_layout_light et_pb_module et_block_module preset--module--divi-text--75a373b3-a752-4305-81e8-535fbf8079d6\"><div class=\"et_pb_text_inner\"><h1>Informationen anfragen<\/h1>\n<\/div><\/div><\/div><\/div><div class=\"et_pb_row_1 et_pb_row et_block_row\"><div class=\"et_pb_column_1 et_pb_column et_pb_column_4_4 et-last-child et_block_column et_pb_css_mix_blend_mode_passthrough\"><div class=\"et_pb_text_1 et_pb_text et_pb_bg_layout_light et_pb_module et_block_module preset--module--divi-text--75a373b3-a752-4305-81e8-535fbf8079d6\"><div class=\"et_pb_text_inner\"><p>Haben Sie Fragen zur Software von MCA Concept oder sind Sie unschl\u00fcssig, welche L\u00f6sung am besten zu den Bed\u00fcrfnissen Ihres Unternehmens passt? M\u00f6chten Sie eine Verwaltungsl\u00f6sung definieren, die auf Ihre T\u00e4tigkeit zugeschnitten ist?<\/p>\n<p>Unser Team steht Ihnen gerne zur Verf\u00fcgung, um Ihnen die Funktionen, auf die Sie zugreifen k\u00f6nnen, zu erkl\u00e4ren und Sie bei der Auswahl der Schl\u00fcssell\u00f6sung zur Verbesserung der Gesamtverwaltung Ihres Unternehmens zu unterst\u00fctzen.<\/p>\n<p>Lassen Sie sich von den <strong>neuesten Funktionen<\/strong> \u00fcberraschen.<br \/>Eine Entdeckung der M\u00f6glichkeiten, die Sie in Ihr Unternehmen einbringen k\u00f6nnen, indem Sie Ihr t\u00e4gliches Leben vereinfachen.<\/p>\n<\/div><\/div><\/div><\/div><\/div><div class=\"et_pb_section_1 et_pb_section et_section_regular et_block_section\"><div class=\"et_pb_row_2 et_pb_row et_block_row\"><div class=\"et_pb_column_2 et_pb_column et_pb_column_4_4 et-last-child et_block_column et_pb_css_mix_blend_mode_passthrough\"><div class=\"et_pb_contact_form_0 et_pb_contact_form_container clearfix et_pb_module et_flex_module\" data-form_unique_num=\"0\" data-form_unique_id=\"fbf428c7-8114-4395-8c1f-a8d863e80b7c\" data-redirect_url=\"https:\/\/mca-software.fr\/de\/danksagung\/\" id=\"gen_mca\"><div class=\"et-pb-contact-message\"><\/div><div class=\"et_pb_contact\"><form class=\"et_pb_contact_form et_flex_module\" method=\"post\" action=\"https:\/\/mca-software.fr\/de\/wp-json\/wp\/v2\/pages\/7220\"><div class=\"et_pb_contact_field_0 et_pb_contact_field et_pb_module et_flex_module et_flex_column_12_24 et_flex_column_12_24_tablet et_flex_column_12_24_phone\" data-id=\"entreprise\" data-type=\"input\"><label class=\"et_pb_contact_form_label\" for=\"et_pb_contact_0_entreprise_0\">Unternehmen<\/label><input type=\"text\" name=\"et_pb_contact_0_entreprise_0\" id=\"et_pb_contact_0_entreprise_0\" class=\"input\" data-required_mark=\"not_required\" data-field_type=\"input\" data-original_id=\"entreprise\" placeholder=\"Unternehmen\" title=\"\" value=\"\" \/><\/div><div class=\"et_pb_contact_field_1 et_pb_contact_field et_pb_module et_flex_module et_flex_column_12_24 et_flex_column_12_24_tablet et_flex_column_12_24_phone\" data-id=\"name\" data-type=\"input\"><label class=\"et_pb_contact_form_label\" for=\"et_pb_contact_0_name_1\">Name* \/ Vorname*<\/label><input type=\"text\" name=\"et_pb_contact_0_name_1\" id=\"et_pb_contact_0_name_1\" class=\"input\" data-required_mark=\"required\" data-field_type=\"input\" data-original_id=\"name\" placeholder=\"Name* \/ Vorname*\" title=\"\" value=\"\" \/><\/div><div class=\"et_pb_contact_field_2 et_pb_contact_field et_pb_module et_flex_module et_flex_column_12_24 et_flex_column_12_24_tablet et_flex_column_12_24_phone\" data-id=\"email\" data-type=\"email\"><label class=\"et_pb_contact_form_label\" for=\"et_pb_contact_0_email_2\">Kontakt-E-Mail-Adresse*<\/label><input type=\"text\" name=\"et_pb_contact_0_email_2\" id=\"et_pb_contact_0_email_2\" class=\"input\" data-required_mark=\"required\" data-field_type=\"email\" data-original_id=\"email\" placeholder=\"Kontakt-E-Mail-Adresse*\" title=\"\" value=\"\" \/><\/div><div class=\"et_pb_contact_field_3 et_pb_contact_field et_pb_module et_flex_module et_flex_column_12_24 et_flex_column_12_24_tablet et_flex_column_12_24_phone\" data-id=\"pays\" data-type=\"input\"><label class=\"et_pb_contact_form_label\" for=\"et_pb_contact_0_pays_3\">Land<\/label><input type=\"text\" name=\"et_pb_contact_0_pays_3\" id=\"et_pb_contact_0_pays_3\" class=\"input\" data-required_mark=\"required\" data-field_type=\"input\" data-original_id=\"pays\" placeholder=\"Land\" title=\"\" value=\"\" \/><\/div><div class=\"et_pb_contact_field_4 et_pb_contact_field et_pb_module et_flex_module et_flex_column_12_24 et_flex_column_12_24_tablet et_flex_column_12_24_phone\" data-id=\"telephone\" data-type=\"input\"><label class=\"et_pb_contact_form_label\" for=\"et_pb_contact_0_telephone_4\">Telefonnummer<\/label><input type=\"text\" name=\"et_pb_contact_0_telephone_4\" id=\"et_pb_contact_0_telephone_4\" class=\"input\" data-required_mark=\"not_required\" data-field_type=\"input\" data-original_id=\"telephone\" placeholder=\"Telefonnummer\" title=\"\" value=\"\" \/><\/div><div class=\"et_pb_contact_field_5 et_pb_contact_field et_pb_module et_flex_module et_flex_column_12_24 et_flex_column_12_24_tablet et_flex_column_12_24_phone\" data-id=\"nombreutilisateurs\" data-type=\"input\"><label class=\"et_pb_contact_form_label\" for=\"et_pb_contact_0_nombreutilisateurs_5\">Anzahl der Benutzer<\/label><input type=\"text\" name=\"et_pb_contact_0_nombreutilisateurs_5\" id=\"et_pb_contact_0_nombreutilisateurs_5\" class=\"input\" data-required_mark=\"not_required\" data-field_type=\"input\" data-original_id=\"nombreutilisateurs\" placeholder=\"Anzahl der Benutzer\" title=\"\" value=\"\" \/><\/div><div class=\"et_pb_contact_field_6 et_pb_contact_field et_pb_module et_flex_module et_flex_column_12_24 et_flex_column_12_24_tablet et_flex_column_12_24_phone\" data-id=\"monnaie\" data-type=\"input\"><label class=\"et_pb_contact_form_label\" for=\"et_pb_contact_0_monnaie_6\">W\u00e4hrung (CHF, EUR, ...)*<\/label><input type=\"text\" name=\"et_pb_contact_0_monnaie_6\" id=\"et_pb_contact_0_monnaie_6\" class=\"input\" data-required_mark=\"required\" data-field_type=\"input\" data-original_id=\"monnaie\" placeholder=\"W\u00e4hrung (CHF, EUR, ...)*\" title=\"\" value=\"\" \/><\/div><div class=\"et_pb_contact_field_7 et_pb_contact_field et_pb_module et_flex_module et_flex_column_24_24 et_flex_column_24_24_tablet et_flex_column_24_24_phone\" data-id=\"version\" data-type=\"input\"><label class=\"et_pb_contact_form_label\" for=\"et_pb_contact_0_version_7\">Welche Version ben\u00f6tigen Sie Ihrer Meinung nach? (Beispiel: MCA Kale, MCA Flame... etc.)<\/label><input type=\"text\" name=\"et_pb_contact_0_version_7\" id=\"et_pb_contact_0_version_7\" class=\"input\" data-required_mark=\"not_required\" data-field_type=\"input\" data-original_id=\"version\" placeholder=\"Welche Version ben\u00f6tigen Sie Ihrer Meinung nach? (Beispiel: MCA Kale, MCA Flame... etc.)\" title=\"\" value=\"\" \/><\/div><div class=\"et_pb_contact_field_8 et_pb_contact_field et_pb_module et_flex_module et_flex_column_24_24 et_flex_column_24_24_tablet et_flex_column_24_24_phone\" data-id=\"description\" data-type=\"text\"><label class=\"et_pb_contact_form_label\" for=\"et_pb_contact_0_description_8\">Beschreiben Sie hier die gew\u00fcnschten Funktionen \/ die Struktur Ihres Unternehmens \/ andere n\u00fctzliche Informationen...<\/label><textarea name=\"et_pb_contact_0_description_8\" id=\"et_pb_contact_0_description_8\" class=\"et_pb_contact_message input\" data-required_mark=\"not_required\" data-field_type=\"text\" data-original_id=\"description\" placeholder=\"Beschreiben Sie hier die gew\u00fcnschten Funktionen \/ die Struktur Ihres Unternehmens \/ andere n\u00fctzliche Informationen...\"><\/textarea><\/div><div class=\"et_pb_contact_field_9 et_pb_contact_field et_pb_module et_flex_module et_flex_column_24_24 et_flex_column_24_24_tablet et_flex_column_24_24_phone\" data-id=\"politiqueconfi\" data-type=\"checkbox\"><label class=\"et_pb_contact_form_label\"> <\/label><input type=\"hidden\" name=\"et_pb_contact_0_politiqueconfi_9\" class=\"et_pb_checkbox_handle\" data-required_mark=\"required\" data-field_type=\"checkbox\" data-original_id=\"politiqueconfi\" \/><span class=\"et_pb_contact_field_options_wrapper\"><span class=\"et_pb_contact_field_options_title\"> <\/span><span class=\"et_pb_contact_field_options_list\"><span class=\"et_pb_contact_field_checkbox\"><input type=\"checkbox\" id=\"et_pb_contact_0_politiqueconfi_9_0\" class=\"input\" value=\"Ich habe die Datenschutzbestimmungen gelesen und akzeptiere sie : \" data-required_mark=\"required\" data-field_type=\"checkbox\" data-original_id=\"politiqueconfi\" \/><label for=\"et_pb_contact_0_politiqueconfi_9_0\"><i><\/i>Ich habe die Datenschutzbestimmungen gelesen und akzeptiere sie :  <a target=\"_blank\" href=\"https:\/\/mca-software.fr\/politique-de-confidentialite\/\">Datenschutzrichtlinie*<\/a><\/label><\/span><\/span><\/span><\/div><input type=\"hidden\" name=\"et_pb_contactform_submit_fbf428c7-8114-4395-8c1f-a8d863e80b7c\" value=\"et_contact_proccess\" \/><div class=\"et_contact_bottom_container\"><div class=\"et_pb_contact_right et_pb_contact_field\"><p class=\"clearfix\"><span class=\"et_pb_contact_captcha_question\">5 + 2<\/span> = <input type=\"text\" size=\"2\" class=\"input et_pb_contact_captcha\" data-first_digit=\"5\" data-second_digit=\"2\" data-required_mark=\"required\" name=\"et_pb_contact_captcha_fbf428c7-8114-4395-8c1f-a8d863e80b7c\" autocomplete=\"off\" \/><\/p><\/div><div class=\"et_pb_button_wrapper\"><button type=\"submit\" name=\"et_builder_submit_button\" class=\"et_pb_button et_pb_contact_submit\" data-icon=\"5\">Senden<\/button><\/div><\/div><input type=\"hidden\" id=\"_wpnonce-et-pb-contact-form-submitted-fbf428c7-8114-4395-8c1f-a8d863e80b7c\" name=\"_wpnonce-et-pb-contact-form-submitted-fbf428c7-8114-4395-8c1f-a8d863e80b7c\" value=\"512b64b9a3\" \/><input type=\"hidden\" name=\"_wp_http_referer\" value=\"\/de\/wp-json\/wp\/v2\/pages\/7220\" \/><\/form><\/div><\/div><\/div><\/div><\/div>\n","protected":false},"excerpt":{"rendered":"","protected":false},"author":3,"featured_media":0,"parent":0,"menu_order":0,"comment_status":"closed","ping_status":"closed","template":"","meta":{"content-type":"","inline_featured_image":false,"_price":"","_stock":"","_tribe_ticket_header":"","_tribe_default_ticket_provider":"","_tribe_ticket_capacity":"0","_ticket_start_date":"","_ticket_end_date":"","_tribe_ticket_show_description":"","_tribe_ticket_show_not_going":false,"_tribe_ticket_use_global_stock":"","_tribe_ticket_global_stock_level":"","_global_stock_mode":"","_global_stock_cap":"","_tribe_rsvp_for_event":"","_tribe_ticket_going_count":"","_tribe_ticket_not_going_count":"","_tribe_tickets_list":"[]","_tribe_ticket_has_attendee_info_fields":false,"_EventAllDay":false,"_EventTimezone":"","_EventStartDate":"","_EventEndDate":"","_EventStartDateUTC":"","_EventEndDateUTC":"","_EventShowMap":false,"_EventShowMapLink":false,"_EventURL":"","_EventCost":"","_EventCostDescription":"","_EventCurrencySymbol":"","_EventCurrencyCode":"","_EventCurrencyPosition":"","_EventDateTimeSeparator":"","_EventTimeRangeSeparator":"","_EventOrganizerID":[],"_EventVenueID":[],"_OrganizerEmail":"","_OrganizerPhone":"","_OrganizerWebsite":"","_VenueAddress":"","_VenueCity":"","_VenueCountry":"","_VenueProvince":"","_VenueState":"","_VenueZip":"","_VenuePhone":"","_VenueURL":"","_VenueStateProvince":"","_VenueLat":"","_VenueLng":"","_VenueShowMap":false,"_VenueShowMapLink":false,"footnotes":"","_tec_slr_enabled":"","_tec_slr_layout":""},"class_list":["post-7220","page","type-page","status-publish","hentry"],"yoast_head":"<!-- This site is optimized with the Yoast SEO Premium plugin v26.1 (Yoast SEO v27.2) - https:\/\/yoast.com\/product\/yoast-seo-premium-wordpress\/ -->\n<title>Entdecken Sie die f\u00fcr Sie verf\u00fcgbaren L\u00f6sungen | MCA Concept<\/title>\n<meta name=\"description\" content=\"Lassen Sie sich von den neuesten Funktionen \u00fcberraschen. M\u00f6glichkeiten f\u00fcr Ihr Unternehmen, die den Alltag erleichtern.\" \/>\n<meta name=\"robots\" content=\"index, follow, max-snippet:-1, max-image-preview:large, max-video-preview:-1\" \/>\n<link rel=\"canonical\" href=\"https:\/\/mca-software.fr\/de\/formular-allgemein\/\" \/>\n<meta property=\"og:locale\" content=\"de_DE\" \/>\n<meta property=\"og:type\" content=\"article\" \/>\n<meta property=\"og:title\" content=\"Formular: Aufruf zum Handeln: Allgemein\" \/>\n<meta property=\"og:description\" content=\"Lassen Sie sich von den neuesten Funktionen \u00fcberraschen. M\u00f6glichkeiten f\u00fcr Ihr Unternehmen, die den Alltag erleichtern.\" \/>\n<meta property=\"og:url\" content=\"https:\/\/mca-software.fr\/de\/formular-allgemein\/\" \/>\n<meta property=\"og:site_name\" content=\"MCA Concept\" \/>\n<meta property=\"article:publisher\" content=\"https:\/\/www.facebook.com\/mcaconcept\/\" \/>\n<meta property=\"article:modified_time\" content=\"2026-03-30T09:39:56+00:00\" \/>\n<meta name=\"twitter:card\" content=\"summary_large_image\" \/>\n<meta name=\"twitter:site\" content=\"@McaConcept\" \/>\n<script type=\"application\/ld+json\" class=\"yoast-schema-graph\">{\"@context\":\"https:\/\/schema.org\",\"@graph\":[{\"@type\":\"WebPage\",\"@id\":\"https:\/\/mca-software.fr\/de\/formular-allgemein\/\",\"url\":\"https:\/\/mca-software.fr\/de\/formular-allgemein\/\",\"name\":\"Entdecken Sie die f\u00fcr Sie verf\u00fcgbaren L\u00f6sungen | MCA Concept\",\"isPartOf\":{\"@id\":\"https:\/\/mca-software.fr\/de\/#website\"},\"datePublished\":\"2021-03-08T13:03:43+00:00\",\"dateModified\":\"2026-03-30T09:39:56+00:00\",\"description\":\"Lassen Sie sich von den neuesten Funktionen \u00fcberraschen. M\u00f6glichkeiten f\u00fcr Ihr Unternehmen, die den Alltag erleichtern.\",\"breadcrumb\":{\"@id\":\"https:\/\/mca-software.fr\/de\/formular-allgemein\/#breadcrumb\"},\"inLanguage\":\"de\",\"potentialAction\":[{\"@type\":\"ReadAction\",\"target\":[\"https:\/\/mca-software.fr\/de\/formular-allgemein\/\"]}]},{\"@type\":\"BreadcrumbList\",\"@id\":\"https:\/\/mca-software.fr\/de\/formular-allgemein\/#breadcrumb\",\"itemListElement\":[{\"@type\":\"ListItem\",\"position\":1,\"name\":\"Start\",\"item\":\"https:\/\/mca-software.fr\/de\/\"},{\"@type\":\"ListItem\",\"position\":2,\"name\":\"Formular: Aufruf zum Handeln: Allgemein\"}]},{\"@type\":\"WebSite\",\"@id\":\"https:\/\/mca-software.fr\/de\/#website\",\"url\":\"https:\/\/mca-software.fr\/de\/\",\"name\":\"MCA Concept\",\"description\":\"Solutions de gestion d&#039;entreprise ERP-CRM-CMS\",\"potentialAction\":[{\"@type\":\"SearchAction\",\"target\":{\"@type\":\"EntryPoint\",\"urlTemplate\":\"https:\/\/mca-software.fr\/de\/?s={search_term_string}\"},\"query-input\":{\"@type\":\"PropertyValueSpecification\",\"valueRequired\":true,\"valueName\":\"search_term_string\"}}],\"inLanguage\":\"de\"}]}<\/script>\n<!-- \/ Yoast SEO Premium plugin. -->","yoast_head_json":{"title":"Entdecken Sie die f\u00fcr Sie verf\u00fcgbaren L\u00f6sungen | MCA Concept","description":"Lassen Sie sich von den neuesten Funktionen \u00fcberraschen. M\u00f6glichkeiten f\u00fcr Ihr Unternehmen, die den Alltag erleichtern.","robots":{"index":"index","follow":"follow","max-snippet":"max-snippet:-1","max-image-preview":"max-image-preview:large","max-video-preview":"max-video-preview:-1"},"canonical":"https:\/\/mca-software.fr\/de\/formular-allgemein\/","og_locale":"de_DE","og_type":"article","og_title":"Formular: Aufruf zum Handeln: Allgemein","og_description":"Lassen Sie sich von den neuesten Funktionen \u00fcberraschen. M\u00f6glichkeiten f\u00fcr Ihr Unternehmen, die den Alltag erleichtern.","og_url":"https:\/\/mca-software.fr\/de\/formular-allgemein\/","og_site_name":"MCA Concept","article_publisher":"https:\/\/www.facebook.com\/mcaconcept\/","article_modified_time":"2026-03-30T09:39:56+00:00","twitter_card":"summary_large_image","twitter_site":"@McaConcept","schema":{"@context":"https:\/\/schema.org","@graph":[{"@type":"WebPage","@id":"https:\/\/mca-software.fr\/de\/formular-allgemein\/","url":"https:\/\/mca-software.fr\/de\/formular-allgemein\/","name":"Entdecken Sie die f\u00fcr Sie verf\u00fcgbaren L\u00f6sungen | MCA Concept","isPartOf":{"@id":"https:\/\/mca-software.fr\/de\/#website"},"datePublished":"2021-03-08T13:03:43+00:00","dateModified":"2026-03-30T09:39:56+00:00","description":"Lassen Sie sich von den neuesten Funktionen \u00fcberraschen. M\u00f6glichkeiten f\u00fcr Ihr Unternehmen, die den Alltag erleichtern.","breadcrumb":{"@id":"https:\/\/mca-software.fr\/de\/formular-allgemein\/#breadcrumb"},"inLanguage":"de","potentialAction":[{"@type":"ReadAction","target":["https:\/\/mca-software.fr\/de\/formular-allgemein\/"]}]},{"@type":"BreadcrumbList","@id":"https:\/\/mca-software.fr\/de\/formular-allgemein\/#breadcrumb","itemListElement":[{"@type":"ListItem","position":1,"name":"Start","item":"https:\/\/mca-software.fr\/de\/"},{"@type":"ListItem","position":2,"name":"Formular: Aufruf zum Handeln: Allgemein"}]},{"@type":"WebSite","@id":"https:\/\/mca-software.fr\/de\/#website","url":"https:\/\/mca-software.fr\/de\/","name":"MCA Concept","description":"Solutions de gestion d&#039;entreprise ERP-CRM-CMS","potentialAction":[{"@type":"SearchAction","target":{"@type":"EntryPoint","urlTemplate":"https:\/\/mca-software.fr\/de\/?s={search_term_string}"},"query-input":{"@type":"PropertyValueSpecification","valueRequired":true,"valueName":"search_term_string"}}],"inLanguage":"de"}]}},"ticketed":false,"_links":{"self":[{"href":"https:\/\/mca-software.fr\/de\/wp-json\/wp\/v2\/pages\/7220","targetHints":{"allow":["GET"]}}],"collection":[{"href":"https:\/\/mca-software.fr\/de\/wp-json\/wp\/v2\/pages"}],"about":[{"href":"https:\/\/mca-software.fr\/de\/wp-json\/wp\/v2\/types\/page"}],"author":[{"embeddable":true,"href":"https:\/\/mca-software.fr\/de\/wp-json\/wp\/v2\/users\/3"}],"replies":[{"embeddable":true,"href":"https:\/\/mca-software.fr\/de\/wp-json\/wp\/v2\/comments?post=7220"}],"version-history":[{"count":63,"href":"https:\/\/mca-software.fr\/de\/wp-json\/wp\/v2\/pages\/7220\/revisions"}],"predecessor-version":[{"id":84022,"href":"https:\/\/mca-software.fr\/de\/wp-json\/wp\/v2\/pages\/7220\/revisions\/84022"}],"wp:attachment":[{"href":"https:\/\/mca-software.fr\/de\/wp-json\/wp\/v2\/media?parent=7220"}],"curies":[{"name":"wp","href":"https:\/\/api.w.org\/{rel}","templated":true}]}}