{"id":6307,"date":"2021-02-22T15:22:13","date_gmt":"2021-02-22T14:22:13","guid":{"rendered":"https:\/\/mca-software.fr\/firma\/"},"modified":"2026-03-30T09:57:33","modified_gmt":"2026-03-30T07:57:33","slug":"firma","status":"publish","type":"page","link":"https:\/\/mca-software.fr\/de\/firma\/","title":{"rendered":"Die Firma MCA Concept"},"content":{"rendered":"<div class=\"et_pb_section_0 et_pb_section et_section_regular et_block_section\">\n<div class=\"et_pb_row_0 et_pb_row et_block_row\">\n<div class=\"et_pb_column_0 et_pb_column et_pb_column_4_4 et-last-child et_block_column et_pb_css_mix_blend_mode_passthrough\">\n<div class=\"et_pb_cta_0 et_pb_promo et_pb_bg_layout_dark et_pb_module et_block_module preset--module--divi-cta--9d25c0da-b491-4be0-a31a-88c8d6ff8e01\"><div class=\"et_pb_promo_description\"><h1 class=\"et_pb_module_header\">Die Firma<\/h1><div class=\"et_pb_promo_content\"><p style=\"text-align: center;\">Unsere Werte sind unsere St\u00e4rke<\/p>\n<\/div><\/div><div class=\"et_pb_button_wrapper\"><a class=\"et_pb_button et_pb_promo_button\" href=\"https:\/\/mca-software.fr\/formulaire-general\/\">Demo anfordern<\/a><\/div><\/div>\n<\/div>\n<\/div>\n<\/div>\n\n<div class=\"et_pb_section_1 et_pb_section et_section_regular et_block_section\">\n<div class=\"et_pb_row_1 et_pb_row et_block_row\">\n<div class=\"et_pb_column_1 et_pb_column et_pb_column_4_4 et-last-child et_block_column et_pb_css_mix_blend_mode_passthrough\">\n<div class=\"et_pb_image_0 et_pb_image et_pb_module et_block_module\"><span class=\"et_pb_image_wrap\"><img decoding=\"async\" src=\"https:\/\/mca-software.fr\/wordpress\/wp-content\/uploads\/2020\/08\/logo-mca-concept-1.png\" width=\"200\" height=\"88\" srcset=\"https:\/\/mca-software.fr\/wordpress\/wp-content\/uploads\/2020\/08\/logo-mca-concept-1.png 200w\" sizes=\"(max-width: 200px) 100vw, 200px\" class=\"wp-image-3290\" title=\"Logo MCA Concept\" alt=\"Logo des Softwareentwicklungsunternehmens MCA Concept\" \/><\/span><\/div>\n<\/div>\n<\/div>\n\n<div class=\"et_pb_row_2 et_pb_row et_block_row\">\n<div class=\"et_pb_column_2 et_pb_column et_pb_column_4_4 et-last-child et_block_column et_pb_css_mix_blend_mode_passthrough\">\n<div class=\"et_pb_text_0 et_pb_text et_pb_bg_layout_light et_pb_module et_block_module preset--module--divi-text--75a373b3-a752-4305-81e8-535fbf8079d6\"><div class=\"et_pb_text_inner\"><p>MCA Concept ist ein Herausgeber von optimierten L\u00f6sungen f\u00fcr alle Unternehmen, vom Handwerker \u00fcber Gro\u00dfunternehmen bis hin zum Mittelstand.<\/p>\n<\/div><\/div>\n<\/div>\n<\/div>\n\n<div class=\"et_pb_row_3 et_pb_row et_block_row\">\n<div class=\"et_pb_column_3 et_pb_column et_pb_column_4_4 et-last-child et_block_column et_pb_css_mix_blend_mode_passthrough\">\n<div class=\"et_pb_divider_0 et_pb_divider et_pb_space et_pb_divider_position_top et_pb_module\"><div class=\"et_pb_divider_internal\"><\/div><\/div>\n<\/div>\n<\/div>\n\n<div class=\"et_pb_row_4 et_pb_row et_block_row\">\n<div class=\"et_pb_column_4 et_pb_column et_pb_column_4_4 et-last-child et_block_column et_pb_css_mix_blend_mode_passthrough\">\n<div class=\"et_pb_text_1 et_pb_text et_pb_bg_layout_light et_pb_module et_block_module preset--module--divi-text--75a373b3-a752-4305-81e8-535fbf8079d6\"><div class=\"et_pb_text_inner\"><h2>Wer sind wir?<\/h2>\n<\/div><\/div>\n<\/div>\n<\/div>\n\n<div class=\"et_pb_row_5 et_pb_row et_block_row\">\n<div class=\"et_pb_column_5 et_pb_column et_pb_column_1_2 et_block_column et_pb_css_mix_blend_mode_passthrough\">\n<div class=\"et_pb_text_2 et_pb_text et_pb_bg_layout_light et_pb_module et_block_module preset--module--divi-text--75a373b3-a752-4305-81e8-535fbf8079d6\"><div class=\"et_pb_text_inner\"><p>MCA Concept besteht aus einem soliden Team, das sich im Laufe der Zeit etabliert hat. Das bedeutet, dass es effizient und schnell in der Kenntnis der bereits etablierten Tools und im Zuh\u00f6ren auf den Kunden ist, um W\u00fcnsche und Anforderungen zu verfeinern..<\/p>\n<p>Ein multidisziplin\u00e4res Team gew\u00e4hrt MCA Concept nicht nur Entwicklungs-, sondern auch Organisationskompetenz in Informationsfl\u00fcssen und Prozessen.<\/p>\n<\/div><\/div>\n<\/div>\n\n<div class=\"et_pb_column_6 et_pb_column et_pb_column_1_2 et-last-child et_block_column et_pb_css_mix_blend_mode_passthrough\">\n<div class=\"et_pb_text_3 et_pb_text et_pb_bg_layout_light et_pb_module et_block_module preset--module--divi-text--75a373b3-a752-4305-81e8-535fbf8079d6\"><div class=\"et_pb_text_inner\"><p>Mit der Erfahrung, die durch die Vielzahl der im Laufe der Jahre entwickelten Module gesammelt wurde, bleibt MCA Concept aufmerksam und auf der Suche nach Trends in einem sich st\u00e4ndig weiterentwickelnden Umfeld.<\/p>\n<p>N\u00e4he und Beziehung bleiben ein Vorteil von MCA Concept f\u00fcr einen schnellen und ad\u00e4quaten Service bei den Anfragen unserer Kunden.<\/p>\n<\/div><\/div>\n<\/div>\n<\/div>\n\n<div class=\"et_pb_row_6 et_pb_row et_block_row\">\n<div class=\"et_pb_column_7 et_pb_column et_pb_column_1_2 et_block_column et_pb_css_mix_blend_mode_passthrough\">\n<div class=\"et_pb_text_4 et_pb_text et_pb_bg_layout_light et_pb_module et_block_module preset--module--divi-text--75a373b3-a752-4305-81e8-535fbf8079d6\"><div class=\"et_pb_text_inner\"><h3>Eine Leidenschaft<\/h3>\n<p>MCA Concept <strong>bietet vereinfachte L\u00f6sungen f\u00fcr alle Unternehmen<\/strong>, vom Handwerker \u00fcber Gro\u00dfunternehmen bis hin zu KMUs. Ein Erfolg, der sich schnell best\u00e4tigte und der bis heute anh\u00e4lt.<\/p>\n<\/div><\/div>\n\n<div class=\"et_pb_text_5 et_pb_text et_pb_bg_layout_light et_pb_module et_block_module preset--module--divi-text--75a373b3-a752-4305-81e8-535fbf8079d6\"><div class=\"et_pb_text_inner\"><h3>Ein Team<\/h3>\n<p>Das Team von MCA Concept besteht aus Mitarbeitern, die von ihrer Arbeit begeistert sind und nach Leistung sowie Einfachheit streben.<\/p>\n<p>Das erm\u00f6glicht es, schnell auf die Anforderungen unserer Kunden zu reagieren<\/p>\n<\/div><\/div>\n<\/div>\n\n<div class=\"et_pb_column_8 et_pb_column et_pb_column_1_2 et-last-child et_block_column et_pb_css_mix_blend_mode_passthrough\">\n<div class=\"et_pb_video_0 et_pb_video et_pb_module et_block_module\"><div class=\"et_pb_video_box\"><iframe title=\"MCA Concept : \u00c9diteur de logiciels\" width=\"1080\" height=\"608\" src=\"https:\/\/www.youtube.com\/embed\/A5iuv2IiqlA?feature=oembed\"  allow=\"accelerometer; autoplay; clipboard-write; encrypted-media; gyroscope; picture-in-picture; web-share\" referrerpolicy=\"strict-origin-when-cross-origin\" allowfullscreen><\/iframe><\/div><\/div>\n<\/div>\n<\/div>\n<\/div>\n\n<div class=\"et_pb_section_2 et_pb_section et_section_regular et_block_section\" id=\"Werte\">\n<div class=\"et_pb_row_7 et_pb_row et_block_row\">\n<div class=\"et_pb_column_9 et_pb_column et_pb_column_4_4 et-last-child et_block_column et_pb_css_mix_blend_mode_passthrough\">\n<div class=\"et_pb_divider_1 et_pb_divider et_pb_space et_pb_divider_position_top et_pb_module\"><div class=\"et_pb_divider_internal\"><\/div><\/div>\n<\/div>\n<\/div>\n\n<div class=\"et_pb_row_8 et_pb_row et_block_row\">\n<div class=\"et_pb_column_10 et_pb_column et_pb_column_4_4 et-last-child et_block_column et_pb_css_mix_blend_mode_passthrough\">\n<div class=\"et_pb_text_6 et_pb_text et_pb_bg_layout_light et_pb_module et_block_module preset--module--divi-text--75a373b3-a752-4305-81e8-535fbf8079d6\"><div class=\"et_pb_text_inner\"><h2>Die Werte von MCA Concept<\/h2>\n<\/div><\/div>\n<\/div>\n<\/div>\n\n<div class=\"et_pb_row_9 et_pb_row et_block_row\">\n<div class=\"et_pb_column_11 et_pb_column et_pb_column_4_4 et-last-child et_block_column et_pb_css_mix_blend_mode_passthrough\">\n<div class=\"et_pb_text_7 et_pb_text et_pb_bg_layout_light et_pb_module et_block_module preset--module--divi-text--75a373b3-a752-4305-81e8-535fbf8079d6\"><div class=\"et_pb_text_inner\"><p>Die Werte von MCA Concept wurden bei der Gr\u00fcndung im Jahr 1996 festgelegt. Sie sind inspiriert von unserer Vision der Welt, die zu Innovation, Zusammenarbeit und professioneller Entwicklung tendiert Diese Werte repr\u00e4sentieren, wer wir sind, wie wir arbeiten und was wir tun, und sind wesentliche S\u00e4ulen in der Entwicklung unserer Organisation und unserer Mitarbeiter.<\/p>\n<p>All unser Handeln ist in f\u00fcnf Grundwerten verankert: Integrit\u00e4t, Engagement, Einfachheit, Genauigkeit und Wohlwollen.<\/p>\n<\/div><\/div>\n<\/div>\n<\/div>\n\n<div class=\"et_pb_row_10 et_pb_row et_block_row\">\n<div class=\"et_pb_column_12 et_pb_column et_pb_column_4_4 et-last-child et_block_column et_pb_css_mix_blend_mode_passthrough\">\n<div class=\"et_pb_image_1 et_pb_image et_pb_module et_block_module\"><span class=\"et_pb_image_wrap\"><img decoding=\"async\" src=\"https:\/\/mca-software.fr\/wordpress\/wp-content\/uploads\/2021\/03\/illustration-valeurs-mca-concept.png\" width=\"600\" height=\"363\" srcset=\"https:\/\/mca-software.fr\/wordpress\/wp-content\/uploads\/2021\/03\/illustration-valeurs-mca-concept.png 600w, https:\/\/mca-software.fr\/wordpress\/wp-content\/uploads\/2021\/03\/illustration-valeurs-mca-concept-480x290.png 480w\" sizes=\"(min-width: 0px) and (max-width: 480px) 480px, (min-width: 481px) 600px, 100vw\" class=\"wp-image-8930\" title=\"Die Werte von MCA Concept\" alt=\"Die Werte von MCA Concept: Integrit\u00e4t, Engagement, Einfachheit, Pr\u00e4zision, Wohlwollen\" \/><\/span><\/div>\n<\/div>\n<\/div>\n\n<div class=\"et_pb_row_11 et_pb_row et_block_row\">\n<div class=\"et_pb_column_13 et_pb_column et_pb_column_1_2 et_block_column et_pb_css_mix_blend_mode_passthrough\">\n<div class=\"et_pb_text_8 et_pb_text et_pb_bg_layout_light et_pb_module et_block_module preset--module--divi-text--75a373b3-a752-4305-81e8-535fbf8079d6\"><div class=\"et_pb_text_inner\"><h3>Integrit\u00e4t<\/h3>\n<p>Wir garantieren die Integrit\u00e4t der Daten unserer Kunden \u00fcber die Zeit.<br \/>Wir verpflichten uns au\u00dferdem, die Vertraulichkeit dieser Daten zu respektieren.<br \/>Das Schweizer Know-how im Bereich der Rechenzentren hat ebenso viel mit Diskretion wie mit Pr\u00e4zision zu tun, was unseren Kunden auf lange Sicht Stabilit\u00e4t verleiht.<\/p>\n<\/div><\/div>\n<\/div>\n\n<div class=\"et_pb_column_14 et_pb_column et_pb_column_1_2 et-last-child et_block_column et_pb_css_mix_blend_mode_passthrough\">\n<div class=\"et_pb_text_9 et_pb_text et_pb_bg_layout_light et_pb_module et_block_module preset--module--divi-text--75a373b3-a752-4305-81e8-535fbf8079d6\"><div class=\"et_pb_text_inner\"><h3>Engagement<\/h3>\n<p>Wir engagieren uns f\u00fcr die Unterst\u00fctzung von Unternehmen durch :<br \/>- die Entwicklung von alltagstauglicher Software sowie die Sicherung von Daten.<br \/>- eine t\u00e4gliche Pr\u00e4senz und Antworten innerhalb k\u00fcrzester Zei<br \/>- die Bereitstellung von Antworten mit relevanten L\u00f6sungen f\u00fcr die Bed\u00fcrfnisse unserer Kunden.<\/p>\n<\/div><\/div>\n<\/div>\n<\/div>\n\n<div class=\"et_pb_row_12 et_pb_row et_block_row\">\n<div class=\"et_pb_column_15 et_pb_column et_pb_column_1_2 et_block_column et_pb_css_mix_blend_mode_passthrough\">\n<div class=\"et_pb_text_10 et_pb_text et_pb_bg_layout_light et_pb_module et_block_module preset--module--divi-text--75a373b3-a752-4305-81e8-535fbf8079d6\"><div class=\"et_pb_text_inner\"><h3>Einfachheit<\/h3>\n<p>Wir verbessern die Ergonomie unserer Software f\u00fcr mehr Einfachheit.<br \/>Wir h\u00f6ren unseren Kunden zu und arbeiten bei der Weiterentwicklung unserer Software mit ihnen zusammen, um optimale Benutzerfreundlichkeit und Arbeitskomfort zu erreichen.<\/p>\n<\/div><\/div>\n<\/div>\n\n<div class=\"et_pb_column_16 et_pb_column et_pb_column_1_2 et-last-child et_block_column et_pb_css_mix_blend_mode_passthrough\">\n<div class=\"et_pb_text_11 et_pb_text et_pb_bg_layout_light et_pb_module et_block_module preset--module--divi-text--75a373b3-a752-4305-81e8-535fbf8079d6\"><div class=\"et_pb_text_inner\"><h3>Genauigkeit<\/h3>\n<p>Wir sorgen daf\u00fcr, dass die Daten unserer Kunden gut geordnet sind, um genauere Informationen zu gew\u00e4hrleisten.<br \/>Daten, die zur richtigen Zeit am richtigen Ort sind, erh\u00f6hen den Wert der Informationen und tragen zu deren Genauigkeit bei.<\/p>\n<\/div><\/div>\n<\/div>\n<\/div>\n\n<div class=\"et_pb_row_13 et_pb_row et_block_row\">\n<div class=\"et_pb_column_17 et_pb_column et_pb_column_1_2 et_block_column et_pb_css_mix_blend_mode_passthrough\">\n<div class=\"et_pb_text_12 et_pb_text et_pb_bg_layout_light et_pb_module et_block_module preset--module--divi-text--75a373b3-a752-4305-81e8-535fbf8079d6\"><div class=\"et_pb_text_inner\"><h3>Wohlwollen<\/h3>\n<p>Wir behandeln unsere Kunden mit Freundlichkeit und sind bestrebt, das im Laufe der Zeit aufgebaute Vertrauensverh\u00e4ltnis zu ihnen zu erhalten.<br \/>Unser Wunsch, die Leistung unserer Kunden zu steigern, wird zu einem Zeichen der Loyalit\u00e4t bei unseren Kunden.<\/p>\n<\/div><\/div>\n<\/div>\n\n<div class=\"et_pb_column_18 et_pb_column et_pb_column_1_2 et-last-child et_block_column et_pb_css_mix_blend_mode_passthrough\">\n<div class=\"et_pb_image_2 et_pb_image et_pb_module et_block_module\"><span class=\"et_pb_image_wrap\"><img decoding=\"async\" src=\"https:\/\/mca-software.fr\/wordpress\/wp-content\/uploads\/2019\/08\/illustration-secondaire-valeurs-mca-concept-1024x576.jpg\" width=\"1024\" height=\"576\" srcset=\"https:\/\/mca-software.fr\/wordpress\/wp-content\/uploads\/2019\/08\/illustration-secondaire-valeurs-mca-concept-980x551.jpg 980w, https:\/\/mca-software.fr\/wordpress\/wp-content\/uploads\/2019\/08\/illustration-secondaire-valeurs-mca-concept-480x270.jpg 480w\" sizes=\"(min-width: 0px) and (max-width: 480px) 480px, (min-width: 481px) and (max-width: 980px) 980px, (min-width: 981px) 1024px, 100vw\" class=\"wp-image-1504\" title=\"Illustration Werte MCA Concept\" alt=\"Sekund\u00e4re Illustration der Werte von MCA Concept\" \/><\/span><\/div>\n<\/div>\n<\/div>\n\n<div class=\"et_pb_row_14 et_pb_row et_block_row\">\n<div class=\"et_pb_column_19 et_pb_column et_pb_column_4_4 et-last-child et_block_column et_pb_css_mix_blend_mode_passthrough\">\n<div class=\"et_pb_text_13 et_pb_text et_pb_bg_layout_light et_pb_module et_block_module preset--module--divi-text--75a373b3-a752-4305-81e8-535fbf8079d6\"><div class=\"et_pb_text_inner\"><p style=\"font-size: 30px;\">\"Einfachheit ist die ultimative Raffinesse\"<\/p>\n<p style=\"text-align: center;\"><em>Leonardo Da Vinci<\/em><\/p>\n<\/div><\/div>\n<\/div>\n<\/div>\n<\/div>\n\n<div class=\"et_pb_section_3 et_pb_section et_section_regular et_block_section\">\n<div class=\"et_pb_row_15 et_pb_row et_block_row\">\n<div class=\"et_pb_column_20 et_pb_column et_pb_column_4_4 et-last-child et_block_column et_pb_css_mix_blend_mode_passthrough\">\n<div class=\"et_pb_divider_2 et_pb_divider_hidden et_pb_space et_pb_divider_position_top et_pb_module\"><div class=\"et_pb_divider_internal\"><\/div><\/div>\n<\/div>\n<\/div>\n\n<div class=\"et_pb_row_16 et_pb_row et_pb_row_4col et_block_row et_block_row_4col\">\n<div class=\"et_pb_column_21 et_pb_column et_pb_column_1_4 et_block_column et_pb_css_mix_blend_mode_passthrough\">\n<div class=\"et_pb_blurb_0 et_pb_blurb et_pb_bg_layout_light et_pb_text_align_center et_pb_text_align_center-tablet et_pb_text_align_center-phone et_pb_blurb_position_top et_clickable et_pb_module et_block_module capsule\"><div class=\"et_pb_blurb_content\"><div class=\"et_pb_main_blurb_image\"><a href=\"https:\/\/mca-software.fr\/partenariats\/\"><span class=\"et_pb_image_wrap\"><span class=\"et-pb-icon et-waypoint et_pb_animation_top et_pb_animation_top_tablet et_pb_animation_top_phone\">\uf2b5<\/span><\/span><\/a><\/div><div class=\"et_pb_blurb_container\"><h3 class=\"et_pb_module_header\"><a href=\"https:\/\/mca-software.fr\/partenariats\/\">Partnerschaften<\/a><\/h3><\/div><\/div><\/div>\n<\/div>\n\n<div class=\"et_pb_column_22 et_pb_column et_pb_column_1_4 et_block_column et_pb_css_mix_blend_mode_passthrough\">\n<div class=\"et_pb_blurb_1 et_pb_blurb et_pb_bg_layout_light et_pb_text_align_center et_pb_text_align_center-tablet et_pb_text_align_center-phone et_pb_blurb_position_top et_clickable et_pb_module et_block_module capsule\"><div class=\"et_pb_blurb_content\"><div class=\"et_pb_main_blurb_image\"><a href=\"https:\/\/mca-software.fr\/pietro\/\"><span class=\"et_pb_image_wrap et_pb_only_image_mode_wrap\"><img decoding=\"async\" src=\"https:\/\/mca-software.fr\/wordpress\/wp-content\/uploads\/2022\/05\/qr-carte-visite-pietro-bongiovanni-1-300x298.png\" width=\"300\" height=\"298\" srcset=\"https:\/\/mca-software.fr\/wordpress\/wp-content\/uploads\/2022\/05\/qr-carte-visite-pietro-bongiovanni-1-300x298.png 300w\" class=\"et-waypoint et_pb_animation_top et_pb_animation_top_tablet et_pb_animation_top_phone wp-image-40029\" alt=\"QR-Code &quot;Visitenkarte&quot; | Pietro Bongiovanni\" \/><\/span><\/a><\/div><div class=\"et_pb_blurb_container\"><h3 class=\"et_pb_module_header\"><a href=\"https:\/\/mca-software.fr\/pietro\/\">Visitenkarte: Pietro Bongiovanni<\/a><\/h3><\/div><\/div><\/div>\n<\/div>\n\n<div class=\"et_pb_column_23 et_pb_column et_pb_column_1_4 et_block_column et_pb_css_mix_blend_mode_passthrough\">\n<div class=\"et_pb_blurb_2 et_pb_blurb et_pb_bg_layout_light et_pb_text_align_center et_pb_text_align_center-tablet et_pb_text_align_center-phone et_pb_blurb_position_top et_clickable et_pb_module et_block_module capsule\"><div class=\"et_pb_blurb_content\"><div class=\"et_pb_main_blurb_image\"><a href=\"https:\/\/mca-software.fr\/?page_id=58902\"><span class=\"et_pb_image_wrap\"><span class=\"et-pb-icon et-waypoint et_pb_animation_top et_pb_animation_top_tablet et_pb_animation_top_phone\">\ue08a<\/span><\/span><\/a><\/div><div class=\"et_pb_blurb_container\"><h3 class=\"et_pb_module_header\"><a href=\"https:\/\/mca-software.fr\/?page_id=58902\">Visitenkarte: La\u00ebtitia Molinari<\/a><\/h3><\/div><\/div><\/div>\n<\/div>\n\n<div class=\"et_pb_column_24 et_pb_column et_pb_column_1_4 et-last-child et_block_column et_pb_css_mix_blend_mode_passthrough\">\n<div class=\"et_pb_blurb_3 et_pb_blurb et_pb_bg_layout_light et_pb_text_align_center et_pb_text_align_center-tablet et_pb_text_align_center-phone et_pb_blurb_position_top et_clickable et_pb_module et_block_module capsule\"><div class=\"et_pb_blurb_content\"><div class=\"et_pb_main_blurb_image\"><a href=\"https:\/\/mca-software.fr\/pictus\/\"><span class=\"et_pb_image_wrap et_pb_only_image_mode_wrap\"><img decoding=\"async\" src=\"https:\/\/mca-software.fr\/wordpress\/wp-content\/uploads\/2022\/05\/pictus-mca-concept-9.jpg\" width=\"200\" height=\"134\" srcset=\"https:\/\/mca-software.fr\/wordpress\/wp-content\/uploads\/2022\/05\/pictus-mca-concept-9.jpg 200w\" sizes=\"(max-width: 200px) 100vw, 200px\" class=\"et-waypoint et_pb_animation_top et_pb_animation_top_tablet et_pb_animation_top_phone wp-image-39311\" alt=\"Illustration der Nachrichten &quot;Pictus Botschafter&quot; MCA Concept\" \/><\/span><\/a><\/div><div class=\"et_pb_blurb_container\"><h3 class=\"et_pb_module_header\"><a href=\"https:\/\/mca-software.fr\/pictus\/\">Pictus, der Botschafter<\/a><\/h3><\/div><\/div><\/div>\n<\/div>\n<\/div>\n<\/div>","protected":false},"excerpt":{"rendered":"","protected":false},"author":3,"featured_media":0,"parent":0,"menu_order":0,"comment_status":"closed","ping_status":"closed","template":"","meta":{"content-type":"","inline_featured_image":false,"_price":"","_stock":"","_tribe_ticket_header":"","_tribe_default_ticket_provider":"","_tribe_ticket_capacity":"0","_ticket_start_date":"","_ticket_end_date":"","_tribe_ticket_show_description":"","_tribe_ticket_show_not_going":false,"_tribe_ticket_use_global_stock":"","_tribe_ticket_global_stock_level":"","_global_stock_mode":"","_global_stock_cap":"","_tribe_rsvp_for_event":"","_tribe_ticket_going_count":"","_tribe_ticket_not_going_count":"","_tribe_tickets_list":"[]","_tribe_ticket_has_attendee_info_fields":false,"_EventAllDay":false,"_EventTimezone":"","_EventStartDate":"","_EventEndDate":"","_EventStartDateUTC":"","_EventEndDateUTC":"","_EventShowMap":false,"_EventShowMapLink":false,"_EventURL":"","_EventCost":"","_EventCostDescription":"","_EventCurrencySymbol":"","_EventCurrencyCode":"","_EventCurrencyPosition":"","_EventDateTimeSeparator":"","_EventTimeRangeSeparator":"","_EventOrganizerID":[],"_EventVenueID":[],"_OrganizerEmail":"","_OrganizerPhone":"","_OrganizerWebsite":"","_VenueAddress":"","_VenueCity":"","_VenueCountry":"","_VenueProvince":"","_VenueState":"","_VenueZip":"","_VenuePhone":"","_VenueURL":"","_VenueStateProvince":"","_VenueLat":"","_VenueLng":"","_VenueShowMap":false,"_VenueShowMapLink":false,"footnotes":"","_tec_slr_enabled":"","_tec_slr_layout":""},"class_list":["post-6307","page","type-page","status-publish","hentry"],"yoast_head":"<!-- This site is optimized with the Yoast SEO Premium plugin v26.1 (Yoast SEO v27.2) - https:\/\/yoast.com\/product\/yoast-seo-premium-wordpress\/ -->\n<title>Die Firma, wer sind wir? | MCA Concept | Schweiz<\/title>\n<meta name=\"description\" content=\"MCA-Concept ist ein Schweizer Unternehmen f\u00fcr Unternehmenssoftware mit Hauptsitz in Neuch\u00e2tel und Niederlassungen in Genf, Rolle und Ligornetto\" \/>\n<meta name=\"robots\" content=\"index, follow, max-snippet:-1, max-image-preview:large, max-video-preview:-1\" \/>\n<link rel=\"canonical\" href=\"https:\/\/mca-software.fr\/de\/firma\/\" \/>\n<meta property=\"og:locale\" content=\"de_DE\" \/>\n<meta property=\"og:type\" content=\"article\" \/>\n<meta property=\"og:title\" content=\"Die Firma MCA Concept\" \/>\n<meta property=\"og:description\" content=\"MCA-Concept ist ein Schweizer Unternehmen f\u00fcr Unternehmenssoftware mit Hauptsitz in Neuch\u00e2tel und Niederlassungen in Genf, Rolle und Ligornetto\" \/>\n<meta property=\"og:url\" content=\"https:\/\/mca-software.fr\/de\/firma\/\" \/>\n<meta property=\"og:site_name\" content=\"MCA Concept\" \/>\n<meta property=\"article:publisher\" content=\"https:\/\/www.facebook.com\/mcaconcept\/\" \/>\n<meta property=\"article:modified_time\" content=\"2026-03-30T07:57:33+00:00\" \/>\n<meta name=\"twitter:card\" content=\"summary_large_image\" \/>\n<meta name=\"twitter:site\" content=\"@McaConcept\" \/>\n<script type=\"application\/ld+json\" class=\"yoast-schema-graph\">{\"@context\":\"https:\/\/schema.org\",\"@graph\":[{\"@type\":\"WebPage\",\"@id\":\"https:\/\/mca-software.fr\/de\/firma\/\",\"url\":\"https:\/\/mca-software.fr\/de\/firma\/\",\"name\":\"Die Firma, wer sind wir? | MCA Concept | Schweiz\",\"isPartOf\":{\"@id\":\"https:\/\/mca-software.fr\/de\/#website\"},\"datePublished\":\"2021-02-22T14:22:13+00:00\",\"dateModified\":\"2026-03-30T07:57:33+00:00\",\"description\":\"MCA-Concept ist ein Schweizer Unternehmen f\u00fcr Unternehmenssoftware mit Hauptsitz in Neuch\u00e2tel und Niederlassungen in Genf, Rolle und Ligornetto\",\"breadcrumb\":{\"@id\":\"https:\/\/mca-software.fr\/de\/firma\/#breadcrumb\"},\"inLanguage\":\"de\",\"potentialAction\":[{\"@type\":\"ReadAction\",\"target\":[\"https:\/\/mca-software.fr\/de\/firma\/\"]}]},{\"@type\":\"BreadcrumbList\",\"@id\":\"https:\/\/mca-software.fr\/de\/firma\/#breadcrumb\",\"itemListElement\":[{\"@type\":\"ListItem\",\"position\":1,\"name\":\"Start\",\"item\":\"https:\/\/mca-software.fr\/de\/\"},{\"@type\":\"ListItem\",\"position\":2,\"name\":\"Die Firma MCA Concept\"}]},{\"@type\":\"WebSite\",\"@id\":\"https:\/\/mca-software.fr\/de\/#website\",\"url\":\"https:\/\/mca-software.fr\/de\/\",\"name\":\"MCA Concept\",\"description\":\"Solutions de gestion d&#039;entreprise ERP-CRM-CMS\",\"potentialAction\":[{\"@type\":\"SearchAction\",\"target\":{\"@type\":\"EntryPoint\",\"urlTemplate\":\"https:\/\/mca-software.fr\/de\/?s={search_term_string}\"},\"query-input\":{\"@type\":\"PropertyValueSpecification\",\"valueRequired\":true,\"valueName\":\"search_term_string\"}}],\"inLanguage\":\"de\"}]}<\/script>\n<!-- \/ Yoast SEO Premium plugin. -->","yoast_head_json":{"title":"Die Firma, wer sind wir? | MCA Concept | Schweiz","description":"MCA-Concept ist ein Schweizer Unternehmen f\u00fcr Unternehmenssoftware mit Hauptsitz in Neuch\u00e2tel und Niederlassungen in Genf, Rolle und Ligornetto","robots":{"index":"index","follow":"follow","max-snippet":"max-snippet:-1","max-image-preview":"max-image-preview:large","max-video-preview":"max-video-preview:-1"},"canonical":"https:\/\/mca-software.fr\/de\/firma\/","og_locale":"de_DE","og_type":"article","og_title":"Die Firma MCA Concept","og_description":"MCA-Concept ist ein Schweizer Unternehmen f\u00fcr Unternehmenssoftware mit Hauptsitz in Neuch\u00e2tel und Niederlassungen in Genf, Rolle und Ligornetto","og_url":"https:\/\/mca-software.fr\/de\/firma\/","og_site_name":"MCA Concept","article_publisher":"https:\/\/www.facebook.com\/mcaconcept\/","article_modified_time":"2026-03-30T07:57:33+00:00","twitter_card":"summary_large_image","twitter_site":"@McaConcept","schema":{"@context":"https:\/\/schema.org","@graph":[{"@type":"WebPage","@id":"https:\/\/mca-software.fr\/de\/firma\/","url":"https:\/\/mca-software.fr\/de\/firma\/","name":"Die Firma, wer sind wir? | MCA Concept | Schweiz","isPartOf":{"@id":"https:\/\/mca-software.fr\/de\/#website"},"datePublished":"2021-02-22T14:22:13+00:00","dateModified":"2026-03-30T07:57:33+00:00","description":"MCA-Concept ist ein Schweizer Unternehmen f\u00fcr Unternehmenssoftware mit Hauptsitz in Neuch\u00e2tel und Niederlassungen in Genf, Rolle und Ligornetto","breadcrumb":{"@id":"https:\/\/mca-software.fr\/de\/firma\/#breadcrumb"},"inLanguage":"de","potentialAction":[{"@type":"ReadAction","target":["https:\/\/mca-software.fr\/de\/firma\/"]}]},{"@type":"BreadcrumbList","@id":"https:\/\/mca-software.fr\/de\/firma\/#breadcrumb","itemListElement":[{"@type":"ListItem","position":1,"name":"Start","item":"https:\/\/mca-software.fr\/de\/"},{"@type":"ListItem","position":2,"name":"Die Firma MCA Concept"}]},{"@type":"WebSite","@id":"https:\/\/mca-software.fr\/de\/#website","url":"https:\/\/mca-software.fr\/de\/","name":"MCA Concept","description":"Solutions de gestion d&#039;entreprise ERP-CRM-CMS","potentialAction":[{"@type":"SearchAction","target":{"@type":"EntryPoint","urlTemplate":"https:\/\/mca-software.fr\/de\/?s={search_term_string}"},"query-input":{"@type":"PropertyValueSpecification","valueRequired":true,"valueName":"search_term_string"}}],"inLanguage":"de"}]}},"ticketed":false,"_links":{"self":[{"href":"https:\/\/mca-software.fr\/de\/wp-json\/wp\/v2\/pages\/6307","targetHints":{"allow":["GET"]}}],"collection":[{"href":"https:\/\/mca-software.fr\/de\/wp-json\/wp\/v2\/pages"}],"about":[{"href":"https:\/\/mca-software.fr\/de\/wp-json\/wp\/v2\/types\/page"}],"author":[{"embeddable":true,"href":"https:\/\/mca-software.fr\/de\/wp-json\/wp\/v2\/users\/3"}],"replies":[{"embeddable":true,"href":"https:\/\/mca-software.fr\/de\/wp-json\/wp\/v2\/comments?post=6307"}],"version-history":[{"count":71,"href":"https:\/\/mca-software.fr\/de\/wp-json\/wp\/v2\/pages\/6307\/revisions"}],"predecessor-version":[{"id":83788,"href":"https:\/\/mca-software.fr\/de\/wp-json\/wp\/v2\/pages\/6307\/revisions\/83788"}],"wp:attachment":[{"href":"https:\/\/mca-software.fr\/de\/wp-json\/wp\/v2\/media?parent=6307"}],"curies":[{"name":"wp","href":"https:\/\/api.w.org\/{rel}","templated":true}]}}