{"id":43109,"date":"2022-06-10T17:09:27","date_gmt":"2022-06-10T15:09:27","guid":{"rendered":"https:\/\/mca-software.fr\/dienste\/"},"modified":"2026-03-30T10:58:34","modified_gmt":"2026-03-30T08:58:34","slug":"dienstleistungen","status":"publish","type":"page","link":"https:\/\/mca-software.fr\/de\/dienstleistungen\/","title":{"rendered":"Unsere Dienstleistungen"},"content":{"rendered":"<div class=\"et_pb_section_0 et_pb_section et_section_regular et_block_section\">\n<div class=\"et_pb_row_0 et_pb_row et_block_row\">\n<div class=\"et_pb_column_0 et_pb_column et_pb_column_4_4 et-last-child et_block_column et_pb_css_mix_blend_mode_passthrough\">\n<div class=\"et_pb_cta_0 et_pb_promo et_pb_bg_layout_dark et_pb_module et_block_module preset--module--divi-cta--9d25c0da-b491-4be0-a31a-88c8d6ff8e01\"><div class=\"et_pb_promo_description\"><h1 class=\"et_pb_module_header\">Unsere Dienstleistungen <\/h1><div class=\"et_pb_promo_content\"><p>Eine Begleitung ab der Einf\u00fchrung der Software<\/p>\n<\/div><\/div><div class=\"et_pb_button_wrapper\"><a class=\"et_pb_button et_pb_promo_button\" href=\"https:\/\/mca-software.fr\/formulaire-general\/\">Demo anfordern<\/a><\/div><\/div>\n<\/div>\n<\/div>\n<\/div>\n\n<div class=\"et_pb_section_1 et_pb_section et_section_regular et_block_section\">\n<div class=\"et_pb_row_1 et_pb_row et_block_row\">\n<div class=\"et_pb_column_1 et_pb_column et_pb_column_4_4 et-last-child et_block_column et_pb_css_mix_blend_mode_passthrough\">\n<div class=\"et_pb_image_0 et_pb_image et_pb_module et_block_module\"><span class=\"et_pb_image_wrap\"><img decoding=\"async\" src=\"https:\/\/mca-software.fr\/wordpress\/wp-content\/uploads\/2022\/06\/icone_capsule_services.png\" width=\"93\" height=\"92\" srcset=\"https:\/\/mca-software.fr\/wordpress\/wp-content\/uploads\/2022\/06\/icone_capsule_services.png 93w\" sizes=\"(max-width: 93px) 100vw, 93px\" class=\"wp-image-42786\" title=\"Ikone der Dienstleistungen von MCA Concept\" alt=\"Ikone der Dienstleistungen von MCA Concept\" \/><\/span><\/div>\n\n<div class=\"et_pb_text_0 et_pb_text et_pb_bg_layout_light et_pb_module et_block_module\"><div class=\"et_pb_text_inner\"><h1>Ein Gewinnerteam<\/h1>\n<\/div><\/div>\n\n<div class=\"et_pb_divider_0 et_pb_divider et_pb_space et_pb_divider_position_top et_pb_module\"><div class=\"et_pb_divider_internal\"><\/div><\/div>\n\n<div class=\"et_pb_text_1 et_pb_text et_pb_bg_layout_light et_pb_module et_block_module deuxcolonnes\"><div class=\"et_pb_text_inner\"><p><span>Wenn Sie mit der Welt des Segelns vertraut sind, werden Sie wissen, dass jeder noch so gute \"Skipper\" nicht mit seinem Segelboot die Wellen befahren k\u00f6nnte, ohne ein Team, das ihm zur Seite steht. <\/span><\/p>\n<p>Wenn er der Chef an Bord ist und sich darum k\u00fcmmert, das Ruder zu halten, die Man\u00f6ver zu steuern und Anweisungen zu geben, braucht er u. a. Gro\u00df- und Vorsegelmannschaften, die sich um die Segel k\u00fcmmern und sie je nach Wind und Position des Schiffes einstellen, eine Nummer 1, die alles, was vorne auf dem Schiff passiert, steuert und ihre Mitsegler \u00fcber Wind und Wellen informiert, und ein Klavier, das die Systeme bedient, mit denen die Segel am Mast gesetzt und montiert werden. \u00dcbersetzt mit.<\/p>\n<p>Kurz gesagt: Der Skipper braucht ein leistungsstarkes Team, das \u00fcber die notwendigen Kenntnisse und F\u00e4higkeiten verf\u00fcgt, um die anfallenden Aufgaben effizient zu erledigen und daf\u00fcr zu sorgen, dass das Segelboot sicher im Hafen ankommt.<\/p>\n<p>Wenn Sie MCA Kale, MCA Colibri oder eine beliebige handwerkliche Abwandlung davon in die Hand nehmen, \u00fcbernehmen Sie das Steuer. So werden Sie zum Skipper, dem alleinigen Herrscher an Bord. Und um sicherzustellen, dass Ihre Reise ruhig verl\u00e4uft und Sie ein Gewinner sind, spielt das Team von MCA Concept die Rolle Ihrer Crew, indem es Sie von der Einf\u00fchrung der Software an begleitet und Ihnen t\u00e4glich zur Seite steht, um Sie bei Bedarf zu unterst\u00fctzen.<\/p>\n<p>Dank der jahrelangen Erfahrung in der Entwicklung und Organisation von Unternehmen kann MCA Concept Ihnen schnell Antworten und Ratschl\u00e4ge geben und die Funktionen der Software jederzeit an Ihre neuen Bed\u00fcrfnisse anpassen.<\/p>\n<\/div><\/div>\n<\/div>\n<\/div>\n<\/div>\n\n<div class=\"et_pb_section_2 et_pb_section et_section_specialty et_pb_equal_columns et_pb_gutters3 et_block_section\"><div class=\"et_pb_row et_block_row\">\n<div class=\"et_pb_column_2 et_pb_column et_pb_specialty_column et_pb_column_2_3 et_block_column et_pb_css_mix_blend_mode_passthrough\">\n<div class=\"et_pb_row_inner_0 et_pb_row_inner et_block_row\">\n<div class=\"et_pb_column_inner_0 et_pb_column_inner et_pb_column et_pb_column_4_4 et-last-child et_block_column et_pb_css_mix_blend_mode_passthrough\">\n<div class=\"et_pb_text_2 et_pb_text et_pb_bg_layout_light et_pb_module et_block_module\"><div class=\"et_pb_text_inner\"><h2><span>Einsetzen<\/span><\/h2>\n<\/div><\/div>\n\n<div class=\"et_pb_divider_1 et_pb_divider et_pb_space et_pb_divider_position_top et_pb_module\"><div class=\"et_pb_divider_internal\"><\/div><\/div>\n\n<div class=\"et_pb_text_3 et_pb_text et_pb_bg_layout_light et_pb_module et_block_module\"><div class=\"et_pb_text_inner\"><p><span>Experten arbeiten mit Ihnen an der Organisation Ihres Unternehmens, z. B. durch die Anordnung der Produktdaten, den Aufbau des Kontenplans oder die Definition der verschiedenen Rollen und Prozesse. <\/span><\/p>\n<p>Sie rufen auch vorhandene Daten ab, z. B. die Liste Ihrer Produkte, Lieferanten oder Kunden, um sie in die Software zu importieren.<\/p>\n<\/div><\/div>\n<\/div>\n<\/div>\n<\/div>\n\n<div class=\"et_pb_column_3 et_pb_column et_pb_column_single et_pb_column_1_3 et-last-child et_block_column et_pb_css_mix_blend_mode_passthrough\">\n<div class=\"et_pb_text_4 et_pb_text et_pb_bg_layout_light et_pb_module et_block_module\"><\/div>\n<\/div>\n<\/div><\/div>\n\n<div class=\"et_pb_section_3 et_pb_section et_section_specialty et_pb_equal_columns et_pb_gutters3 et_block_section\"><div class=\"et_pb_row et_block_row\">\n<div class=\"et_pb_column_4 et_pb_column et_pb_column_single et_pb_column_1_3 et_block_column et_pb_css_mix_blend_mode_passthrough\">\n<div class=\"et_pb_text_5 et_pb_text et_pb_bg_layout_light et_pb_module et_block_module\"><\/div>\n<\/div>\n\n<div class=\"et_pb_column_5 et_pb_column et_pb_specialty_column et_pb_column_2_3 et-last-child et_block_column et_pb_css_mix_blend_mode_passthrough\">\n<div class=\"et_pb_row_inner_1 et_pb_row_inner et_block_row\">\n<div class=\"et_pb_column_inner_1 et_pb_column_inner et_pb_column et_pb_column_4_4 et-last-child et_block_column et_pb_css_mix_blend_mode_passthrough\">\n<div class=\"et_pb_text_6 et_pb_text et_pb_bg_layout_light et_pb_module et_block_module\"><div class=\"et_pb_text_inner\"><h1>Anfassen<\/h1>\n<\/div><\/div>\n\n<div class=\"et_pb_divider_2 et_pb_divider et_pb_space et_pb_divider_position_top et_pb_module\"><div class=\"et_pb_divider_internal\"><\/div><\/div>\n\n<div class=\"et_pb_text_7 et_pb_text et_pb_bg_layout_light et_pb_module et_block_module\"><div class=\"et_pb_text_inner\"><p>Die Personen in Ihrem Unternehmen, die die Software nutzen m\u00fcssen, erhalten Schulungen, damit sie den Umgang mit der Software erlernen und sie von Anfang bis Ende beherrschen:\n<\/p>\n<ul>- Allgemeine Nutzung der Software<br \/>\n- Erstellung von Angeboten<br \/>\n- Fakturierung<br \/>\n- Buchhaltung<br \/>\n- Und noch viel mehr !\n<\/ul>\n<\/div><\/div>\n<\/div>\n<\/div>\n<\/div>\n<\/div><\/div>\n\n<div class=\"et_pb_section_4 et_pb_section et_section_specialty et_pb_gutters3 et_block_section\"><div class=\"et_pb_row et_block_row\">\n<div class=\"et_pb_column_6 et_pb_column et_pb_specialty_column et_pb_column_2_3 et_block_column et_pb_css_mix_blend_mode_passthrough\">\n<div class=\"et_pb_row_inner_2 et_pb_row_inner et_block_row\">\n<div class=\"et_pb_column_inner_2 et_pb_column_inner et_pb_column et_pb_column_4_4 et-last-child et_block_column et_pb_css_mix_blend_mode_passthrough\">\n<div class=\"et_pb_text_8 et_pb_text et_pb_bg_layout_light et_pb_module et_block_module\"><div class=\"et_pb_text_inner\"><h1>T\u00e4glicher Gebrauch<\/h1>\n<\/div><\/div>\n\n<div class=\"et_pb_divider_3 et_pb_divider et_pb_space et_pb_divider_position_top et_pb_module\"><div class=\"et_pb_divider_internal\"><\/div><\/div>\n\n<div class=\"et_pb_text_9 et_pb_text et_pb_bg_layout_light et_pb_module et_block_module\"><div class=\"et_pb_text_inner\"><p>Sie erhalten technische Unterst\u00fctzung bei auftretenden Problemen, bei Fragen zur Verwendung der Software zur Durchf\u00fchrung bestimmter Manipulationen oder auch bei Fragen zur Verwaltung der Buchhaltung Ihres Unternehmens.<\/p>\n<\/div><\/div>\n<\/div>\n<\/div>\n<\/div>\n\n<div class=\"et_pb_column_7 et_pb_column et_pb_column_single et_pb_column_1_3 et-last-child et_block_column et_pb_css_mix_blend_mode_passthrough\">\n<div class=\"et_pb_text_10 et_pb_text et_pb_bg_layout_light et_pb_module et_block_module\"><\/div>\n<\/div>\n<\/div><\/div>\n\n<div class=\"et_pb_section_5 et_pb_section et_section_specialty et_pb_equal_columns et_pb_gutters3 et_block_section\"><div class=\"et_pb_row et_block_row\">\n<div class=\"et_pb_column_8 et_pb_column et_pb_column_single et_pb_column_1_3 et_block_column et_pb_css_mix_blend_mode_passthrough\">\n<div class=\"et_pb_text_11 et_pb_text et_pb_bg_layout_light et_pb_module et_block_module\"><\/div>\n<\/div>\n\n<div class=\"et_pb_column_9 et_pb_column et_pb_specialty_column et_pb_column_2_3 et-last-child et_block_column et_pb_css_mix_blend_mode_passthrough\">\n<div class=\"et_pb_row_inner_3 et_pb_row_inner et_block_row\">\n<div class=\"et_pb_column_inner_3 et_pb_column_inner et_pb_column et_pb_column_4_4 et-last-child et_block_column et_pb_css_mix_blend_mode_passthrough\">\n<div class=\"et_pb_text_12 et_pb_text et_pb_bg_layout_light et_pb_module et_block_module\"><div class=\"et_pb_text_inner\"><h2>Entwicklung<\/h2>\n<\/div><\/div>\n\n<div class=\"et_pb_divider_4 et_pb_divider et_pb_space et_pb_divider_position_top et_pb_module\"><div class=\"et_pb_divider_internal\"><\/div><\/div>\n\n<div class=\"et_pb_text_13 et_pb_text et_pb_bg_layout_light et_pb_module et_block_module\"><div class=\"et_pb_text_inner\"><p>Das Team von MCA Concept entwickelt und implementiert neue Funktionen und Prozesse auf der Grundlage Ihrer Erwartungen. <\/p>\n<p>Ihr Unternehmen ist nicht statisch, sondern entwickelt sich mit der Zeit weiter, w\u00e4chst und schafft dementsprechend neue Bed\u00fcrfnisse. Ihre Software muss daher mit dieser Entwicklung Schritt halten. <\/p>\n<p>Die Entwickler von MCA Concept arbeiten also mit Ihnen zusammen, um neue Prozesse f\u00fcr immer mehr Leistung und Einfachheit zu implementieren. <\/p>\n<\/div><\/div>\n<\/div>\n<\/div>\n<\/div>\n<\/div><\/div>\n\n<div class=\"et_pb_section_6 et_pb_section et_section_specialty et_pb_gutters3 et_block_section\"><div class=\"et_pb_row et_block_row\">\n<div class=\"et_pb_column_10 et_pb_column et_pb_specialty_column et_pb_column_2_3 et_block_column et_pb_css_mix_blend_mode_passthrough\">\n<div class=\"et_pb_row_inner_4 et_pb_row_inner et_block_row\">\n<div class=\"et_pb_column_inner_4 et_pb_column_inner et_pb_column et_pb_column_4_4 et-last-child et_block_column et_pb_css_mix_blend_mode_passthrough\">\n<div class=\"et_pb_text_14 et_pb_text et_pb_bg_layout_light et_pb_module et_block_module\"><div class=\"et_pb_text_inner\"><h2>Aktualisierungen<\/h2>\n<\/div><\/div>\n\n<div class=\"et_pb_divider_5 et_pb_divider et_pb_space et_pb_divider_position_top et_pb_module\"><div class=\"et_pb_divider_internal\"><\/div><\/div>\n\n<div class=\"et_pb_text_15 et_pb_text et_pb_bg_layout_light et_pb_module et_block_module\"><div class=\"et_pb_text_inner\"><p>Durch regelm\u00e4\u00dfige Updates \u00fcberpr\u00fcfen Experten die Funktionsweise der Software und f\u00fchren eventuelle \u00dcberarbeitungen durch, verbessern die Benutzerfreundlichkeit weiter und bieten Ihnen immer mehr Funktionen an.<\/p>\n<\/div><\/div>\n<\/div>\n<\/div>\n<\/div>\n\n<div class=\"et_pb_column_11 et_pb_column et_pb_column_single et_pb_column_1_3 et-last-child et_block_column et_pb_css_mix_blend_mode_passthrough\">\n<div class=\"et_pb_text_16 et_pb_text et_pb_bg_layout_light et_pb_module et_block_module\"><\/div>\n<\/div>\n<\/div><\/div>\n\n<div class=\"et_pb_section_7 et_pb_section et_section_regular et_block_section\">\n<div class=\"et_pb_row_2 et_pb_row et_block_row\">\n<div class=\"et_pb_column_12 et_pb_column et_pb_column_4_4 et-last-child et_block_column et_pb_css_mix_blend_mode_passthrough\">\n<div class=\"et_pb_module et_pb_button_module_wrapper et_pb_button_0_wrapper preset--module--divi-button--e6919fb1-d0a4-440c-891a-c76fc3d47025_wrapper\"><a class=\"et_pb_button_0 et_pb_button et_pb_bg_layout_light et_pb_module et_block_module preset--module--divi-button--e6919fb1-d0a4-440c-891a-c76fc3d47025\" href=\"https:\/\/mca-software.fr\/formulaire-general\/\">Informationen anfragen<\/a><\/div>\n<\/div>\n<\/div>\n<\/div>\n\n<div class=\"et_pb_section_8 et_pb_section et_section_regular et_block_section\">\n<div class=\"et_pb_row_3 et_pb_row et_pb_gutters4 et_block_row\">\n<div class=\"et_pb_column_13 et_pb_column et_pb_column_4_4 et-last-child et_block_column et_pb_css_mix_blend_mode_passthrough\">\n<div class=\"et_pb_blurb_0 et_pb_blurb et_pb_bg_layout_light et_pb_text_align_center et_pb_text_align_center-tablet et_pb_text_align_center-phone et_pb_blurb_position_top et_clickable et_pb_module et_block_module capsule\"><div class=\"et_pb_blurb_content\"><div class=\"et_pb_main_blurb_image\"><a href=\"https:\/\/mca-software.fr\/support\/\"><span class=\"et_pb_image_wrap et_pb_only_image_mode_wrap\"><img decoding=\"async\" src=\"https:\/\/mca-software.fr\/wordpress\/wp-content\/uploads\/2020\/09\/logo-support-technique-mca-kale-267x300.jpg\" width=\"267\" height=\"300\" srcset=\"https:\/\/mca-software.fr\/wordpress\/wp-content\/uploads\/2020\/09\/logo-support-technique-mca-kale-267x300.jpg 267w\" class=\"et-waypoint et_pb_animation_top et_pb_animation_top_tablet et_pb_animation_top_phone wp-image-3748\" alt=\"Logo des technischen Supports von MCA Kale\" \/><\/span><\/a><\/div><div class=\"et_pb_blurb_container\"><h3 class=\"et_pb_module_header\"><a href=\"https:\/\/mca-software.fr\/support\/\">Kundenbetreuung<\/a><\/h3><\/div><\/div><\/div>\n<\/div>\n<\/div>\n<\/div>","protected":false},"excerpt":{"rendered":"","protected":false},"author":11,"featured_media":0,"parent":0,"menu_order":0,"comment_status":"closed","ping_status":"closed","template":"","meta":{"content-type":"","inline_featured_image":false,"_price":"","_stock":"","_tribe_ticket_header":"","_tribe_default_ticket_provider":"","_tribe_ticket_capacity":"0","_ticket_start_date":"","_ticket_end_date":"","_tribe_ticket_show_description":"","_tribe_ticket_show_not_going":false,"_tribe_ticket_use_global_stock":"","_tribe_ticket_global_stock_level":"","_global_stock_mode":"","_global_stock_cap":"","_tribe_rsvp_for_event":"","_tribe_ticket_going_count":"","_tribe_ticket_not_going_count":"","_tribe_tickets_list":"[]","_tribe_ticket_has_attendee_info_fields":false,"_EventAllDay":false,"_EventTimezone":"","_EventStartDate":"","_EventEndDate":"","_EventStartDateUTC":"","_EventEndDateUTC":"","_EventShowMap":false,"_EventShowMapLink":false,"_EventURL":"","_EventCost":"","_EventCostDescription":"","_EventCurrencySymbol":"","_EventCurrencyCode":"","_EventCurrencyPosition":"","_EventDateTimeSeparator":"","_EventTimeRangeSeparator":"","_EventOrganizerID":[],"_EventVenueID":[],"_OrganizerEmail":"","_OrganizerPhone":"","_OrganizerWebsite":"","_VenueAddress":"","_VenueCity":"","_VenueCountry":"","_VenueProvince":"","_VenueState":"","_VenueZip":"","_VenuePhone":"","_VenueURL":"","_VenueStateProvince":"","_VenueLat":"","_VenueLng":"","_VenueShowMap":false,"_VenueShowMapLink":false,"footnotes":"","_tec_slr_enabled":"","_tec_slr_layout":""},"class_list":["post-43109","page","type-page","status-publish","hentry"],"yoast_head":"<!-- This site is optimized with the Yoast SEO Premium plugin v26.1 (Yoast SEO v27.2) - https:\/\/yoast.com\/product\/yoast-seo-premium-wordpress\/ -->\n<title>Unsere Dienstleistungen | MCA Concept<\/title>\n<meta name=\"description\" content=\"Eine Begleitung ab der Einf\u00fchrung der Software durch Entwicklungs- und Aktualisierungsdienste, Schulungen und Beratung.\" \/>\n<meta name=\"robots\" content=\"index, follow, max-snippet:-1, max-image-preview:large, max-video-preview:-1\" \/>\n<link rel=\"canonical\" href=\"https:\/\/mca-software.fr\/de\/dienstleistungen\/\" \/>\n<meta property=\"og:locale\" content=\"de_DE\" \/>\n<meta property=\"og:type\" content=\"article\" \/>\n<meta property=\"og:title\" content=\"Unsere Dienstleistungen\" \/>\n<meta property=\"og:description\" content=\"Eine Begleitung ab der Einf\u00fchrung der Software durch Entwicklungs- und Aktualisierungsdienste, Schulungen und Beratung.\" \/>\n<meta property=\"og:url\" content=\"https:\/\/mca-software.fr\/de\/dienstleistungen\/\" \/>\n<meta property=\"og:site_name\" content=\"MCA Concept\" \/>\n<meta property=\"article:publisher\" content=\"https:\/\/www.facebook.com\/mcaconcept\/\" \/>\n<meta property=\"article:modified_time\" content=\"2026-03-30T08:58:34+00:00\" \/>\n<meta name=\"twitter:card\" content=\"summary_large_image\" \/>\n<meta name=\"twitter:site\" content=\"@McaConcept\" \/>\n<script type=\"application\/ld+json\" class=\"yoast-schema-graph\">{\"@context\":\"https:\/\/schema.org\",\"@graph\":[{\"@type\":\"WebPage\",\"@id\":\"https:\/\/mca-software.fr\/de\/dienstleistungen\/\",\"url\":\"https:\/\/mca-software.fr\/de\/dienstleistungen\/\",\"name\":\"Unsere Dienstleistungen | MCA Concept\",\"isPartOf\":{\"@id\":\"https:\/\/mca-software.fr\/de\/#website\"},\"datePublished\":\"2022-06-10T15:09:27+00:00\",\"dateModified\":\"2026-03-30T08:58:34+00:00\",\"description\":\"Eine Begleitung ab der Einf\u00fchrung der Software durch Entwicklungs- und Aktualisierungsdienste, Schulungen und Beratung.\",\"breadcrumb\":{\"@id\":\"https:\/\/mca-software.fr\/de\/dienstleistungen\/#breadcrumb\"},\"inLanguage\":\"de\",\"potentialAction\":[{\"@type\":\"ReadAction\",\"target\":[\"https:\/\/mca-software.fr\/de\/dienstleistungen\/\"]}]},{\"@type\":\"BreadcrumbList\",\"@id\":\"https:\/\/mca-software.fr\/de\/dienstleistungen\/#breadcrumb\",\"itemListElement\":[{\"@type\":\"ListItem\",\"position\":1,\"name\":\"Start\",\"item\":\"https:\/\/mca-software.fr\/de\/\"},{\"@type\":\"ListItem\",\"position\":2,\"name\":\"Unsere Dienstleistungen\"}]},{\"@type\":\"WebSite\",\"@id\":\"https:\/\/mca-software.fr\/de\/#website\",\"url\":\"https:\/\/mca-software.fr\/de\/\",\"name\":\"MCA Concept\",\"description\":\"Solutions de gestion d&#039;entreprise ERP-CRM-CMS\",\"potentialAction\":[{\"@type\":\"SearchAction\",\"target\":{\"@type\":\"EntryPoint\",\"urlTemplate\":\"https:\/\/mca-software.fr\/de\/?s={search_term_string}\"},\"query-input\":{\"@type\":\"PropertyValueSpecification\",\"valueRequired\":true,\"valueName\":\"search_term_string\"}}],\"inLanguage\":\"de\"}]}<\/script>\n<!-- \/ Yoast SEO Premium plugin. -->","yoast_head_json":{"title":"Unsere Dienstleistungen | MCA Concept","description":"Eine Begleitung ab der Einf\u00fchrung der Software durch Entwicklungs- und Aktualisierungsdienste, Schulungen und Beratung.","robots":{"index":"index","follow":"follow","max-snippet":"max-snippet:-1","max-image-preview":"max-image-preview:large","max-video-preview":"max-video-preview:-1"},"canonical":"https:\/\/mca-software.fr\/de\/dienstleistungen\/","og_locale":"de_DE","og_type":"article","og_title":"Unsere Dienstleistungen","og_description":"Eine Begleitung ab der Einf\u00fchrung der Software durch Entwicklungs- und Aktualisierungsdienste, Schulungen und Beratung.","og_url":"https:\/\/mca-software.fr\/de\/dienstleistungen\/","og_site_name":"MCA Concept","article_publisher":"https:\/\/www.facebook.com\/mcaconcept\/","article_modified_time":"2026-03-30T08:58:34+00:00","twitter_card":"summary_large_image","twitter_site":"@McaConcept","schema":{"@context":"https:\/\/schema.org","@graph":[{"@type":"WebPage","@id":"https:\/\/mca-software.fr\/de\/dienstleistungen\/","url":"https:\/\/mca-software.fr\/de\/dienstleistungen\/","name":"Unsere Dienstleistungen | MCA Concept","isPartOf":{"@id":"https:\/\/mca-software.fr\/de\/#website"},"datePublished":"2022-06-10T15:09:27+00:00","dateModified":"2026-03-30T08:58:34+00:00","description":"Eine Begleitung ab der Einf\u00fchrung der Software durch Entwicklungs- und Aktualisierungsdienste, Schulungen und Beratung.","breadcrumb":{"@id":"https:\/\/mca-software.fr\/de\/dienstleistungen\/#breadcrumb"},"inLanguage":"de","potentialAction":[{"@type":"ReadAction","target":["https:\/\/mca-software.fr\/de\/dienstleistungen\/"]}]},{"@type":"BreadcrumbList","@id":"https:\/\/mca-software.fr\/de\/dienstleistungen\/#breadcrumb","itemListElement":[{"@type":"ListItem","position":1,"name":"Start","item":"https:\/\/mca-software.fr\/de\/"},{"@type":"ListItem","position":2,"name":"Unsere Dienstleistungen"}]},{"@type":"WebSite","@id":"https:\/\/mca-software.fr\/de\/#website","url":"https:\/\/mca-software.fr\/de\/","name":"MCA Concept","description":"Solutions de gestion d&#039;entreprise ERP-CRM-CMS","potentialAction":[{"@type":"SearchAction","target":{"@type":"EntryPoint","urlTemplate":"https:\/\/mca-software.fr\/de\/?s={search_term_string}"},"query-input":{"@type":"PropertyValueSpecification","valueRequired":true,"valueName":"search_term_string"}}],"inLanguage":"de"}]}},"ticketed":false,"_links":{"self":[{"href":"https:\/\/mca-software.fr\/de\/wp-json\/wp\/v2\/pages\/43109","targetHints":{"allow":["GET"]}}],"collection":[{"href":"https:\/\/mca-software.fr\/de\/wp-json\/wp\/v2\/pages"}],"about":[{"href":"https:\/\/mca-software.fr\/de\/wp-json\/wp\/v2\/types\/page"}],"author":[{"embeddable":true,"href":"https:\/\/mca-software.fr\/de\/wp-json\/wp\/v2\/users\/11"}],"replies":[{"embeddable":true,"href":"https:\/\/mca-software.fr\/de\/wp-json\/wp\/v2\/comments?post=43109"}],"version-history":[{"count":53,"href":"https:\/\/mca-software.fr\/de\/wp-json\/wp\/v2\/pages\/43109\/revisions"}],"predecessor-version":[{"id":83933,"href":"https:\/\/mca-software.fr\/de\/wp-json\/wp\/v2\/pages\/43109\/revisions\/83933"}],"wp:attachment":[{"href":"https:\/\/mca-software.fr\/de\/wp-json\/wp\/v2\/media?parent=43109"}],"curies":[{"name":"wp","href":"https:\/\/api.w.org\/{rel}","templated":true}]}}