{"id":35736,"date":"2022-03-30T14:46:44","date_gmt":"2022-03-30T12:46:44","guid":{"rendered":"https:\/\/mca-software.fr\/erp-was-ist\/"},"modified":"2023-10-26T11:22:17","modified_gmt":"2023-10-26T09:22:17","slug":"erp-was-ist","status":"publish","type":"page","link":"https:\/\/mca-software.fr\/de\/erp-was-ist\/","title":{"rendered":"Was ist ein ERP? Warum sollte man ein ERP-System f\u00fcr seine Verwaltung verwenden?"},"content":{"rendered":"<p><div class=\"et_d4_element et_pb_section et_pb_section_0 et_pb_with_background  et_pb_css_mix_blend_mode et_section_regular et_block_section\" >\n\t\t\t\t\n\t\t\t\t\n\t\t\t\t\n\t\t\t\t\n\t\t\t\t\n\t\t\t\t\n\t\t\t\t<div class=\"et_d4_element et_pb_row et_pb_row_0  et_pb_css_mix_blend_mode et_block_row\">\n\t\t\t\t<div class=\"et_d4_element et_pb_column_4_4 et_pb_column et_pb_column_0  et_pb_css_mix_blend_mode et-last-child et_block_column\">\n\t\t\t\t\n\t\t\t\t\n\t\t\t\t\n\t\t\t\t\n\t\t\t\t<div class=\"et_pb_module et_d4_element et_pb_text et_pb_text_0  et_pb_text_align_left et_pb_bg_layout_light\">\n\t\t\t\t\n\t\t\t\t\n\t\t\t\t\n\t\t\t\t\n\t\t\t\t<div class=\"et_pb_text_inner\"><h1>Was ist ein ERP? Warum sollte man ein ERP-System f\u00fcr seine Verwaltung nutzen?<\/h1><\/div>\n\t\t\t<\/div>\n\t\t\t<\/div>\n\t\t\t\t\n\t\t\t\t\n\t\t\t\t\n\t\t\t\t\n\t\t\t<\/div><div class=\"et_d4_element et_pb_row et_pb_row_1  et_pb_css_mix_blend_mode et_block_row\">\n\t\t\t\t<div class=\"et_d4_element et_pb_column_4_4 et_pb_column et_pb_column_1  et_pb_css_mix_blend_mode et-last-child et_block_column\">\n\t\t\t\t\n\t\t\t\t\n\t\t\t\t\n\t\t\t\t\n\t\t\t\t<div class=\"et_pb_module et_d4_element et_pb_text et_pb_text_1  et_pb_text_align_left et_pb_bg_layout_light\">\n\t\t\t\t\n\t\t\t\t\n\t\t\t\t\n\t\t\t\t\n\t\t\t\t<div class=\"et_pb_text_inner\"><h2>Was ist ein ERP?<\/h2><\/div>\n\t\t\t<\/div>\n\t\t\t<\/div>\n\t\t\t\t\n\t\t\t\t\n\t\t\t\t\n\t\t\t\t\n\t\t\t<\/div><div class=\"et_d4_element et_pb_row et_pb_row_2  et_pb_css_mix_blend_mode et_block_row\">\n\t\t\t\t<div class=\"et_d4_element et_pb_column_4_4 et_pb_column et_pb_column_2  et_pb_css_mix_blend_mode et-last-child et_block_column\">\n\t\t\t\t\n\t\t\t\t\n\t\t\t\t\n\t\t\t\t\n\t\t\t\t<div class=\"et_pb_module et_d4_element et_pb_text et_pb_text_2  et_pb_text_align_left et_pb_bg_layout_light\">\n\t\t\t\t\n\t\t\t\t\n\t\t\t\t\n\t\t\t\t\n\t\t\t\t<div class=\"et_pb_text_inner\"><p>Eine ERP-Software (Abk\u00fcrzung f\u00fcr \"Enterprise Ressource Planning\"), manchmal auch als ERP (\"Progiciel de Gestion Int\u00e9gr\u00e9\") auf Franz\u00f6sisch bezeichnet, erm\u00f6glicht die Verwaltung der Finanzstr\u00f6me eines Unternehmens, indem sie eine Reihe spezifischer Managementfunktionen einbindet. Es umfasst insbesondere die Verwaltung von Verk\u00e4ufen, Eink\u00e4ufen, L\u00f6hnen, Lagerbest\u00e4nden und Buchhaltung.<\/p>\n<p>Das Hauptziel eines ERP-Systems ist die Harmonisierung des Informationssystems eines Unternehmens: Es zentralisiert alle Daten in einer einzigen, gemeinsam genutzten Datenbank.<\/p><\/div>\n\t\t\t<\/div>\n\t\t\t<\/div>\n\t\t\t\t\n\t\t\t\t\n\t\t\t\t\n\t\t\t\t\n\t\t\t<\/div><div class=\"et_d4_element et_pb_row et_pb_row_3  et_pb_css_mix_blend_mode et_block_row\">\n\t\t\t\t<div class=\"et_d4_element et_pb_column_4_4 et_pb_column et_pb_column_3  et_pb_css_mix_blend_mode et-last-child et_block_column\">\n\t\t\t\t\n\t\t\t\t\n\t\t\t\t\n\t\t\t\t\n\t\t\t\t<div class=\"et_pb_module et_d4_element et_pb_text et_pb_text_3  et_pb_text_align_left et_pb_bg_layout_light\">\n\t\t\t\t\n\t\t\t\t\n\t\t\t\t\n\t\t\t\t\n\t\t\t\t<div class=\"et_pb_text_inner\"><h2>Warum ein ERP?<\/h2><\/div>\n\t\t\t<\/div>\n\t\t\t<\/div>\n\t\t\t\t\n\t\t\t\t\n\t\t\t\t\n\t\t\t\t\n\t\t\t<\/div><div class=\"et_d4_element et_pb_row et_pb_row_4  et_pb_css_mix_blend_mode et_block_row\">\n\t\t\t\t<div class=\"et_d4_element et_pb_column_4_4 et_pb_column et_pb_column_4  et_pb_css_mix_blend_mode et-last-child et_block_column\">\n\t\t\t\t\n\t\t\t\t\n\t\t\t\t\n\t\t\t\t\n\t\t\t\t<div class=\"et_pb_module et_d4_element et_pb_text et_pb_text_4  et_pb_text_align_left et_pb_bg_layout_light\">\n\t\t\t\t\n\t\t\t\t\n\t\t\t\t\n\t\t\t\t\n\t\t\t\t<div class=\"et_pb_text_inner\"><p>Tools wie Word oder Excel sind zwar sehr n\u00fctzlich, eignen sich aber nicht f\u00fcr die schnelle Verbreitung von Daten im Unternehmen, da sie mit nichts kommunizieren. Ein und dieselben Daten werden daher oft mehrfach manuell in das Informationssystem eingegeben.<\/p>\n<p>Da die verschiedenen Abteilungen des Unternehmens keine gemeinsame Informationsbasis haben, verf\u00fcgt das Unternehmen schlie\u00dflich \u00fcber eine Vielzahl isolierter Datenbanken und eine unendliche Anzahl von Dokumenten und Tabellenkalkulationen. Dies macht die Suche nach Informationen sowie die Aktualisierung oder Analyse von Daten komplex.<\/p>\n<p>Ein ERP-System erleichtert dank seiner gemeinsam genutzten Datenbank die Verarbeitung und Verteilung von Daten zwischen den Abteilungen, je nach Zugriffsebene der Mitarbeiter. Sie stellt sicher, dass \u00fcber alle Transaktionen des Unternehmens hinweg einheitliche Daten verwendet werden, und spart Zeit, indem sie die erneute Eingabe von Daten vermeidet.<\/p>\n<p>Alles in allem fasst ein ERP-System die verschiedenen Prozesse im Zusammenhang mit den Transaktionen eines Unternehmens zusammen, um die Verfolgung der Vorg\u00e4nge von der Anfrage bis zum Zahlungseingang zu vereinfachen, bringt mehr Koh\u00e4renz in das Informationssystem und f\u00f6rdert die R\u00fcckverfolgbarkeit f\u00fcr alle Transaktionen.<\/p><\/div>\n\t\t\t<\/div>\n\t\t\t<\/div>\n\t\t\t\t\n\t\t\t\t\n\t\t\t\t\n\t\t\t\t\n\t\t\t<\/div><div class=\"et_d4_element et_pb_row et_pb_row_5  et_pb_css_mix_blend_mode et_block_row\">\n\t\t\t\t<div class=\"et_d4_element et_pb_column_4_4 et_pb_column et_pb_column_5  et_pb_css_mix_blend_mode et-last-child et_block_column\">\n\t\t\t\t\n\t\t\t\t\n\t\t\t\t\n\t\t\t\t\n\t\t\t\t<div class=\"et_pb_module et_d4_element et_pb_text et_pb_text_5  et_pb_text_align_left et_pb_bg_layout_light\">\n\t\t\t\t\n\t\t\t\t\n\t\t\t\t\n\t\t\t\t\n\t\t\t\t<div class=\"et_pb_text_inner\"><h2>ERP vs CRM<\/h2><\/div>\n\t\t\t<\/div>\n\t\t\t<\/div>\n\t\t\t\t\n\t\t\t\t\n\t\t\t\t\n\t\t\t\t\n\t\t\t<\/div><div class=\"et_d4_element et_pb_row et_pb_row_6  et_pb_css_mix_blend_mode et_block_row\">\n\t\t\t\t<div class=\"et_d4_element et_pb_column_4_4 et_pb_column et_pb_column_6  et_pb_css_mix_blend_mode et-last-child et_block_column\">\n\t\t\t\t\n\t\t\t\t\n\t\t\t\t\n\t\t\t\t\n\t\t\t\t<div class=\"et_pb_module et_d4_element et_pb_text et_pb_text_6  et_pb_text_align_left et_pb_bg_layout_light\">\n\t\t\t\t\n\t\t\t\t\n\t\t\t\t\n\t\t\t\t\n\t\t\t\t<div class=\"et_pb_text_inner\"><p>Die Unterscheidung zwischen ERP- und <a href=\"https:\/\/mca-software.fr\/crm-cest-quoi\/\"><strong>CRM<\/strong><\/a>-Software erfolgt haupts\u00e4chlich anhand der Informationen, die diese Programme analysieren.nt. ERP ber\u00fchrt, wie bereits erw\u00e4hnt, die Finanzstr\u00f6me eines Unternehmens, d. h. Informationen, die mit Transaktionen, Rechnungsstellung, Buchhaltung usw. zusammenh\u00e4ngen. Das CRM umfasst Informationen \u00fcber die verschiedenen Beziehungen des Unternehmens, z. B. Kontakte, E-Mail- und Telefonverkehr, geplante Termine, Kundenanfragen oder Beschwerden usw. Das CRM ist ein Instrument, mit dem sich die Mitarbeiter \u00fcber ihre Arbeit informieren k\u00f6nnen.<\/p><\/div>\n\t\t\t<\/div>\n\t\t\t<\/div>\n\t\t\t\t\n\t\t\t\t\n\t\t\t\t\n\t\t\t\t\n\t\t\t<\/div><div class=\"et_d4_element et_pb_row et_pb_row_7  et_pb_css_mix_blend_mode et_block_row\">\n\t\t\t\t<div class=\"et_d4_element et_pb_column_4_4 et_pb_column et_pb_column_7  et_pb_css_mix_blend_mode et-last-child et_block_column\">\n\t\t\t\t\n\t\t\t\t\n\t\t\t\t\n\t\t\t\t\n\t\t\t\t<div class=\"et_pb_module et_d4_element et_pb_text et_pb_text_7  et_pb_text_align_left et_pb_bg_layout_light\">\n\t\t\t\t\n\t\t\t\t\n\t\t\t\t\n\t\t\t\t\n\t\t\t\t<div class=\"et_pb_text_inner\"><h2>ERP vs CMS<\/h2><\/div>\n\t\t\t<\/div>\n\t\t\t<\/div>\n\t\t\t\t\n\t\t\t\t\n\t\t\t\t\n\t\t\t\t\n\t\t\t<\/div><div class=\"et_d4_element et_pb_row et_pb_row_8  et_pb_css_mix_blend_mode et_block_row\">\n\t\t\t\t<div class=\"et_d4_element et_pb_column_4_4 et_pb_column et_pb_column_8  et_pb_css_mix_blend_mode et-last-child et_block_column\">\n\t\t\t\t\n\t\t\t\t\n\t\t\t\t\n\t\t\t\t\n\t\t\t\t<div class=\"et_pb_module et_d4_element et_pb_text et_pb_text_8  et_pb_text_align_left et_pb_bg_layout_light\">\n\t\t\t\t\n\t\t\t\t\n\t\t\t\t\n\t\t\t\t\n\t\t\t\t<div class=\"et_pb_text_inner\"><p>W\u00e4hrend das ERP-System die verschiedenen Finanzstr\u00f6me eines Unternehmens verwaltet, k\u00fcmmert sich das <a href=\"https:\/\/mca-software.fr\/cms-cest-quoi\/\"><strong>CMS<\/strong><\/a> speziell um die Erstellung von Inhalten, seien es Webseiten, Statistiken, Dashboards oder Dokumentationen.<\/p><\/div>\n\t\t\t<\/div>\n\t\t\t<\/div>\n\t\t\t\t\n\t\t\t\t\n\t\t\t\t\n\t\t\t\t\n\t\t\t<\/div><div class=\"et_d4_element et_pb_row et_pb_row_9  et_pb_css_mix_blend_mode et_block_row\">\n\t\t\t\t<div class=\"et_d4_element et_pb_column_4_4 et_pb_column et_pb_column_9  et_pb_css_mix_blend_mode et-last-child et_block_column\">\n\t\t\t\t\n\t\t\t\t\n\t\t\t\t\n\t\t\t\t\n\t\t\t\t<div class=\"et_pb_module et_d4_element et_pb_divider et_pb_divider_0 et_pb_space\"><div class=\"et_pb_divider_internal\"><\/div><\/div>\n\t\t\t<\/div>\n\t\t\t\t\n\t\t\t\t\n\t\t\t\t\n\t\t\t\t\n\t\t\t<\/div><div class=\"et_d4_element et_pb_row et_pb_row_10  et_pb_css_mix_blend_mode et_block_row\">\n\t\t\t\t<div class=\"et_d4_element et_pb_column_4_4 et_pb_column et_pb_column_10  et_pb_css_mix_blend_mode et-last-child et_block_column\">\n\t\t\t\t\n\t\t\t\t\n\t\t\t\t\n\t\t\t\t\n\t\t\t\t<div class=\"et_pb_module et_d4_element et_pb_text et_pb_text_9  et_pb_text_align_left et_pb_bg_layout_light\">\n\t\t\t\t\n\t\t\t\t\n\t\t\t\t\n\t\t\t\t\n\t\t\t\t<div class=\"et_pb_text_inner\"><h2>Artikel zu diesem Thema (nur auf Franz\u00f6sisch verf\u00fcgbar)<\/h2><\/div>\n\t\t\t<\/div><div class=\"et_pb_module et_d4_element et_pb_text et_pb_text_10  et_pb_text_align_left et_pb_bg_layout_light\">\n\t\t\t\t\n\t\t\t\t\n\t\t\t\t\n\t\t\t\t\n\t\t\t\t<div class=\"et_pb_text_inner\"><p>MCA Time. (Online). 2022. ERP, CRM, CMS, Regroupement software\u2026 qu\u2019est-ce que c\u2019est ? Verf\u00fcgbar: <a href=\"https:\/\/mcatime.com\/erp-crm-cms-regroupement-software-quest-ce-que-cest\/\">https:\/\/mcatime.com\/erp-crm-cms-regroupement-software-quest-ce-que-cest\/<\/a><\/p><\/div>\n\t\t\t<\/div>\n\t\t\t<\/div>\n\t\t\t\t\n\t\t\t\t\n\t\t\t\t\n\t\t\t\t\n\t\t\t<\/div>\n\t\t\t\t\n\t\t\t\t\n\t\t\t<\/div><div class=\"et_d4_element et_pb_section et_pb_section_1  et_pb_css_mix_blend_mode et_section_regular et_block_section\" >\n\t\t\t\t\n\t\t\t\t\n\t\t\t\t\n\t\t\t\t\n\t\t\t\t\n\t\t\t\t\n\t\t\t\t<div class=\"et_d4_element et_pb_row et_pb_row_11  et_pb_css_mix_blend_mode et_block_row\">\n\t\t\t\t<div class=\"et_d4_element et_pb_column_4_4 et_pb_column et_pb_column_11  et_pb_css_mix_blend_mode et-last-child et_block_column\">\n\t\t\t\t\n\t\t\t\t\n\t\t\t\t\n\t\t\t\t\n\t\t\t\t<div class=\"et_pb_module et_d4_element et_pb_text et_pb_text_11  et_pb_text_align_left et_pb_bg_layout_light\">\n\t\t\t\t\n\t\t\t\t\n\t\t\t\t\n\t\t\t\t\n\t\t\t\t<div class=\"et_pb_text_inner\"><h2>Zusammenfassend<\/h2>\n<p>Ein <strong>ERP<\/strong> (Enterprise Ressource Planning) ist eine wichtige integrierte <strong>Verwaltungssoftware<\/strong> f\u00fcr Unternehmen, da sie die Verwaltung verschiedener Prozesse und Datenstr\u00f6me innerhalb des Unternehmens rationalisiert und zentralisiert.<\/p>\n<p>Durch die Zusammenf\u00fchrung von Funktionen wie Verkaufs-, Einkaufs-, Lohn-, Lager- und Buchf\u00fchrungsverwaltung vereinfacht ein ERP-System das Finanzmanagement und f\u00f6rdert die Datenkonsistenz.<\/p>\n<p>Es behebt Ineffizienzen, die durch die Verwendung mehrerer nicht integrierter Tools wie Word oder Excel verursacht werden, indem es alle Informationen in einer gemeinsam genutzten Datenbank zentralisiert.<\/p>\n<p>Indem ERP die schnelle Verbreitung von Daten zwischen den verschiedenen Abteilungen des Unternehmens erm\u00f6glicht, verbessert es die interne Kommunikation, die Nachvollziehbarkeit von Transaktionen und die Produktivit\u00e4t.<\/p>\n<p>Zusammenfassend l\u00e4sst sich sagen, dass ein <strong>ERP-System<\/strong> ein Schl\u00fcsselelement f\u00fcr das gesamte Management eines Unternehmens ist. Es optimiert die Planung, die Ressourcen, den Verkauf und die Lagerbest\u00e4nde und sorgt f\u00fcr effizientere Prozesse und eine bessere Datenverwaltung.<\/div>\n\t\t\t<\/div>\n\t\t\t<\/div>\n\t\t\t\t\n\t\t\t\t\n\t\t\t\t\n\t\t\t\t\n\t\t\t<\/div><div class=\"et_d4_element et_pb_row et_pb_row_12  et_pb_css_mix_blend_mode et_block_row\">\n\t\t\t\t<div class=\"et_d4_element et_pb_column_4_4 et_pb_column et_pb_column_12  et_pb_css_mix_blend_mode et-last-child et_block_column\">\n\t\t\t\t\n\t\t\t\t\n\t\t\t\t\n\t\t\t\t\n\t\t\t\t<div class=\"et_pb_module et_d4_element et_pb_text et_pb_text_12  et_pb_text_align_left et_pb_bg_layout_light\">\n\t\t\t\t\n\t\t\t\t\n\t\t\t\t\n\t\t\t\t\n\t\t\t\t<div class=\"et_pb_text_inner\"><p>erp software, crm, management software, commercial management, accounting, stocks, pme, cloud, business management, planning, pgi, saas, information system, softwarepakete, erp, softwarepaket, kundenbeziehung, managementpaket, produktionsmanagement, integriertes management, beziehungsmanagement, e-commerce, integriertes managementpaket, managementl\u00f6sung, erp solutions, enterprise resource planning, integrator, bestandsmanagement, einheitliche datenbank, erp-l\u00f6sung, r\u00fcckverfolgbarkeit, dashboards, customer relationship management, rechnungsstellung, implementierung, handel, ressourcenmanagement, microsoft dynamics, steuern, management software, open source, oracle, erp-projekt, einheit, buchhaltung, dolibarr, management softwarepakete, erp-software, unsere l\u00f6sungen, pmi, automatisierung, parametrierung, handelsmanagement-software, operativ, managementl\u00f6sungen, tpe, integrierte management-software, saas-modus, cegid, demo, automatisieren, funktional, erp und crm, ressourcenplanung, skalierbar, integrierte management-software, ebp, business intelligence, workflow, modular, unternehmensressourcen, erp open source, ergonomie, crm und erp, entscheidungsfindung, software, software, flexibilit\u00e4t, gesch\u00e4ftsprozesse, integriert, mittelst\u00e4ndische unternehmen, kleine und mittlere unternehmen, mehrere module, dynamics nav, branchen, funktionaler umfang, agilit\u00e4t, nav, supply chain, projektmanagement, beratungsunternehmen, datenbanken, analytik, erp-markt, integriertes management, verwaltung von d utilisateurs, modules de gestion, cycle de vie, r\u00e9activit\u00e9, consultant erp, logiciel de production, \u00e9critures comptables, applications informatiques, gestion des ventes, outil de gestion, solutions crm, nouvelles fonctionnalit\u00e9s, int\u00e8gre un outil, back office, permet donc de g\u00e9rer, logiciel de gestion int\u00e9gr\u00e9, permettant de g\u00e9rer l ensemble, besoins sp\u00e9cifiques, solution compl\u00e8te, collaboratif, paye, parc informatique, fonctionnelles, comptables, moteur de workflow, erp sage, \u00e9diteur de logiciel, aide \u00e0 la d\u00e9cision, int\u00e9grateurs, automatis\u00e9, int\u00e8gre l entreprise, module crm, gestion des flux, logiciels de gestion d entreprise, logiciel sap, int\u00e9gr\u00e9e au logiciel, mrp, pme pmi, ma\u00eetrise des co\u00fbts, solution de gestion int\u00e9gr\u00e9e, gestion des donn\u00e9es, jd edwards, agroalimentaire, d\u00e9veloppements sp\u00e9cifiques, d\u00e9mat\u00e9rialisation, affaire de gestion, filiales, la logistique, meilleure gestion, prestashop, modules sp\u00e9cifiques, btp, erp finance, entreprise de logiciel, plusieurs applications, \u00e9volutif, int\u00e8gre notamment, package, logiciel logistique, gestion du personnel, gain de temps, r\u00e9f\u00e9rentiel, microsoft dynamics ax, grand dictionnaire, compl\u00e8te et int\u00e9gr\u00e9e, terminologique, comptable et financi\u00e8re, dictionnaire terminologique, pourrait \u00eatre int\u00e9gr\u00e9, centralis\u00e9, activit\u00e9 commerciale, concurrentiel, sql server, gestion des commandes<\/p><\/div>\n\t\t\t<\/div>\n\t\t\t<\/div>\n\t\t\t\t\n\t\t\t\t\n\t\t\t\t\n\t\t\t\t\n\t\t\t<\/div>\n\t\t\t\t\n\t\t\t\t\n\t\t\t<\/div><\/p>\n","protected":false},"excerpt":{"rendered":"","protected":false},"author":11,"featured_media":0,"parent":0,"menu_order":0,"comment_status":"closed","ping_status":"closed","template":"","meta":{"content-type":"","inline_featured_image":false,"_price":"","_stock":"","_tribe_ticket_header":"","_tribe_default_ticket_provider":"","_tribe_ticket_capacity":"0","_ticket_start_date":"","_ticket_end_date":"","_tribe_ticket_show_description":"","_tribe_ticket_show_not_going":false,"_tribe_ticket_use_global_stock":"","_tribe_ticket_global_stock_level":"","_global_stock_mode":"","_global_stock_cap":"","_tribe_rsvp_for_event":"","_tribe_ticket_going_count":"","_tribe_ticket_not_going_count":"","_tribe_tickets_list":"[]","_tribe_ticket_has_attendee_info_fields":false,"_EventAllDay":false,"_EventTimezone":"","_EventStartDate":"","_EventEndDate":"","_EventStartDateUTC":"","_EventEndDateUTC":"","_EventShowMap":false,"_EventShowMapLink":false,"_EventURL":"","_EventCost":"","_EventCostDescription":"","_EventCurrencySymbol":"","_EventCurrencyCode":"","_EventCurrencyPosition":"","_EventDateTimeSeparator":"","_EventTimeRangeSeparator":"","_EventOrganizerID":[],"_EventVenueID":[],"_OrganizerEmail":"","_OrganizerPhone":"","_OrganizerWebsite":"","_VenueAddress":"","_VenueCity":"","_VenueCountry":"","_VenueProvince":"","_VenueState":"","_VenueZip":"","_VenuePhone":"","_VenueURL":"","_VenueStateProvince":"","_VenueLat":"","_VenueLng":"","_VenueShowMap":false,"_VenueShowMapLink":false,"_et_pb_use_builder":"on","_et_pb_old_content":"","_et_gb_content_width":"","footnotes":"","_tec_slr_enabled":"","_tec_slr_layout":""},"class_list":["post-35736","page","type-page","status-publish","hentry"],"yoast_head":"<!-- This site is optimized with the Yoast SEO Premium plugin v26.1 (Yoast SEO v27.2) - https:\/\/yoast.com\/product\/yoast-seo-premium-wordpress\/ -->\n<title>Was ist ein ERP? Warum sollte man eines verwenden? | MCA Concept<\/title>\n<meta name=\"description\" content=\"Finden Sie heraus, was ein ERP ist, warum man diese Art von Software verwendet und wie sich ERP von CRM und CMS unterscheidet.\" \/>\n<meta name=\"robots\" content=\"index, follow, max-snippet:-1, max-image-preview:large, max-video-preview:-1\" \/>\n<link rel=\"canonical\" href=\"https:\/\/mca-software.fr\/de\/erp-was-ist\/\" \/>\n<meta property=\"og:locale\" content=\"de_DE\" \/>\n<meta property=\"og:type\" content=\"article\" \/>\n<meta property=\"og:title\" content=\"Was ist ein ERP? Warum sollte man ein ERP-System f\u00fcr seine Verwaltung verwenden?\" \/>\n<meta property=\"og:description\" content=\"Finden Sie heraus, was ein ERP ist, warum man diese Art von Software verwendet und wie sich ERP von CRM und CMS unterscheidet.\" \/>\n<meta property=\"og:url\" content=\"https:\/\/mca-software.fr\/de\/erp-was-ist\/\" \/>\n<meta property=\"og:site_name\" content=\"MCA Concept\" \/>\n<meta property=\"article:publisher\" content=\"https:\/\/www.facebook.com\/mcaconcept\/\" \/>\n<meta property=\"article:modified_time\" content=\"2023-10-26T09:22:17+00:00\" \/>\n<meta name=\"twitter:card\" content=\"summary_large_image\" \/>\n<meta name=\"twitter:site\" content=\"@McaConcept\" \/>\n<meta name=\"twitter:label1\" content=\"Gesch\u00e4tzte Lesezeit\" \/>\n\t<meta name=\"twitter:data1\" content=\"8\u00a0Minuten\" \/>\n<script type=\"application\/ld+json\" class=\"yoast-schema-graph\">{\"@context\":\"https:\/\/schema.org\",\"@graph\":[{\"@type\":\"WebPage\",\"@id\":\"https:\/\/mca-software.fr\/de\/erp-was-ist\/\",\"url\":\"https:\/\/mca-software.fr\/de\/erp-was-ist\/\",\"name\":\"Was ist ein ERP? Warum sollte man eines verwenden? | MCA Concept\",\"isPartOf\":{\"@id\":\"https:\/\/mca-software.fr\/de\/#website\"},\"datePublished\":\"2022-03-30T12:46:44+00:00\",\"dateModified\":\"2023-10-26T09:22:17+00:00\",\"description\":\"Finden Sie heraus, was ein ERP ist, warum man diese Art von Software verwendet und wie sich ERP von CRM und CMS unterscheidet.\",\"breadcrumb\":{\"@id\":\"https:\/\/mca-software.fr\/de\/erp-was-ist\/#breadcrumb\"},\"inLanguage\":\"de\",\"potentialAction\":[{\"@type\":\"ReadAction\",\"target\":[\"https:\/\/mca-software.fr\/de\/erp-was-ist\/\"]}]},{\"@type\":\"BreadcrumbList\",\"@id\":\"https:\/\/mca-software.fr\/de\/erp-was-ist\/#breadcrumb\",\"itemListElement\":[{\"@type\":\"ListItem\",\"position\":1,\"name\":\"Start\",\"item\":\"https:\/\/mca-software.fr\/de\/\"},{\"@type\":\"ListItem\",\"position\":2,\"name\":\"Was ist ein ERP? Warum sollte man ein ERP-System f\u00fcr seine Verwaltung verwenden?\"}]},{\"@type\":\"WebSite\",\"@id\":\"https:\/\/mca-software.fr\/de\/#website\",\"url\":\"https:\/\/mca-software.fr\/de\/\",\"name\":\"MCA Concept\",\"description\":\"Solutions de gestion d&#039;entreprise ERP-CRM-CMS\",\"potentialAction\":[{\"@type\":\"SearchAction\",\"target\":{\"@type\":\"EntryPoint\",\"urlTemplate\":\"https:\/\/mca-software.fr\/de\/?s={search_term_string}\"},\"query-input\":{\"@type\":\"PropertyValueSpecification\",\"valueRequired\":true,\"valueName\":\"search_term_string\"}}],\"inLanguage\":\"de\"}]}<\/script>\n<!-- \/ Yoast SEO Premium plugin. -->","yoast_head_json":{"title":"Was ist ein ERP? Warum sollte man eines verwenden? | MCA Concept","description":"Finden Sie heraus, was ein ERP ist, warum man diese Art von Software verwendet und wie sich ERP von CRM und CMS unterscheidet.","robots":{"index":"index","follow":"follow","max-snippet":"max-snippet:-1","max-image-preview":"max-image-preview:large","max-video-preview":"max-video-preview:-1"},"canonical":"https:\/\/mca-software.fr\/de\/erp-was-ist\/","og_locale":"de_DE","og_type":"article","og_title":"Was ist ein ERP? Warum sollte man ein ERP-System f\u00fcr seine Verwaltung verwenden?","og_description":"Finden Sie heraus, was ein ERP ist, warum man diese Art von Software verwendet und wie sich ERP von CRM und CMS unterscheidet.","og_url":"https:\/\/mca-software.fr\/de\/erp-was-ist\/","og_site_name":"MCA Concept","article_publisher":"https:\/\/www.facebook.com\/mcaconcept\/","article_modified_time":"2023-10-26T09:22:17+00:00","twitter_card":"summary_large_image","twitter_site":"@McaConcept","twitter_misc":{"Gesch\u00e4tzte Lesezeit":"8\u00a0Minuten"},"schema":{"@context":"https:\/\/schema.org","@graph":[{"@type":"WebPage","@id":"https:\/\/mca-software.fr\/de\/erp-was-ist\/","url":"https:\/\/mca-software.fr\/de\/erp-was-ist\/","name":"Was ist ein ERP? Warum sollte man eines verwenden? | MCA Concept","isPartOf":{"@id":"https:\/\/mca-software.fr\/de\/#website"},"datePublished":"2022-03-30T12:46:44+00:00","dateModified":"2023-10-26T09:22:17+00:00","description":"Finden Sie heraus, was ein ERP ist, warum man diese Art von Software verwendet und wie sich ERP von CRM und CMS unterscheidet.","breadcrumb":{"@id":"https:\/\/mca-software.fr\/de\/erp-was-ist\/#breadcrumb"},"inLanguage":"de","potentialAction":[{"@type":"ReadAction","target":["https:\/\/mca-software.fr\/de\/erp-was-ist\/"]}]},{"@type":"BreadcrumbList","@id":"https:\/\/mca-software.fr\/de\/erp-was-ist\/#breadcrumb","itemListElement":[{"@type":"ListItem","position":1,"name":"Start","item":"https:\/\/mca-software.fr\/de\/"},{"@type":"ListItem","position":2,"name":"Was ist ein ERP? Warum sollte man ein ERP-System f\u00fcr seine Verwaltung verwenden?"}]},{"@type":"WebSite","@id":"https:\/\/mca-software.fr\/de\/#website","url":"https:\/\/mca-software.fr\/de\/","name":"MCA Concept","description":"Solutions de gestion d&#039;entreprise ERP-CRM-CMS","potentialAction":[{"@type":"SearchAction","target":{"@type":"EntryPoint","urlTemplate":"https:\/\/mca-software.fr\/de\/?s={search_term_string}"},"query-input":{"@type":"PropertyValueSpecification","valueRequired":true,"valueName":"search_term_string"}}],"inLanguage":"de"}]}},"ticketed":false,"_links":{"self":[{"href":"https:\/\/mca-software.fr\/de\/wp-json\/wp\/v2\/pages\/35736","targetHints":{"allow":["GET"]}}],"collection":[{"href":"https:\/\/mca-software.fr\/de\/wp-json\/wp\/v2\/pages"}],"about":[{"href":"https:\/\/mca-software.fr\/de\/wp-json\/wp\/v2\/types\/page"}],"author":[{"embeddable":true,"href":"https:\/\/mca-software.fr\/de\/wp-json\/wp\/v2\/users\/11"}],"replies":[{"embeddable":true,"href":"https:\/\/mca-software.fr\/de\/wp-json\/wp\/v2\/comments?post=35736"}],"version-history":[{"count":20,"href":"https:\/\/mca-software.fr\/de\/wp-json\/wp\/v2\/pages\/35736\/revisions"}],"predecessor-version":[{"id":73127,"href":"https:\/\/mca-software.fr\/de\/wp-json\/wp\/v2\/pages\/35736\/revisions\/73127"}],"wp:attachment":[{"href":"https:\/\/mca-software.fr\/de\/wp-json\/wp\/v2\/media?parent=35736"}],"curies":[{"name":"wp","href":"https:\/\/api.w.org\/{rel}","templated":true}]}}