{"id":16577,"date":"2021-09-17T09:16:35","date_gmt":"2021-09-17T08:16:35","guid":{"rendered":"https:\/\/mca-software.fr\/die-funktionalitaeten\/letter-template\/"},"modified":"2026-03-30T11:49:07","modified_gmt":"2026-03-30T09:49:07","slug":"letter-template","status":"publish","type":"page","link":"https:\/\/mca-software.fr\/de\/die-module\/letter-template\/","title":{"rendered":"Letter Template"},"content":{"rendered":"\n<div class=\"et_pb_section_0 et_pb_section et_section_regular et_block_section\"><div class=\"et_pb_row_0 et_pb_row et_block_row v-center\"><div class=\"et_pb_column_0 et_pb_column et_pb_column_4_4 et-last-child et_block_column et_pb_css_mix_blend_mode_passthrough\"><div class=\"et_pb_text_0 et_pb_text et_pb_bg_layout_light et_pb_module et_block_module preset--module--divi-text--75a373b3-a752-4305-81e8-535fbf8079d6\"><div class=\"et_pb_text_inner\"><h1>Verwaltung<\/h1>\n<\/div><\/div><\/div><\/div><div class=\"et_pb_row_1 et_pb_row et_block_row\"><div class=\"et_pb_column_1 et_pb_column et_pb_column_4_4 et-last-child et_block_column et_pb_css_mix_blend_mode_passthrough\"><div class=\"et_pb_image_0 et_pb_image et_pb_module et_block_module\"><span class=\"et_pb_image_wrap\"><img decoding=\"async\" src=\"https:\/\/mca-software.fr\/wordpress\/wp-content\/uploads\/2021\/11\/illustration-entete-letter-template-mca-kale.png\" width=\"1079\" height=\"348\" srcset=\"https:\/\/mca-software.fr\/wordpress\/wp-content\/uploads\/2021\/11\/illustration-entete-letter-template-mca-kale.png 1079w, https:\/\/mca-software.fr\/wordpress\/wp-content\/uploads\/2021\/11\/illustration-entete-letter-template-mca-kale-980x316.png 980w, https:\/\/mca-software.fr\/wordpress\/wp-content\/uploads\/2021\/11\/illustration-entete-letter-template-mca-kale-480x155.png 480w\" sizes=\"(min-width: 0px) and (max-width: 480px) 480px, (min-width: 481px) and (max-width: 980px) 980px, (min-width: 981px) 1079px, 100vw\" class=\"wp-image-20449\" title=\"Illustration Kopfzeile Letter Template\" alt=\"Illustration der Kopfzeile des Moduls Letter Template von MCA-Kale\" \/><\/span><\/div><\/div><\/div><\/div><div class=\"et_pb_section_1 et_pb_section et_section_regular et_block_section\"><div class=\"et_pb_row_2 et_pb_row et_block_row\"><div class=\"et_pb_column_2 et_pb_column et_pb_column_4_4 et-last-child et_block_column et_pb_css_mix_blend_mode_passthrough\"><div class=\"et_pb_text_1 et_pb_text et_pb_bg_layout_light et_pb_module et_block_module preset--module--divi-text--75a373b3-a752-4305-81e8-535fbf8079d6\"><div class=\"et_pb_text_inner\"><h2>Letter template<br \/>Musterschreiben und -dokumente<\/h2>\n<\/div><\/div><\/div><\/div><div class=\"et_pb_row_3 et_pb_row et_block_row\"><div class=\"et_pb_column_3 et_pb_column et_pb_column_1_3 et_block_column et_pb_css_mix_blend_mode_passthrough\"><div class=\"et_pb_text_2 et_pb_text et_pb_bg_layout_light et_pb_module et_block_module et_pb_text_align_center preset--module--divi-text--75a373b3-a752-4305-81e8-535fbf8079d6\"><div class=\"et_pb_text_inner\"><h3 style=\"text-align: center;\">Eine vereinfachte Ausgabe<\/h3>\n<p>Fertige Vorlagen f\u00fcr Dokumente und Texte, die das Bearbeiten von Briefen, Formularen, Vertr\u00e4gen und allen anderen Dokumenten vereinfachen.<\/p>\n<\/div><\/div><\/div><div class=\"et_pb_column_4 et_pb_column et_pb_column_1_3 et_block_column et_pb_css_mix_blend_mode_passthrough\"><div class=\"et_pb_text_3 et_pb_text et_pb_bg_layout_light et_pb_module et_block_module et_pb_text_align_center preset--module--divi-text--75a373b3-a752-4305-81e8-535fbf8079d6\"><div class=\"et_pb_text_inner\"><h3 style=\"text-align: center;\">Einheitliche Dokumente<\/h3>\n<p>Logos, Hintergrundbilder, Schriftarten... Eine professionelle Formatierung, die an das Corporate Design Ihres Unternehmens angepasst werden kann.<\/p>\n<\/div><\/div><\/div><div class=\"et_pb_column_5 et_pb_column et_pb_column_1_3 et-last-child et_block_column et_pb_css_mix_blend_mode_passthrough\"><div class=\"et_pb_text_4 et_pb_text et_pb_bg_layout_light et_pb_module et_block_module et_pb_text_align_center preset--module--divi-text--75a373b3-a752-4305-81e8-535fbf8079d6\"><div class=\"et_pb_text_inner\"><h3 style=\"text-align: center;\">Mehr Personalisierung<\/h3>\n<p>Vorlagen f\u00fcr Briefe und Dokumente, die nach Kunden, Lieferanten, Interessenten oder anderem definiert sind, f\u00fcr eine auf Ihre Kontakte zugeschnittene Dokumentation.<\/p>\n<\/div><\/div><\/div><\/div><div class=\"et_pb_row_4 et_pb_row et_block_row\"><div class=\"et_pb_column_6 et_pb_column et_pb_column_4_4 et-last-child et_block_column et_pb_css_mix_blend_mode_passthrough\"><div class=\"et_pb_text_5 et_pb_text et_pb_bg_layout_light et_pb_module et_block_module preset--module--divi-text--75a373b3-a752-4305-81e8-535fbf8079d6\"><div class=\"et_pb_text_inner\"><p>Erleichtern Sie sich das Leben, indem Sie professionelle Layoutvorlagen (Templates) und Textvorlagen f\u00fcr Ihre verschiedenen Dokumente entwerfen, einschlie\u00dflich :<br \/>- Briefe (K\u00fcndigungsschreiben, Begleitschreiben, ...)<br \/>\u2013 Die Formulare,<br \/>\u2013 Die Vertr\u00e4ge,<br \/>- die Tabellen.<\/p>\n<p>Mit diesem Modul k\u00f6nnen Sie die Layouts Ihres Unternehmens einrichten. Logo, Farben, Hintergrundbild... verschiedene Elemente, die einem Dokument hinzugef\u00fcgt werden k\u00f6nnen, um seine Pr\u00e4sentation aufzupeppen.<\/p>\n<p>Sie haben die M\u00f6glichkeit, verschiedene Vorlagen je nach :<br \/>\u2013 Der Kunde,<br \/>\u2013 Der Lieferant,<br \/>\u2013 Der Interessent,<br \/>- der Anbieter (Versicherung, Bank, ...),<br \/>\u2013 Der Angestellte.<\/p>\n<p>Dar\u00fcber hinaus k\u00f6nnen Sie auch Mustertexte erstellen. Sie legen Ihre Texte f\u00fcr Mahnungen von Rechnungen, Angeboten, Vertr\u00e4gen usw. sowie Ihre Gru\u00dfformeln fest.<\/p>\n<p>Sobald Sie Ihre Layouts und Texte voreingestellt haben, m\u00fcssen Sie nur noch den Empf\u00e4nger hinzuf\u00fcgen, aus den vorhandenen Vorlagen das Layout, den Text und die Gr\u00fc\u00dfe ausw\u00e4hlen, die Sie verwenden m\u00f6chten, Ihre Unterschrift einf\u00fcgen und schon sind Sie fertig. Sie haben dann ein professionelles Formatierungsdokument, das Sie sp\u00e4ter per E-Mail versenden oder ausdrucken k\u00f6nnen.<\/p>\n<p>Wenn sie mit einer Kundendatei oder einem Projekt verkn\u00fcpft sind, werden die \u00dcbereinstimmungen automatisch in die entsprechende Datei oder das Projekt eingef\u00fcgt.<\/p>\n<p>So sparen Sie mit Layout- und Textvorlagen Zeit bei der Bearbeitung Ihrer Dokumentation und vereinheitlichen alle Ihre Dokumente.<\/p>\n<\/div><\/div><\/div><\/div><\/div><div class=\"et_pb_section_2 et_pb_section et_section_regular et_block_section\" id=\"Solutions\"><div class=\"et_pb_row_5 et_pb_row et_pb_equal_columns et_block_row\"><div class=\"et_pb_column_7 et_pb_column et_pb_column_1_2 et_block_column et_pb_css_mix_blend_mode_passthrough\"><div class=\"et_pb_image_1 et_pb_image et_animated et_pb_module et_block_module\"><a href=\"https:\/\/mca-software.fr\/logiciel-kale\/\"><span class=\"et_pb_image_wrap\"><img decoding=\"async\" src=\"https:\/\/mca-software.fr\/wordpress\/wp-content\/uploads\/2022\/07\/mca-kale-logo-refait-recadre-300x170.png\" width=\"300\" height=\"170\" srcset=\"https:\/\/mca-software.fr\/wordpress\/wp-content\/uploads\/2022\/07\/mca-kale-logo-refait-recadre-300x170.png 300w, https:\/\/mca-software.fr\/wordpress\/wp-content\/uploads\/2022\/07\/mca-kale-logo-refait-recadre-200x113.png 200w, https:\/\/mca-software.fr\/wordpress\/wp-content\/uploads\/2022\/07\/mca-kale-logo-refait-recadre.png 443w\" sizes=\"(max-width: 300px) 100vw, 300px\" class=\"wp-image-47903\" title=\"MCA Kale, umfassende Software f\u00fcr KMU und gro\u00dfe Unternehmen\" alt=\"Logo der MCA Kale-Software das einen gro\u00dfen Origami-Vogel darstellt\" \/><\/span><\/a><\/div><div class=\"et_pb_text_6 et_pb_text et_pb_bg_layout_light et_pb_module et_block_module\"><div class=\"et_pb_text_inner\"><p style=\"text-align: center;\">Software f\u00fcr gro\u00dfe Unternehmen<\/p>\n<\/div><\/div><div class=\"et_pb_module et_pb_button_module_wrapper et_pb_button_0_wrapper preset--module--divi-button--e6919fb1-d0a4-440c-891a-c76fc3d47025_wrapper\"><a class=\"et_pb_button_0 et_pb_button et_pb_bg_layout_light et_pb_module et_block_module preset--module--divi-button--e6919fb1-d0a4-440c-891a-c76fc3d47025\" href=\"https:\/\/mca-software.fr\/logiciel-kale\/\">Mehr erfahren<\/a><\/div><\/div><div class=\"et_pb_column_8 et_pb_column et_pb_column_1_2 et-last-child et_block_column et_pb_css_mix_blend_mode_passthrough\"><div class=\"et_pb_image_2 et_pb_image et_animated et_pb_module et_block_module\"><a href=\"https:\/\/mca-software.fr\/logiciel-colibri\/\"><span class=\"et_pb_image_wrap\"><img decoding=\"async\" src=\"https:\/\/mca-software.fr\/wordpress\/wp-content\/uploads\/2022\/07\/mca-colibri-logo-refait-recadre-300x170.png\" width=\"300\" height=\"170\" srcset=\"https:\/\/mca-software.fr\/wordpress\/wp-content\/uploads\/2022\/07\/mca-colibri-logo-refait-recadre-300x170.png 300w, https:\/\/mca-software.fr\/wordpress\/wp-content\/uploads\/2022\/07\/mca-colibri-logo-refait-recadre-200x114.png 200w, https:\/\/mca-software.fr\/wordpress\/wp-content\/uploads\/2022\/07\/mca-colibri-logo-refait-recadre.png 442w\" sizes=\"(max-width: 300px) 100vw, 300px\" class=\"wp-image-47907\" title=\"MCA Colibri, Rechnungs- und Buchhaltungssoftware f\u00fcr kleine Unternehmen\" alt=\"Logo der MCA Colibri-Software das einen kleinen Origami-Vogel darstellt\" \/><\/span><\/a><\/div><div class=\"et_pb_text_7 et_pb_text et_pb_bg_layout_light et_pb_module et_block_module et_pb_text_align_center\"><div class=\"et_pb_text_inner\"><p style=\"text-align: center;\">Software f\u00fcr Selbstst\u00e4ndige und Handwerker<\/p>\n<\/div><\/div><div class=\"et_pb_module et_pb_button_module_wrapper et_pb_button_1_wrapper preset--module--divi-button--e6919fb1-d0a4-440c-891a-c76fc3d47025_wrapper\"><a class=\"et_pb_button_1 et_pb_button et_pb_bg_layout_light et_pb_module et_block_module preset--module--divi-button--e6919fb1-d0a4-440c-891a-c76fc3d47025\" href=\"https:\/\/mca-software.fr\/logiciel-colibri\/\">Mehr erfahren<\/a><\/div><\/div><\/div><\/div><div class=\"et_pb_section_3 et_pb_section et_section_regular et_block_section\"><div class=\"et_pb_row_6 et_pb_row et_block_row\"><div class=\"et_pb_column_9 et_pb_column et_pb_column_4_4 et-last-child et_block_column et_pb_css_mix_blend_mode_passthrough\"><div class=\"et_pb_text_8 et_pb_text et_pb_bg_layout_light et_pb_module et_block_module preset--module--divi-text--75a373b3-a752-4305-81e8-535fbf8079d6\"><div class=\"et_pb_text_inner\"><h2>Zusammenfassend<\/h2>\n<p>Unser Service f\u00fcr Brief- und <strong>Dokumentenvorlagen<\/strong> bietet eine effektive L\u00f6sung, um die Verwaltung der Korrespondenz in Ihrem Unternehmen zu vereinfachen.<\/p>\n<p>Mit unseren erweiterten <strong>Anpassungsfunktionen<\/strong> k\u00f6nnen Sie Layout- und <strong>Textvorlagen<\/strong> erstellen, die perfekt zu Ihrem <strong>Unternehmen<\/strong> passen, indem Sie Ihr <strong>Logo<\/strong>, Ihre <strong>Farben<\/strong> und andere Elemente Ihres <strong>Corporate Designs<\/strong> einbinden.<\/p>\n<p>So sparen Sie Zeit bei der Bearbeitung von Briefen, <strong>Formularen<\/strong>, Vertr\u00e4gen und anderen Dokumenten und sorgen f\u00fcr ein <strong>professionelles Erscheinungsbild<\/strong>.<\/p>\n<p>Dar\u00fcber hinaus erm\u00f6glicht Ihnen unser <strong>Integrationssystem<\/strong>, Ihre <strong>Korrespondenz<\/strong> mit relevanten Kunden- oder Projektakten zu verkn\u00fcpfen und so eine effiziente Verwaltung Ihrer <strong>Informationen<\/strong> zu gew\u00e4hrleisten.<\/p>\n<p>Entscheiden Sie sich f\u00fcr unsere L\u00f6sung, um Ihre Planungs- und <strong>Verwaltungsvorg\u00e4nge<\/strong> zu optimieren, und nutzen Sie alle <strong>Vorteile<\/strong>, die sie Ihrem Unternehmen bietet.<\/p>\n<p>Mit unserem Service steigern Sie die <strong>Produktivit\u00e4t<\/strong> Ihres Unternehmens, indem Sie die Verwaltung Ihrer Dokumente vereinfachen und gleichzeitig ein professionelles <strong>Erscheinungsbild<\/strong> beibehalten.<\/p>\n<\/div><\/div><\/div><\/div><\/div>\n","protected":false},"excerpt":{"rendered":"","protected":false},"author":3,"featured_media":0,"parent":37853,"menu_order":0,"comment_status":"closed","ping_status":"closed","template":"","meta":{"content-type":"","inline_featured_image":false,"_price":"","_stock":"","_tribe_ticket_header":"","_tribe_default_ticket_provider":"","_tribe_ticket_capacity":"0","_ticket_start_date":"","_ticket_end_date":"","_tribe_ticket_show_description":"","_tribe_ticket_show_not_going":false,"_tribe_ticket_use_global_stock":"","_tribe_ticket_global_stock_level":"","_global_stock_mode":"","_global_stock_cap":"","_tribe_rsvp_for_event":"","_tribe_ticket_going_count":"","_tribe_ticket_not_going_count":"","_tribe_tickets_list":"[]","_tribe_ticket_has_attendee_info_fields":false,"_EventAllDay":false,"_EventTimezone":"","_EventStartDate":"","_EventEndDate":"","_EventStartDateUTC":"","_EventEndDateUTC":"","_EventShowMap":false,"_EventShowMapLink":false,"_EventURL":"","_EventCost":"","_EventCostDescription":"","_EventCurrencySymbol":"","_EventCurrencyCode":"","_EventCurrencyPosition":"","_EventDateTimeSeparator":"","_EventTimeRangeSeparator":"","_EventOrganizerID":[],"_EventVenueID":[],"_OrganizerEmail":"","_OrganizerPhone":"","_OrganizerWebsite":"","_VenueAddress":"","_VenueCity":"","_VenueCountry":"","_VenueProvince":"","_VenueState":"","_VenueZip":"","_VenuePhone":"","_VenueURL":"","_VenueStateProvince":"","_VenueLat":"","_VenueLng":"","_VenueShowMap":false,"_VenueShowMapLink":false,"footnotes":"","_tec_slr_enabled":"","_tec_slr_layout":""},"class_list":["post-16577","page","type-page","status-publish","hentry"],"yoast_head":"<!-- This site is optimized with the Yoast SEO Premium plugin v26.1 (Yoast SEO v27.2) - https:\/\/yoast.com\/product\/yoast-seo-premium-wordpress\/ -->\n<title>Musterschreiben und -dokumente | Letter Template | MCA Concept<\/title>\n<meta name=\"description\" content=\"Vereinfachen Sie sich das Leben, indem Sie Layoutvorlagen (templates) und Textvorlagen f\u00fcr Ihre verschiedenen Dokumente entwerfen.\" \/>\n<meta name=\"robots\" content=\"index, follow, max-snippet:-1, max-image-preview:large, max-video-preview:-1\" \/>\n<link rel=\"canonical\" href=\"https:\/\/mca-software.fr\/de\/die-module\/letter-template\/\" \/>\n<meta property=\"og:locale\" content=\"de_DE\" \/>\n<meta property=\"og:type\" content=\"article\" \/>\n<meta property=\"og:title\" content=\"Letter Template\" \/>\n<meta property=\"og:description\" content=\"Vereinfachen Sie sich das Leben, indem Sie Layoutvorlagen (templates) und Textvorlagen f\u00fcr Ihre verschiedenen Dokumente entwerfen.\" \/>\n<meta property=\"og:url\" content=\"https:\/\/mca-software.fr\/de\/die-module\/letter-template\/\" \/>\n<meta property=\"og:site_name\" content=\"MCA Concept\" \/>\n<meta property=\"article:publisher\" content=\"https:\/\/www.facebook.com\/mcaconcept\/\" \/>\n<meta property=\"article:modified_time\" content=\"2026-03-30T09:49:07+00:00\" \/>\n<meta name=\"twitter:card\" content=\"summary_large_image\" \/>\n<meta name=\"twitter:site\" content=\"@McaConcept\" \/>\n<script type=\"application\/ld+json\" class=\"yoast-schema-graph\">{\"@context\":\"https:\/\/schema.org\",\"@graph\":[{\"@type\":\"WebPage\",\"@id\":\"https:\/\/mca-software.fr\/de\/die-module\/letter-template\/\",\"url\":\"https:\/\/mca-software.fr\/de\/die-module\/letter-template\/\",\"name\":\"Musterschreiben und -dokumente | Letter Template | MCA Concept\",\"isPartOf\":{\"@id\":\"https:\/\/mca-software.fr\/de\/#website\"},\"datePublished\":\"2021-09-17T08:16:35+00:00\",\"dateModified\":\"2026-03-30T09:49:07+00:00\",\"description\":\"Vereinfachen Sie sich das Leben, indem Sie Layoutvorlagen (templates) und Textvorlagen f\u00fcr Ihre verschiedenen Dokumente entwerfen.\",\"breadcrumb\":{\"@id\":\"https:\/\/mca-software.fr\/de\/die-module\/letter-template\/#breadcrumb\"},\"inLanguage\":\"de\",\"potentialAction\":[{\"@type\":\"ReadAction\",\"target\":[\"https:\/\/mca-software.fr\/de\/die-module\/letter-template\/\"]}]},{\"@type\":\"BreadcrumbList\",\"@id\":\"https:\/\/mca-software.fr\/de\/die-module\/letter-template\/#breadcrumb\",\"itemListElement\":[{\"@type\":\"ListItem\",\"position\":1,\"name\":\"Start\",\"item\":\"https:\/\/mca-software.fr\/de\/\"},{\"@type\":\"ListItem\",\"position\":2,\"name\":\"Die Module\",\"item\":\"https:\/\/mca-software.fr\/de\/die-module\/\"},{\"@type\":\"ListItem\",\"position\":3,\"name\":\"Letter Template\"}]},{\"@type\":\"WebSite\",\"@id\":\"https:\/\/mca-software.fr\/de\/#website\",\"url\":\"https:\/\/mca-software.fr\/de\/\",\"name\":\"MCA Concept\",\"description\":\"Solutions de gestion d&#039;entreprise ERP-CRM-CMS\",\"potentialAction\":[{\"@type\":\"SearchAction\",\"target\":{\"@type\":\"EntryPoint\",\"urlTemplate\":\"https:\/\/mca-software.fr\/de\/?s={search_term_string}\"},\"query-input\":{\"@type\":\"PropertyValueSpecification\",\"valueRequired\":true,\"valueName\":\"search_term_string\"}}],\"inLanguage\":\"de\"}]}<\/script>\n<!-- \/ Yoast SEO Premium plugin. -->","yoast_head_json":{"title":"Musterschreiben und -dokumente | Letter Template | MCA Concept","description":"Vereinfachen Sie sich das Leben, indem Sie Layoutvorlagen (templates) und Textvorlagen f\u00fcr Ihre verschiedenen Dokumente entwerfen.","robots":{"index":"index","follow":"follow","max-snippet":"max-snippet:-1","max-image-preview":"max-image-preview:large","max-video-preview":"max-video-preview:-1"},"canonical":"https:\/\/mca-software.fr\/de\/die-module\/letter-template\/","og_locale":"de_DE","og_type":"article","og_title":"Letter Template","og_description":"Vereinfachen Sie sich das Leben, indem Sie Layoutvorlagen (templates) und Textvorlagen f\u00fcr Ihre verschiedenen Dokumente entwerfen.","og_url":"https:\/\/mca-software.fr\/de\/die-module\/letter-template\/","og_site_name":"MCA Concept","article_publisher":"https:\/\/www.facebook.com\/mcaconcept\/","article_modified_time":"2026-03-30T09:49:07+00:00","twitter_card":"summary_large_image","twitter_site":"@McaConcept","schema":{"@context":"https:\/\/schema.org","@graph":[{"@type":"WebPage","@id":"https:\/\/mca-software.fr\/de\/die-module\/letter-template\/","url":"https:\/\/mca-software.fr\/de\/die-module\/letter-template\/","name":"Musterschreiben und -dokumente | Letter Template | MCA Concept","isPartOf":{"@id":"https:\/\/mca-software.fr\/de\/#website"},"datePublished":"2021-09-17T08:16:35+00:00","dateModified":"2026-03-30T09:49:07+00:00","description":"Vereinfachen Sie sich das Leben, indem Sie Layoutvorlagen (templates) und Textvorlagen f\u00fcr Ihre verschiedenen Dokumente entwerfen.","breadcrumb":{"@id":"https:\/\/mca-software.fr\/de\/die-module\/letter-template\/#breadcrumb"},"inLanguage":"de","potentialAction":[{"@type":"ReadAction","target":["https:\/\/mca-software.fr\/de\/die-module\/letter-template\/"]}]},{"@type":"BreadcrumbList","@id":"https:\/\/mca-software.fr\/de\/die-module\/letter-template\/#breadcrumb","itemListElement":[{"@type":"ListItem","position":1,"name":"Start","item":"https:\/\/mca-software.fr\/de\/"},{"@type":"ListItem","position":2,"name":"Die Module","item":"https:\/\/mca-software.fr\/de\/die-module\/"},{"@type":"ListItem","position":3,"name":"Letter Template"}]},{"@type":"WebSite","@id":"https:\/\/mca-software.fr\/de\/#website","url":"https:\/\/mca-software.fr\/de\/","name":"MCA Concept","description":"Solutions de gestion d&#039;entreprise ERP-CRM-CMS","potentialAction":[{"@type":"SearchAction","target":{"@type":"EntryPoint","urlTemplate":"https:\/\/mca-software.fr\/de\/?s={search_term_string}"},"query-input":{"@type":"PropertyValueSpecification","valueRequired":true,"valueName":"search_term_string"}}],"inLanguage":"de"}]}},"ticketed":false,"_links":{"self":[{"href":"https:\/\/mca-software.fr\/de\/wp-json\/wp\/v2\/pages\/16577","targetHints":{"allow":["GET"]}}],"collection":[{"href":"https:\/\/mca-software.fr\/de\/wp-json\/wp\/v2\/pages"}],"about":[{"href":"https:\/\/mca-software.fr\/de\/wp-json\/wp\/v2\/types\/page"}],"author":[{"embeddable":true,"href":"https:\/\/mca-software.fr\/de\/wp-json\/wp\/v2\/users\/3"}],"replies":[{"embeddable":true,"href":"https:\/\/mca-software.fr\/de\/wp-json\/wp\/v2\/comments?post=16577"}],"version-history":[{"count":24,"href":"https:\/\/mca-software.fr\/de\/wp-json\/wp\/v2\/pages\/16577\/revisions"}],"predecessor-version":[{"id":84204,"href":"https:\/\/mca-software.fr\/de\/wp-json\/wp\/v2\/pages\/16577\/revisions\/84204"}],"up":[{"embeddable":true,"href":"https:\/\/mca-software.fr\/de\/wp-json\/wp\/v2\/pages\/37853"}],"wp:attachment":[{"href":"https:\/\/mca-software.fr\/de\/wp-json\/wp\/v2\/media?parent=16577"}],"curies":[{"name":"wp","href":"https:\/\/api.w.org\/{rel}","templated":true}]}}