{"id":16565,"date":"2021-09-17T08:27:37","date_gmt":"2021-09-17T07:27:37","guid":{"rendered":"https:\/\/mca-software.fr\/die-funktionalitaeten\/reminder\/"},"modified":"2026-03-30T11:48:57","modified_gmt":"2026-03-30T09:48:57","slug":"reminder","status":"publish","type":"page","link":"https:\/\/mca-software.fr\/de\/die-module\/reminder\/","title":{"rendered":"Reminder"},"content":{"rendered":"\n<div class=\"et_pb_section_0 et_pb_section et_section_regular et_block_section\"><div class=\"et_pb_row_0 et_pb_row et_block_row v-center\"><div class=\"et_pb_column_0 et_pb_column et_pb_column_4_4 et-last-child et_block_column et_pb_css_mix_blend_mode_passthrough\"><div class=\"et_pb_text_0 et_pb_text et_pb_bg_layout_light et_pb_module et_block_module preset--module--divi-text--75a373b3-a752-4305-81e8-535fbf8079d6\"><div class=\"et_pb_text_inner\"><h1>Verwaltung<\/h1>\n<\/div><\/div><\/div><\/div><div class=\"et_pb_row_1 et_pb_row et_block_row\"><div class=\"et_pb_column_1 et_pb_column et_pb_column_4_4 et-last-child et_block_column et_pb_css_mix_blend_mode_passthrough\"><div class=\"et_pb_image_0 et_pb_image et_pb_module et_block_module\"><span class=\"et_pb_image_wrap\"><img decoding=\"async\" src=\"https:\/\/mca-software.fr\/wordpress\/wp-content\/uploads\/2021\/11\/illustration-entete-reminder-mca-kale.png\" width=\"1079\" height=\"348\" srcset=\"https:\/\/mca-software.fr\/wordpress\/wp-content\/uploads\/2021\/11\/illustration-entete-reminder-mca-kale.png 1079w, https:\/\/mca-software.fr\/wordpress\/wp-content\/uploads\/2021\/11\/illustration-entete-reminder-mca-kale-980x316.png 980w, https:\/\/mca-software.fr\/wordpress\/wp-content\/uploads\/2021\/11\/illustration-entete-reminder-mca-kale-480x155.png 480w\" sizes=\"(min-width: 0px) and (max-width: 480px) 480px, (min-width: 481px) and (max-width: 980px) 980px, (min-width: 981px) 1079px, 100vw\" class=\"wp-image-20423\" title=\"Illustration Kopzeile Reminder\" alt=\"Illustration der Kopfzeile des Reminder-Moduls von MCA-Kale\" \/><\/span><\/div><\/div><\/div><\/div><div class=\"et_pb_section_1 et_pb_section et_section_regular et_block_section\"><div class=\"et_pb_row_2 et_pb_row et_block_row\"><div class=\"et_pb_column_2 et_pb_column et_pb_column_4_4 et-last-child et_block_column et_pb_css_mix_blend_mode_passthrough\"><div class=\"et_pb_text_1 et_pb_text et_pb_bg_layout_light et_pb_module et_block_module preset--module--divi-text--75a373b3-a752-4305-81e8-535fbf8079d6\"><div class=\"et_pb_text_inner\"><h2>Reminder<br \/>Erinnerungen<\/h2>\n<\/div><\/div><\/div><\/div><div class=\"et_pb_row_3 et_pb_row et_block_row\"><div class=\"et_pb_column_3 et_pb_column et_pb_column_1_3 et_block_column et_pb_css_mix_blend_mode_passthrough\"><div class=\"et_pb_text_2 et_pb_text et_pb_bg_layout_light et_pb_module et_block_module et_pb_text_align_center preset--module--divi-text--75a373b3-a752-4305-81e8-535fbf8079d6\"><div class=\"et_pb_text_inner\"><h3 style=\"text-align: center;\">Verfolgung der Fristen<\/h3>\n<p>Erinnerungen an f\u00e4llige Termine und Aufgaben helfen Ihnen beim Zeitmanagement Ihrer Arbeit, um Fristen einzuhalten und die Erwartungen Ihrer Kunden zu erf\u00fcllen.<\/p>\n<\/div><\/div><\/div><div class=\"et_pb_column_4 et_pb_column et_pb_column_1_3 et_block_column et_pb_css_mix_blend_mode_passthrough\"><div class=\"et_pb_text_3 et_pb_text et_pb_bg_layout_light et_pb_module et_block_module et_pb_text_align_center preset--module--divi-text--75a373b3-a752-4305-81e8-535fbf8079d6\"><div class=\"et_pb_text_inner\"><h3 style=\"text-align: center;\">Mahnen von unbezahlten Rechnungen<\/h3>\n<p>Ein vereinfachtes Management von Zahlungsausf\u00e4llen durch anpassbare automatische Mahnungen, die die Verringerung von Zahlungsverz\u00f6gerungen f\u00f6rdern.<\/p>\n<\/div><\/div><\/div><div class=\"et_pb_column_5 et_pb_column et_pb_column_1_3 et-last-child et_block_column et_pb_css_mix_blend_mode_passthrough\"><div class=\"et_pb_text_4 et_pb_text et_pb_bg_layout_light et_pb_module et_block_module et_pb_text_align_center preset--module--divi-text--75a373b3-a752-4305-81e8-535fbf8079d6\"><div class=\"et_pb_text_inner\"><h3 style=\"text-align: center;\">Treffpunkt<\/h3>\n<p>Terminerinnerungen tragen dazu bei, verpasste Termine zu reduzieren, indem sie Ihre Kunden, Partner oder Sie selbst \u00fcber bevorstehende Ereignisse informieren.<\/p>\n<\/div><\/div><\/div><\/div><div class=\"et_pb_row_4 et_pb_row et_block_row\"><div class=\"et_pb_column_6 et_pb_column et_pb_column_1_2 et_block_column et_pb_css_mix_blend_mode_passthrough\"><div class=\"et_pb_text_5 et_pb_text et_pb_bg_layout_light et_pb_module et_block_module preset--module--divi-text--75a373b3-a752-4305-81e8-535fbf8079d6\"><div class=\"et_pb_text_inner\"><p>Automatische Erinnerungen per E-Mail und SMS oder innerhalb der Software, um Sie oder einen anderen Empf\u00e4nger \u00fcber bevorstehende Fristen, zu erledigende Aktionen oder anstehende Termine zu informieren.<\/p>\n<p>Sie erstellen alle Arten von Mahnungen innerhalb der Software, einschlie\u00dflich :<br \/>- Terminerinnerung,<br \/>- F\u00e4lligkeitserinnerung,<br \/>- Zahlungserinnerung,<br \/>- Erinnerung an eine Aufgabe, die erledigt werden muss.<\/p>\n<p>Benachrichtigungen gibt es auf allen Ebenen der Software, z. B. bei Lieferscheinen, Rechnungen oder im Kalender.<\/p>\n<p>So k\u00f6nnen Sie Erinnerungen f\u00fcr verschiedene projektbezogene Fristen, aber auch f\u00fcr Aufgaben, die im Rahmen des Projekts zu erledigen sind, programmieren. Eine Benachrichtigung k\u00f6nnte Sie z. B. dar\u00fcber informieren, dass am Wochenende ein Bericht verschickt werden muss.<\/p>\n<p>Sie erstellen auch Erinnerungen f\u00fcr Ihre Kunden oder andere Kontakte, um sie \u00fcber Aktionen zu informieren, die durchgef\u00fchrt werden m\u00fcssen: die Best\u00e4tigung eines Bankkontos, die Unterzeichnung eines Dokuments, ein Formular, das ausgef\u00fcllt werden muss...<\/p>\n<\/div><\/div><\/div><div class=\"et_pb_column_7 et_pb_column et_pb_column_1_2 et-last-child et_block_column et_pb_css_mix_blend_mode_passthrough\"><div class=\"et_pb_text_6 et_pb_text et_pb_bg_layout_light et_pb_module et_block_module preset--module--divi-text--75a373b3-a752-4305-81e8-535fbf8079d6\"><div class=\"et_pb_text_inner\"><p>Mahnungen sind besonders hilfreich bei der Verwaltung von unbezahlten Rechnungen. Automatische Mahnungen, die in der von Ihnen gew\u00e4hlten H\u00e4ufigkeit verschickt werden, vereinfachen das Eintreiben Ihrer Rechnungen, da Sie nicht jede Zahlungserinnerung einzeln von Hand vornehmen m\u00fcssen. Au\u00dferdem sorgen kalenderbezogene Erinnerungen daf\u00fcr, dass weder Sie noch Ihre Kunden geplante Termine oder Besprechungen vergessen.<\/p>\n<p>Sie f\u00fcgen ganz einfach eine neue Erinnerung hinzu: Sie geben das Datum und die Uhrzeit an und f\u00fcgen dann einen Titel und einen Text hinzu. Sie legen auch fest, ob die Benachrichtigung per SMS oder E-Mail erfolgen soll. Anschlie\u00dfend geben Sie einen oder mehrere Empf\u00e4nger an, ob es sich dabei um Sie selbst oder z. B. einen Kunden handelt.<\/p>\n<p>Mahnungen k\u00f6nnen einmalig oder wiederkehrend sein. Wenn Sie eine wiederkehrende Erinnerung planen m\u00f6chten, k\u00f6nnen Sie die Wiederkehr (Tag, Monat, Jahr) festlegen und au\u00dferdem angeben, wie oft und wann sie enden soll. Mahnungen k\u00f6nnen jederzeit ausgesetzt werden.<\/p>\n<p>Sie verwalten Ihre Erinnerungen, indem Sie alle Erinnerungen, die erstellt wurden, sowie die vergangenen Erinnerungen einsehen. Sie pr\u00fcfen, welche Erinnerungen aktiv sind, welche ausgesetzt sind und \u00e4ndern die Erinnerungen nach Belieben.<\/p>\n<\/div><\/div><\/div><\/div><\/div><div class=\"et_pb_section_2 et_pb_section et_section_regular et_block_section\" id=\"Solutions\"><div class=\"et_pb_row_5 et_pb_row et_pb_equal_columns et_block_row\"><div class=\"et_pb_column_8 et_pb_column et_pb_column_1_2 et_block_column et_pb_css_mix_blend_mode_passthrough\"><div class=\"et_pb_image_1 et_pb_image et_animated et_pb_module et_block_module\"><a href=\"https:\/\/mca-software.fr\/logiciel-kale\/\"><span class=\"et_pb_image_wrap\"><img decoding=\"async\" src=\"https:\/\/mca-software.fr\/wordpress\/wp-content\/uploads\/2022\/07\/mca-kale-logo-refait-recadre-300x170.png\" width=\"300\" height=\"170\" srcset=\"https:\/\/mca-software.fr\/wordpress\/wp-content\/uploads\/2022\/07\/mca-kale-logo-refait-recadre-300x170.png 300w, https:\/\/mca-software.fr\/wordpress\/wp-content\/uploads\/2022\/07\/mca-kale-logo-refait-recadre-200x113.png 200w, https:\/\/mca-software.fr\/wordpress\/wp-content\/uploads\/2022\/07\/mca-kale-logo-refait-recadre.png 443w\" sizes=\"(max-width: 300px) 100vw, 300px\" class=\"wp-image-47903\" title=\"MCA Kale, umfassende Software f\u00fcr KMU und gro\u00dfe Unternehmen\" alt=\"Logo der MCA Kale-Software das einen gro\u00dfen Origami-Vogel darstellt\" \/><\/span><\/a><\/div><div class=\"et_pb_text_7 et_pb_text et_pb_bg_layout_light et_pb_module et_block_module\"><div class=\"et_pb_text_inner\"><p style=\"text-align: center;\">Software f\u00fcr gro\u00dfe Unternehmen<\/p>\n<\/div><\/div><div class=\"et_pb_module et_pb_button_module_wrapper et_pb_button_0_wrapper preset--module--divi-button--default_wrapper\"><a class=\"et_pb_button_0 et_pb_button et_pb_bg_layout_light et_pb_module et_block_module preset--module--divi-button--default\" href=\"https:\/\/mca-software.fr\/logiciel-kale\/\">Mehr erfahren<\/a><\/div><\/div><div class=\"et_pb_column_9 et_pb_column et_pb_column_1_2 et-last-child et_block_column et_pb_css_mix_blend_mode_passthrough\"><div class=\"et_pb_image_2 et_pb_image et_animated et_pb_module et_block_module\"><a href=\"https:\/\/mca-software.fr\/logiciel-colibri\/\"><span class=\"et_pb_image_wrap\"><img decoding=\"async\" src=\"https:\/\/mca-software.fr\/wordpress\/wp-content\/uploads\/2022\/07\/mca-colibri-logo-refait-recadre-300x170.png\" width=\"300\" height=\"170\" srcset=\"https:\/\/mca-software.fr\/wordpress\/wp-content\/uploads\/2022\/07\/mca-colibri-logo-refait-recadre-300x170.png 300w, https:\/\/mca-software.fr\/wordpress\/wp-content\/uploads\/2022\/07\/mca-colibri-logo-refait-recadre-200x114.png 200w, https:\/\/mca-software.fr\/wordpress\/wp-content\/uploads\/2022\/07\/mca-colibri-logo-refait-recadre.png 442w\" sizes=\"(max-width: 300px) 100vw, 300px\" class=\"wp-image-47907\" title=\"MCA Colibri, Rechnungs- und Buchhaltungssoftware f\u00fcr kleine Unternehmen\" alt=\"Logo der MCA Colibri-Software das einen kleinen Origami-Vogel darstellt\" \/><\/span><\/a><\/div><div class=\"et_pb_text_8 et_pb_text et_pb_bg_layout_light et_pb_module et_block_module et_pb_text_align_center\"><div class=\"et_pb_text_inner\"><p style=\"text-align: center;\">Software f\u00fcr Selbstst\u00e4ndige und Handwerker<\/p>\n<\/div><\/div><div class=\"et_pb_module et_pb_button_module_wrapper et_pb_button_1_wrapper preset--module--divi-button--default_wrapper\"><a class=\"et_pb_button_1 et_pb_button et_pb_bg_layout_light et_pb_module et_block_module preset--module--divi-button--default\" href=\"https:\/\/mca-software.fr\/logiciel-colibri\/\">Mehr erfahren<\/a><\/div><\/div><\/div><\/div><div class=\"et_pb_section_3 et_pb_section et_section_regular et_block_section\"><div class=\"et_pb_row_6 et_pb_row et_block_row\"><div class=\"et_pb_column_10 et_pb_column et_pb_column_4_4 et-last-child et_block_column et_pb_css_mix_blend_mode_passthrough\"><div class=\"et_pb_text_9 et_pb_text et_pb_bg_layout_light et_pb_module et_block_module preset--module--divi-text--75a373b3-a752-4305-81e8-535fbf8079d6\"><div class=\"et_pb_text_inner\"><h2>Zusammenfassend<\/h2>\n<p>Unsere <strong>ERP-Software<\/strong> MCA-Kale bietet ein fortschrittliches <strong>Erinnerungsmodul<\/strong>, das das <strong>Zeitmanagement<\/strong> in Ihrem <strong>Unternehmen<\/strong> vereinfacht.<\/p>\n<p>Mit diesem <strong>Modul<\/strong> k\u00f6nnen Sie problemlos Fristen, Termine und anstehende Aufgaben verfolgen. So k\u00f6nnen Sie Fristen einhalten und proaktiv auf die Erwartungen Ihrer <strong>Kunden<\/strong> reagieren.<\/p>\n<p>Unsere integrierte <strong>CRM-Software<\/strong> stellt sicher, dass Mahnungen automatisch auf die spezifischen Bed\u00fcrfnisse Ihrer <strong>Kunden<\/strong> zugeschnitten werden, was dazu beitr\u00e4gt, Zahlungsverz\u00f6gerungen zu reduzieren und das <strong>Management<\/strong> von Zahlungsausf\u00e4llen zu verbessern.<\/p>\n<p>Au\u00dferdem helfen Ihnen unsere Terminerinnerungen dabei, verpasste Termine zu vermeiden, indem Sie Ihre <strong>Kunden<\/strong>, Partner oder sich selbst \u00fcber bevorstehende Veranstaltungen informieren. Mit der M\u00f6glichkeit, Erinnerungen per <strong>SMS<\/strong> oder E-Mail zu versenden sowie in den Kalender zu integrieren, sorgt unsere <strong>Erinnerungssoftware<\/strong> f\u00fcr eine effektive <strong>Kommunikation<\/strong> und eine bessere Verwaltung Ihres <strong>Kalenders<\/strong>.<\/p>\n<p>Ob Erinnerungen an Termine, Fristen, Zahlungen oder zu erledigende Aufgaben - unser <strong>Modul<\/strong> f\u00fcr Erinnerungen passt sich Ihren Bed\u00fcrfnissen an und vereinfacht Ihre <strong>Verwaltungsprozesse<\/strong> innerhalb des Unternehmens.<\/p>\n<p>Letztendlich tr\u00e4gt es dazu bei, die <strong>Kundenzufriedenheit<\/strong> zu steigern, den Zahlungseinzug zu optimieren und die Planung Ihrer Dienstleistungen und Ihres <strong>Marketings<\/strong> zu verbessern.<\/p>\n<\/div><\/div><\/div><\/div><\/div>\n","protected":false},"excerpt":{"rendered":"","protected":false},"author":3,"featured_media":0,"parent":37853,"menu_order":0,"comment_status":"closed","ping_status":"closed","template":"","meta":{"content-type":"","inline_featured_image":false,"_price":"","_stock":"","_tribe_ticket_header":"","_tribe_default_ticket_provider":"","_tribe_ticket_capacity":"0","_ticket_start_date":"","_ticket_end_date":"","_tribe_ticket_show_description":"","_tribe_ticket_show_not_going":false,"_tribe_ticket_use_global_stock":"","_tribe_ticket_global_stock_level":"","_global_stock_mode":"","_global_stock_cap":"","_tribe_rsvp_for_event":"","_tribe_ticket_going_count":"","_tribe_ticket_not_going_count":"","_tribe_tickets_list":"[]","_tribe_ticket_has_attendee_info_fields":false,"_EventAllDay":false,"_EventTimezone":"","_EventStartDate":"","_EventEndDate":"","_EventStartDateUTC":"","_EventEndDateUTC":"","_EventShowMap":false,"_EventShowMapLink":false,"_EventURL":"","_EventCost":"","_EventCostDescription":"","_EventCurrencySymbol":"","_EventCurrencyCode":"","_EventCurrencyPosition":"","_EventDateTimeSeparator":"","_EventTimeRangeSeparator":"","_EventOrganizerID":[],"_EventVenueID":[],"_OrganizerEmail":"","_OrganizerPhone":"","_OrganizerWebsite":"","_VenueAddress":"","_VenueCity":"","_VenueCountry":"","_VenueProvince":"","_VenueState":"","_VenueZip":"","_VenuePhone":"","_VenueURL":"","_VenueStateProvince":"","_VenueLat":"","_VenueLng":"","_VenueShowMap":false,"_VenueShowMapLink":false,"footnotes":"","_tec_slr_enabled":"","_tec_slr_layout":""},"class_list":["post-16565","page","type-page","status-publish","hentry"],"yoast_head":"<!-- This site is optimized with the Yoast SEO Premium plugin v26.1 (Yoast SEO v27.2) - https:\/\/yoast.com\/product\/yoast-seo-premium-wordpress\/ -->\n<title>Automatisierte SMS- und E-Mail-Mahnungen | Reminder | MCA Concept<\/title>\n<meta name=\"description\" content=\"Automatische Mahnungen informieren Sie per SMS oder E-Mail \u00fcber verschiedene Aktionen, die im Rahmen Ihrer Verwaltung durchgef\u00fchrt werden m\u00fcssen.\" \/>\n<meta name=\"robots\" content=\"index, follow, max-snippet:-1, max-image-preview:large, max-video-preview:-1\" \/>\n<link rel=\"canonical\" href=\"https:\/\/mca-software.fr\/de\/die-module\/reminder\/\" \/>\n<meta property=\"og:locale\" content=\"de_DE\" \/>\n<meta property=\"og:type\" content=\"article\" \/>\n<meta property=\"og:title\" content=\"Reminder\" \/>\n<meta property=\"og:description\" content=\"Automatische Mahnungen informieren Sie per SMS oder E-Mail \u00fcber verschiedene Aktionen, die im Rahmen Ihrer Verwaltung durchgef\u00fchrt werden m\u00fcssen.\" \/>\n<meta property=\"og:url\" content=\"https:\/\/mca-software.fr\/de\/die-module\/reminder\/\" \/>\n<meta property=\"og:site_name\" content=\"MCA Concept\" \/>\n<meta property=\"article:publisher\" content=\"https:\/\/www.facebook.com\/mcaconcept\/\" \/>\n<meta property=\"article:modified_time\" content=\"2026-03-30T09:48:57+00:00\" \/>\n<meta name=\"twitter:card\" content=\"summary_large_image\" \/>\n<meta name=\"twitter:site\" content=\"@McaConcept\" \/>\n<script type=\"application\/ld+json\" class=\"yoast-schema-graph\">{\"@context\":\"https:\/\/schema.org\",\"@graph\":[{\"@type\":\"WebPage\",\"@id\":\"https:\/\/mca-software.fr\/de\/die-module\/reminder\/\",\"url\":\"https:\/\/mca-software.fr\/de\/die-module\/reminder\/\",\"name\":\"Automatisierte SMS- und E-Mail-Mahnungen | Reminder | MCA Concept\",\"isPartOf\":{\"@id\":\"https:\/\/mca-software.fr\/de\/#website\"},\"datePublished\":\"2021-09-17T07:27:37+00:00\",\"dateModified\":\"2026-03-30T09:48:57+00:00\",\"description\":\"Automatische Mahnungen informieren Sie per SMS oder E-Mail \u00fcber verschiedene Aktionen, die im Rahmen Ihrer Verwaltung durchgef\u00fchrt werden m\u00fcssen.\",\"breadcrumb\":{\"@id\":\"https:\/\/mca-software.fr\/de\/die-module\/reminder\/#breadcrumb\"},\"inLanguage\":\"de\",\"potentialAction\":[{\"@type\":\"ReadAction\",\"target\":[\"https:\/\/mca-software.fr\/de\/die-module\/reminder\/\"]}]},{\"@type\":\"BreadcrumbList\",\"@id\":\"https:\/\/mca-software.fr\/de\/die-module\/reminder\/#breadcrumb\",\"itemListElement\":[{\"@type\":\"ListItem\",\"position\":1,\"name\":\"Start\",\"item\":\"https:\/\/mca-software.fr\/de\/\"},{\"@type\":\"ListItem\",\"position\":2,\"name\":\"Die Module\",\"item\":\"https:\/\/mca-software.fr\/de\/die-module\/\"},{\"@type\":\"ListItem\",\"position\":3,\"name\":\"Reminder\"}]},{\"@type\":\"WebSite\",\"@id\":\"https:\/\/mca-software.fr\/de\/#website\",\"url\":\"https:\/\/mca-software.fr\/de\/\",\"name\":\"MCA Concept\",\"description\":\"Solutions de gestion d&#039;entreprise ERP-CRM-CMS\",\"potentialAction\":[{\"@type\":\"SearchAction\",\"target\":{\"@type\":\"EntryPoint\",\"urlTemplate\":\"https:\/\/mca-software.fr\/de\/?s={search_term_string}\"},\"query-input\":{\"@type\":\"PropertyValueSpecification\",\"valueRequired\":true,\"valueName\":\"search_term_string\"}}],\"inLanguage\":\"de\"}]}<\/script>\n<!-- \/ Yoast SEO Premium plugin. -->","yoast_head_json":{"title":"Automatisierte SMS- und E-Mail-Mahnungen | Reminder | MCA Concept","description":"Automatische Mahnungen informieren Sie per SMS oder E-Mail \u00fcber verschiedene Aktionen, die im Rahmen Ihrer Verwaltung durchgef\u00fchrt werden m\u00fcssen.","robots":{"index":"index","follow":"follow","max-snippet":"max-snippet:-1","max-image-preview":"max-image-preview:large","max-video-preview":"max-video-preview:-1"},"canonical":"https:\/\/mca-software.fr\/de\/die-module\/reminder\/","og_locale":"de_DE","og_type":"article","og_title":"Reminder","og_description":"Automatische Mahnungen informieren Sie per SMS oder E-Mail \u00fcber verschiedene Aktionen, die im Rahmen Ihrer Verwaltung durchgef\u00fchrt werden m\u00fcssen.","og_url":"https:\/\/mca-software.fr\/de\/die-module\/reminder\/","og_site_name":"MCA Concept","article_publisher":"https:\/\/www.facebook.com\/mcaconcept\/","article_modified_time":"2026-03-30T09:48:57+00:00","twitter_card":"summary_large_image","twitter_site":"@McaConcept","schema":{"@context":"https:\/\/schema.org","@graph":[{"@type":"WebPage","@id":"https:\/\/mca-software.fr\/de\/die-module\/reminder\/","url":"https:\/\/mca-software.fr\/de\/die-module\/reminder\/","name":"Automatisierte SMS- und E-Mail-Mahnungen | Reminder | MCA Concept","isPartOf":{"@id":"https:\/\/mca-software.fr\/de\/#website"},"datePublished":"2021-09-17T07:27:37+00:00","dateModified":"2026-03-30T09:48:57+00:00","description":"Automatische Mahnungen informieren Sie per SMS oder E-Mail \u00fcber verschiedene Aktionen, die im Rahmen Ihrer Verwaltung durchgef\u00fchrt werden m\u00fcssen.","breadcrumb":{"@id":"https:\/\/mca-software.fr\/de\/die-module\/reminder\/#breadcrumb"},"inLanguage":"de","potentialAction":[{"@type":"ReadAction","target":["https:\/\/mca-software.fr\/de\/die-module\/reminder\/"]}]},{"@type":"BreadcrumbList","@id":"https:\/\/mca-software.fr\/de\/die-module\/reminder\/#breadcrumb","itemListElement":[{"@type":"ListItem","position":1,"name":"Start","item":"https:\/\/mca-software.fr\/de\/"},{"@type":"ListItem","position":2,"name":"Die Module","item":"https:\/\/mca-software.fr\/de\/die-module\/"},{"@type":"ListItem","position":3,"name":"Reminder"}]},{"@type":"WebSite","@id":"https:\/\/mca-software.fr\/de\/#website","url":"https:\/\/mca-software.fr\/de\/","name":"MCA Concept","description":"Solutions de gestion d&#039;entreprise ERP-CRM-CMS","potentialAction":[{"@type":"SearchAction","target":{"@type":"EntryPoint","urlTemplate":"https:\/\/mca-software.fr\/de\/?s={search_term_string}"},"query-input":{"@type":"PropertyValueSpecification","valueRequired":true,"valueName":"search_term_string"}}],"inLanguage":"de"}]}},"ticketed":false,"_links":{"self":[{"href":"https:\/\/mca-software.fr\/de\/wp-json\/wp\/v2\/pages\/16565","targetHints":{"allow":["GET"]}}],"collection":[{"href":"https:\/\/mca-software.fr\/de\/wp-json\/wp\/v2\/pages"}],"about":[{"href":"https:\/\/mca-software.fr\/de\/wp-json\/wp\/v2\/types\/page"}],"author":[{"embeddable":true,"href":"https:\/\/mca-software.fr\/de\/wp-json\/wp\/v2\/users\/3"}],"replies":[{"embeddable":true,"href":"https:\/\/mca-software.fr\/de\/wp-json\/wp\/v2\/comments?post=16565"}],"version-history":[{"count":17,"href":"https:\/\/mca-software.fr\/de\/wp-json\/wp\/v2\/pages\/16565\/revisions"}],"predecessor-version":[{"id":84200,"href":"https:\/\/mca-software.fr\/de\/wp-json\/wp\/v2\/pages\/16565\/revisions\/84200"}],"up":[{"embeddable":true,"href":"https:\/\/mca-software.fr\/de\/wp-json\/wp\/v2\/pages\/37853"}],"wp:attachment":[{"href":"https:\/\/mca-software.fr\/de\/wp-json\/wp\/v2\/media?parent=16565"}],"curies":[{"name":"wp","href":"https:\/\/api.w.org\/{rel}","templated":true}]}}