{"id":13727,"date":"2021-06-24T13:43:24","date_gmt":"2021-06-24T12:43:24","guid":{"rendered":"https:\/\/mca-software.fr\/formular-mcakale\/"},"modified":"2026-03-30T11:46:44","modified_gmt":"2026-03-30T09:46:44","slug":"formular-mcakale","status":"publish","type":"page","link":"https:\/\/mca-software.fr\/de\/formular-mcakale\/","title":{"rendered":"Formular: Aufruf zum Handeln: MCA Kale"},"content":{"rendered":"\n<div class=\"et_pb_section_0 et_pb_section et_section_regular et_block_section\"><div class=\"et_pb_row_0 et_pb_row et_block_row\"><div class=\"et_pb_column_0 et_pb_column et_pb_column_4_4 et-last-child et_block_column et_pb_css_mix_blend_mode_passthrough\"><div class=\"et_pb_image_0 et_pb_image et_pb_module et_block_module\"><span class=\"et_pb_image_wrap\"><img decoding=\"async\" src=\"https:\/\/mca-software.fr\/wordpress\/wp-content\/uploads\/2020\/09\/logo-mca-kale-1.png\" width=\"250\" height=\"110\" srcset=\"https:\/\/mca-software.fr\/wordpress\/wp-content\/uploads\/2020\/09\/logo-mca-kale-1.png 250w, https:\/\/mca-software.fr\/wordpress\/wp-content\/uploads\/2020\/09\/logo-mca-kale-1-200x88.png 200w\" sizes=\"(max-width: 250px) 100vw, 250px\" class=\"wp-image-3469\" title=\"Logo von MCA Kale\" alt=\"Logo der Verwaltungssoftware MCA-Kale von MCA Concept\" \/><\/span><\/div><\/div><\/div><\/div><div class=\"et_pb_section_1 et_pb_section et_section_regular et_block_section\"><div class=\"et_pb_row_1 et_pb_row et_block_row\"><div class=\"et_pb_column_1 et_pb_column et_pb_column_4_4 et-last-child et_block_column et_pb_css_mix_blend_mode_passthrough\"><div class=\"et_pb_text_0 et_pb_text et_pb_bg_layout_light et_pb_module et_block_module preset--module--divi-text--75a373b3-a752-4305-81e8-535fbf8079d6\"><div class=\"et_pb_text_inner\"><h1>Fragen Sie nach der MCA Kale-L\u00f6sung<\/h1>\n<\/div><\/div><\/div><\/div><div class=\"et_pb_row_2 et_pb_row et_block_row\"><div class=\"et_pb_column_2 et_pb_column et_pb_column_4_4 et-last-child et_block_column et_pb_css_mix_blend_mode_passthrough\"><div class=\"et_pb_text_1 et_pb_text et_pb_bg_layout_light et_pb_module et_block_module et_pb_text_align_center preset--module--divi-text--75a373b3-a752-4305-81e8-535fbf8079d6\"><div class=\"et_pb_text_inner\"><p><strong>MCA Kale, Firmenverwaltungssystem ERP | CRM | CMS<\/strong><\/p>\n<p>Lassen Sie sich von den neuesten Funktionen \u00fcberraschen.<br \/>Die an Ihre Erwartungen angepasste L\u00f6sung durch ein multidisziplin\u00e4res professionelles Team.<\/p>\n<\/div><\/div><\/div><\/div><\/div><div class=\"et_pb_section_2 et_pb_section et_section_regular et_block_section\"><div class=\"et_pb_row_3 et_pb_row et_block_row\"><div class=\"et_pb_column_3 et_pb_column et_pb_column_4_4 et-last-child et_block_column et_pb_css_mix_blend_mode_passthrough\"><div class=\"et_pb_contact_form_0 et_pb_contact_form_container clearfix et_pb_module et_flex_module\" data-form_unique_num=\"0\" data-form_unique_id=\"09080d28-052b-4e43-aff6-6b87fcb0b274\" data-redirect_url=\"https:\/\/mca-software.fr\/remerciements\/\" id=\"et_pb_contact_form_09080d28-052b-4e43-aff6-6b87fcb0b274\"><div class=\"et-pb-contact-message\"><\/div><div class=\"et_pb_contact\"><form class=\"et_pb_contact_form et_flex_module\" method=\"post\" action=\"https:\/\/mca-software.fr\/de\/wp-json\/wp\/v2\/pages\/13727\"><div class=\"et_pb_contact_field_0 et_pb_contact_field et_pb_module et_flex_module et_flex_column_24_24 et_flex_column_24_24_tablet et_flex_column_24_24_phone\" data-id=\"entreprise\" data-type=\"input\"><label class=\"et_pb_contact_form_label\" for=\"et_pb_contact_0_entreprise_0\">Unternehmen<\/label><input type=\"text\" name=\"et_pb_contact_0_entreprise_0\" id=\"et_pb_contact_0_entreprise_0\" class=\"input\" data-required_mark=\"not_required\" data-field_type=\"input\" data-original_id=\"entreprise\" placeholder=\"Unternehmen\" title=\"\" value=\"\" \/><\/div><div class=\"et_pb_contact_field_1 et_pb_contact_field et_pb_module et_flex_module et_flex_column_24_24 et_flex_column_24_24_tablet et_flex_column_24_24_phone\" data-id=\"nom\" data-type=\"input\"><label class=\"et_pb_contact_form_label\" for=\"et_pb_contact_0_nom_1\">Nachname*<\/label><input type=\"text\" name=\"et_pb_contact_0_nom_1\" id=\"et_pb_contact_0_nom_1\" class=\"input\" data-required_mark=\"required\" data-field_type=\"input\" data-original_id=\"nom\" placeholder=\"Nachname*\" title=\"\" value=\"\" \/><\/div><div class=\"et_pb_contact_field_2 et_pb_contact_field et_pb_module et_flex_module et_flex_column_24_24 et_flex_column_24_24_tablet et_flex_column_24_24_phone\" data-id=\"prenom\" data-type=\"input\"><label class=\"et_pb_contact_form_label\" for=\"et_pb_contact_0_prenom_2\">Vorname*<\/label><input type=\"text\" name=\"et_pb_contact_0_prenom_2\" id=\"et_pb_contact_0_prenom_2\" class=\"input\" data-required_mark=\"required\" data-field_type=\"input\" data-original_id=\"prenom\" placeholder=\"Vorname*\" title=\"\" value=\"\" \/><\/div><div class=\"et_pb_contact_field_3 et_pb_contact_field et_pb_module et_flex_module et_flex_column_24_24 et_flex_column_24_24_tablet et_flex_column_24_24_phone\" data-id=\"monnaie\" data-type=\"input\"><label class=\"et_pb_contact_form_label\" for=\"et_pb_contact_0_monnaie_3\">W\u00e4hrung (CHF, EUR...)*<\/label><input type=\"text\" name=\"et_pb_contact_0_monnaie_3\" id=\"et_pb_contact_0_monnaie_3\" class=\"input\" data-required_mark=\"required\" data-field_type=\"input\" data-original_id=\"monnaie\" placeholder=\"W\u00e4hrung (CHF, EUR...)*\" title=\"\" value=\"\" \/><\/div><div class=\"et_pb_contact_field_4 et_pb_contact_field et_pb_module et_flex_module et_flex_column_24_24 et_flex_column_24_24_tablet et_flex_column_24_24_phone\" data-id=\"nombreutilisateurs\" data-type=\"select\"><label class=\"et_pb_contact_form_label\" for=\"et_pb_contact_0_nombreutilisateurs_4\">Anzahl der Benutzer<\/label><select name=\"et_pb_contact_0_nombreutilisateurs_4\" id=\"et_pb_contact_0_nombreutilisateurs_4\" class=\"et_pb_contact_select input\" data-required_mark=\"not_required\" data-field_type=\"select\" data-original_id=\"nombreutilisateurs\"><option value=\"\">Anzahl der Benutzer<\/option><option value=\"1 bis 3 Benutzer\" data-id=\"\">1 bis 3 Benutzer<\/option><option value=\"3 bis 7 Benutzer\" data-id=\"\">3 bis 7 Benutzer<\/option><option value=\"8 und mehr Benutzer\" data-id=\"\">8 und mehr Benutzer<\/option><\/select><\/div><div class=\"et_pb_contact_field_5 et_pb_contact_field et_pb_module et_flex_module et_flex_column_24_24 et_flex_column_24_24_tablet et_flex_column_24_24_phone\" data-id=\"email\" data-type=\"email\"><label class=\"et_pb_contact_form_label\" for=\"et_pb_contact_0_email_5\">Kontakt-E-Mail-Adresse*<\/label><input type=\"text\" name=\"et_pb_contact_0_email_5\" id=\"et_pb_contact_0_email_5\" class=\"input\" data-required_mark=\"required\" data-field_type=\"email\" data-original_id=\"email\" placeholder=\"Kontakt-E-Mail-Adresse*\" title=\"\" value=\"\" \/><\/div><div class=\"et_pb_contact_field_6 et_pb_contact_field et_pb_module et_flex_module et_flex_column_24_24 et_flex_column_24_24_tablet et_flex_column_24_24_phone\" data-id=\"pays\" data-type=\"input\"><label class=\"et_pb_contact_form_label\" for=\"et_pb_contact_0_pays_6\">Land<\/label><input type=\"text\" name=\"et_pb_contact_0_pays_6\" id=\"et_pb_contact_0_pays_6\" class=\"input\" data-required_mark=\"required\" data-field_type=\"input\" data-original_id=\"pays\" placeholder=\"Land\" title=\"\" value=\"\" \/><\/div><div class=\"et_pb_contact_field_7 et_pb_contact_field et_pb_module et_flex_module et_flex_column_24_24 et_flex_column_24_24_tablet et_flex_column_24_24_phone\" data-id=\"telephone\" data-type=\"input\"><label class=\"et_pb_contact_form_label\" for=\"et_pb_contact_0_telephone_7\">Telefonnummer<\/label><input type=\"text\" name=\"et_pb_contact_0_telephone_7\" id=\"et_pb_contact_0_telephone_7\" class=\"input\" data-required_mark=\"not_required\" data-field_type=\"input\" data-original_id=\"telephone\" placeholder=\"Telefonnummer\" title=\"\" value=\"\" \/><\/div><div class=\"et_pb_contact_field_8 et_pb_contact_field et_pb_module et_flex_module et_flex_column_24_24 et_flex_column_24_24_tablet et_flex_column_24_24_phone\" data-id=\"description\" data-type=\"text\"><label class=\"et_pb_contact_form_label\" for=\"et_pb_contact_0_description_8\">Beschreiben Sie hier, die gew\u00fcnschten Funktionen \/ die Struktur Ihres Unternehmens \/ andere n\u00fctzliche Informationen<\/label><textarea name=\"et_pb_contact_0_description_8\" id=\"et_pb_contact_0_description_8\" class=\"et_pb_contact_message input\" data-required_mark=\"not_required\" data-field_type=\"text\" data-original_id=\"description\" placeholder=\"Beschreiben Sie hier, die gew\u00fcnschten Funktionen \/ die Struktur Ihres Unternehmens \/ andere n\u00fctzliche Informationen\"><\/textarea><\/div><div class=\"et_pb_contact_field_9 et_pb_contact_field et_pb_module et_flex_module et_flex_column_24_24 et_flex_column_24_24_tablet et_flex_column_24_24_phone\" data-id=\"politiqueconfi\" data-type=\"checkbox\"><label class=\"et_pb_contact_form_label\">Datenschutzrichtlinie*<\/label><input type=\"hidden\" name=\"et_pb_contact_0_politiqueconfi_9\" class=\"et_pb_checkbox_handle\" data-required_mark=\"required\" data-field_type=\"checkbox\" data-original_id=\"politiqueconfi\" \/><span class=\"et_pb_contact_field_options_wrapper\"><span class=\"et_pb_contact_field_options_title\">Datenschutzrichtlinie*<\/span><span class=\"et_pb_contact_field_options_list\"><span class=\"et_pb_contact_field_checkbox\"><input type=\"checkbox\" id=\"et_pb_contact_0_politiqueconfi_9_0\" class=\"input\" value=\"Ich habe die Datenschutzbestimmungen gelesen und akzeptiere sie \" data-required_mark=\"required\" data-field_type=\"checkbox\" data-original_id=\"politiqueconfi\" \/><label for=\"et_pb_contact_0_politiqueconfi_9_0\"><i><\/i>Ich habe die Datenschutzbestimmungen gelesen und akzeptiere sie  <a target=\"_blank\" href=\"https:\/\/mca-software.fr\/politique-de-confidentialite\/\"><\/a><\/label><\/span><\/span><\/span><\/div><input type=\"hidden\" name=\"et_pb_contactform_submit_09080d28-052b-4e43-aff6-6b87fcb0b274\" value=\"et_contact_proccess\" \/><div class=\"et_contact_bottom_container\"><div class=\"et_pb_contact_right et_pb_contact_field\"><p class=\"clearfix\"><span class=\"et_pb_contact_captcha_question\">15 + 15<\/span> = <input type=\"text\" size=\"2\" class=\"input et_pb_contact_captcha\" data-first_digit=\"15\" data-second_digit=\"15\" data-required_mark=\"required\" name=\"et_pb_contact_captcha_09080d28-052b-4e43-aff6-6b87fcb0b274\" autocomplete=\"off\" \/><\/p><\/div><div class=\"et_pb_button_wrapper\"><button type=\"submit\" name=\"et_builder_submit_button\" class=\"et_pb_button et_pb_contact_submit\" data-icon=\"5\">Senden<\/button><\/div><\/div><input type=\"hidden\" id=\"_wpnonce-et-pb-contact-form-submitted-09080d28-052b-4e43-aff6-6b87fcb0b274\" name=\"_wpnonce-et-pb-contact-form-submitted-09080d28-052b-4e43-aff6-6b87fcb0b274\" value=\"9e4a19f3c4\" \/><input type=\"hidden\" name=\"_wp_http_referer\" value=\"\/de\/wp-json\/wp\/v2\/pages\/13727\" \/><\/form><\/div><\/div><\/div><\/div><\/div>\n","protected":false},"excerpt":{"rendered":"","protected":false},"author":3,"featured_media":0,"parent":0,"menu_order":0,"comment_status":"closed","ping_status":"closed","template":"","meta":{"content-type":"","inline_featured_image":false,"_price":"","_stock":"","_tribe_ticket_header":"","_tribe_default_ticket_provider":"","_tribe_ticket_capacity":"0","_ticket_start_date":"","_ticket_end_date":"","_tribe_ticket_show_description":"","_tribe_ticket_show_not_going":false,"_tribe_ticket_use_global_stock":"","_tribe_ticket_global_stock_level":"","_global_stock_mode":"","_global_stock_cap":"","_tribe_rsvp_for_event":"","_tribe_ticket_going_count":"","_tribe_ticket_not_going_count":"","_tribe_tickets_list":"[]","_tribe_ticket_has_attendee_info_fields":false,"_EventAllDay":false,"_EventTimezone":"","_EventStartDate":"","_EventEndDate":"","_EventStartDateUTC":"","_EventEndDateUTC":"","_EventShowMap":false,"_EventShowMapLink":false,"_EventURL":"","_EventCost":"","_EventCostDescription":"","_EventCurrencySymbol":"","_EventCurrencyCode":"","_EventCurrencyPosition":"","_EventDateTimeSeparator":"","_EventTimeRangeSeparator":"","_EventOrganizerID":[],"_EventVenueID":[],"_OrganizerEmail":"","_OrganizerPhone":"","_OrganizerWebsite":"","_VenueAddress":"","_VenueCity":"","_VenueCountry":"","_VenueProvince":"","_VenueState":"","_VenueZip":"","_VenuePhone":"","_VenueURL":"","_VenueStateProvince":"","_VenueLat":"","_VenueLng":"","_VenueShowMap":false,"_VenueShowMapLink":false,"footnotes":"","_tec_slr_enabled":"","_tec_slr_layout":""},"class_list":["post-13727","page","type-page","status-publish","hentry"],"yoast_head":"<!-- This site is optimized with the Yoast SEO Premium plugin v26.1 (Yoast SEO v27.2) - https:\/\/yoast.com\/product\/yoast-seo-premium-wordpress\/ -->\n<title>Formular 1. Sch\u00e4tzung des Bedarfs | MCA Kale | MCA Concept<\/title>\n<meta name=\"description\" content=\"Wenn Sie MCA Kale verwenden m\u00f6chten, f\u00fcllen Sie bitte das Formular aus, Sie werden so schnell wie m\u00f6glich von uns h\u00f6ren (Angebot).\" \/>\n<meta name=\"robots\" content=\"index, follow, max-snippet:-1, max-image-preview:large, max-video-preview:-1\" \/>\n<link rel=\"canonical\" href=\"https:\/\/mca-software.fr\/de\/formular-mcakale\/\" \/>\n<meta property=\"og:locale\" content=\"de_DE\" \/>\n<meta property=\"og:type\" content=\"article\" \/>\n<meta property=\"og:title\" content=\"Formular: Aufruf zum Handeln: MCA Kale\" \/>\n<meta property=\"og:description\" content=\"Wenn Sie MCA Kale verwenden m\u00f6chten, f\u00fcllen Sie bitte das Formular aus, Sie werden so schnell wie m\u00f6glich von uns h\u00f6ren (Angebot).\" \/>\n<meta property=\"og:url\" content=\"https:\/\/mca-software.fr\/de\/formular-mcakale\/\" \/>\n<meta property=\"og:site_name\" content=\"MCA Concept\" \/>\n<meta property=\"article:publisher\" content=\"https:\/\/www.facebook.com\/mcaconcept\/\" \/>\n<meta property=\"article:modified_time\" content=\"2026-03-30T09:46:44+00:00\" \/>\n<meta name=\"twitter:card\" content=\"summary_large_image\" \/>\n<meta name=\"twitter:site\" content=\"@McaConcept\" \/>\n<script type=\"application\/ld+json\" class=\"yoast-schema-graph\">{\"@context\":\"https:\/\/schema.org\",\"@graph\":[{\"@type\":\"WebPage\",\"@id\":\"https:\/\/mca-software.fr\/de\/formular-mcakale\/\",\"url\":\"https:\/\/mca-software.fr\/de\/formular-mcakale\/\",\"name\":\"Formular 1. Sch\u00e4tzung des Bedarfs | MCA Kale | MCA Concept\",\"isPartOf\":{\"@id\":\"https:\/\/mca-software.fr\/de\/#website\"},\"datePublished\":\"2021-06-24T12:43:24+00:00\",\"dateModified\":\"2026-03-30T09:46:44+00:00\",\"description\":\"Wenn Sie MCA Kale verwenden m\u00f6chten, f\u00fcllen Sie bitte das Formular aus, Sie werden so schnell wie m\u00f6glich von uns h\u00f6ren (Angebot).\",\"breadcrumb\":{\"@id\":\"https:\/\/mca-software.fr\/de\/formular-mcakale\/#breadcrumb\"},\"inLanguage\":\"de\",\"potentialAction\":[{\"@type\":\"ReadAction\",\"target\":[\"https:\/\/mca-software.fr\/de\/formular-mcakale\/\"]}]},{\"@type\":\"BreadcrumbList\",\"@id\":\"https:\/\/mca-software.fr\/de\/formular-mcakale\/#breadcrumb\",\"itemListElement\":[{\"@type\":\"ListItem\",\"position\":1,\"name\":\"Start\",\"item\":\"https:\/\/mca-software.fr\/de\/\"},{\"@type\":\"ListItem\",\"position\":2,\"name\":\"Formular: Aufruf zum Handeln: MCA Kale\"}]},{\"@type\":\"WebSite\",\"@id\":\"https:\/\/mca-software.fr\/de\/#website\",\"url\":\"https:\/\/mca-software.fr\/de\/\",\"name\":\"MCA Concept\",\"description\":\"Solutions de gestion d&#039;entreprise ERP-CRM-CMS\",\"potentialAction\":[{\"@type\":\"SearchAction\",\"target\":{\"@type\":\"EntryPoint\",\"urlTemplate\":\"https:\/\/mca-software.fr\/de\/?s={search_term_string}\"},\"query-input\":{\"@type\":\"PropertyValueSpecification\",\"valueRequired\":true,\"valueName\":\"search_term_string\"}}],\"inLanguage\":\"de\"}]}<\/script>\n<!-- \/ Yoast SEO Premium plugin. -->","yoast_head_json":{"title":"Formular 1. Sch\u00e4tzung des Bedarfs | MCA Kale | MCA Concept","description":"Wenn Sie MCA Kale verwenden m\u00f6chten, f\u00fcllen Sie bitte das Formular aus, Sie werden so schnell wie m\u00f6glich von uns h\u00f6ren (Angebot).","robots":{"index":"index","follow":"follow","max-snippet":"max-snippet:-1","max-image-preview":"max-image-preview:large","max-video-preview":"max-video-preview:-1"},"canonical":"https:\/\/mca-software.fr\/de\/formular-mcakale\/","og_locale":"de_DE","og_type":"article","og_title":"Formular: Aufruf zum Handeln: MCA Kale","og_description":"Wenn Sie MCA Kale verwenden m\u00f6chten, f\u00fcllen Sie bitte das Formular aus, Sie werden so schnell wie m\u00f6glich von uns h\u00f6ren (Angebot).","og_url":"https:\/\/mca-software.fr\/de\/formular-mcakale\/","og_site_name":"MCA Concept","article_publisher":"https:\/\/www.facebook.com\/mcaconcept\/","article_modified_time":"2026-03-30T09:46:44+00:00","twitter_card":"summary_large_image","twitter_site":"@McaConcept","schema":{"@context":"https:\/\/schema.org","@graph":[{"@type":"WebPage","@id":"https:\/\/mca-software.fr\/de\/formular-mcakale\/","url":"https:\/\/mca-software.fr\/de\/formular-mcakale\/","name":"Formular 1. Sch\u00e4tzung des Bedarfs | MCA Kale | MCA Concept","isPartOf":{"@id":"https:\/\/mca-software.fr\/de\/#website"},"datePublished":"2021-06-24T12:43:24+00:00","dateModified":"2026-03-30T09:46:44+00:00","description":"Wenn Sie MCA Kale verwenden m\u00f6chten, f\u00fcllen Sie bitte das Formular aus, Sie werden so schnell wie m\u00f6glich von uns h\u00f6ren (Angebot).","breadcrumb":{"@id":"https:\/\/mca-software.fr\/de\/formular-mcakale\/#breadcrumb"},"inLanguage":"de","potentialAction":[{"@type":"ReadAction","target":["https:\/\/mca-software.fr\/de\/formular-mcakale\/"]}]},{"@type":"BreadcrumbList","@id":"https:\/\/mca-software.fr\/de\/formular-mcakale\/#breadcrumb","itemListElement":[{"@type":"ListItem","position":1,"name":"Start","item":"https:\/\/mca-software.fr\/de\/"},{"@type":"ListItem","position":2,"name":"Formular: Aufruf zum Handeln: MCA Kale"}]},{"@type":"WebSite","@id":"https:\/\/mca-software.fr\/de\/#website","url":"https:\/\/mca-software.fr\/de\/","name":"MCA Concept","description":"Solutions de gestion d&#039;entreprise ERP-CRM-CMS","potentialAction":[{"@type":"SearchAction","target":{"@type":"EntryPoint","urlTemplate":"https:\/\/mca-software.fr\/de\/?s={search_term_string}"},"query-input":{"@type":"PropertyValueSpecification","valueRequired":true,"valueName":"search_term_string"}}],"inLanguage":"de"}]}},"ticketed":false,"_links":{"self":[{"href":"https:\/\/mca-software.fr\/de\/wp-json\/wp\/v2\/pages\/13727","targetHints":{"allow":["GET"]}}],"collection":[{"href":"https:\/\/mca-software.fr\/de\/wp-json\/wp\/v2\/pages"}],"about":[{"href":"https:\/\/mca-software.fr\/de\/wp-json\/wp\/v2\/types\/page"}],"author":[{"embeddable":true,"href":"https:\/\/mca-software.fr\/de\/wp-json\/wp\/v2\/users\/3"}],"replies":[{"embeddable":true,"href":"https:\/\/mca-software.fr\/de\/wp-json\/wp\/v2\/comments?post=13727"}],"version-history":[{"count":41,"href":"https:\/\/mca-software.fr\/de\/wp-json\/wp\/v2\/pages\/13727\/revisions"}],"predecessor-version":[{"id":84158,"href":"https:\/\/mca-software.fr\/de\/wp-json\/wp\/v2\/pages\/13727\/revisions\/84158"}],"wp:attachment":[{"href":"https:\/\/mca-software.fr\/de\/wp-json\/wp\/v2\/media?parent=13727"}],"curies":[{"name":"wp","href":"https:\/\/api.w.org\/{rel}","templated":true}]}}